{"id":87,"date":"2016-10-20T11:44:10","date_gmt":"2016-10-20T09:44:10","guid":{"rendered":"http:\/\/csbazois.org\/?page_id=87"},"modified":"2022-05-30T16:14:28","modified_gmt":"2022-05-30T14:14:28","slug":"territoire-dintervention","status":"publish","type":"page","link":"https:\/\/csbazois.org\/index.php\/presentation\/territoire-dintervention\/","title":{"rendered":"Territoire d&rsquo;Intervention"},"content":{"rendered":"\t\t<div data-elementor-type=\"wp-page\" data-elementor-id=\"87\" class=\"elementor elementor-87\">\n\t\t\t\t\t\t\t\t\t<section class=\"elementor-section elementor-top-section elementor-element elementor-element-dfee49 elementor-section-boxed elementor-section-height-default elementor-section-height-default\" data-id=\"dfee49\" data-element_type=\"section\">\n\t\t\t\t\t\t<div class=\"elementor-container elementor-column-gap-default\">\n\t\t\t\t\t<div class=\"elementor-column elementor-col-100 elementor-top-column elementor-element elementor-element-247c4803\" data-id=\"247c4803\" data-element_type=\"column\">\n\t\t\t<div class=\"elementor-widget-wrap elementor-element-populated\">\n\t\t\t\t\t\t\t\t<div class=\"elementor-element elementor-element-25c1cd18 elementor-widget elementor-widget-text-editor\" data-id=\"25c1cd18\" data-element_type=\"widget\" data-widget_type=\"text-editor.default\">\n\t\t\t\t<div class=\"elementor-widget-container\">\n\t\t\t<style>\/*! elementor - v3.16.0 - 17-10-2023 *\/\n.elementor-widget-text-editor.elementor-drop-cap-view-stacked .elementor-drop-cap{background-color:#69727d;color:#fff}.elementor-widget-text-editor.elementor-drop-cap-view-framed .elementor-drop-cap{color:#69727d;border:3px solid;background-color:transparent}.elementor-widget-text-editor:not(.elementor-drop-cap-view-default) .elementor-drop-cap{margin-top:8px}.elementor-widget-text-editor:not(.elementor-drop-cap-view-default) .elementor-drop-cap-letter{width:1em;height:1em}.elementor-widget-text-editor .elementor-drop-cap{float:left;text-align:center;line-height:1;font-size:50px}.elementor-widget-text-editor .elementor-drop-cap-letter{display:inline-block}<\/style>\t\t\t\t<p><a href=\"http:\/\/csbazois.org\/wp-content\/uploads\/2022\/05\/carte-bazois.jpg\" target=\"_blank\" rel=\"noopener\"><img loading=\"lazy\" decoding=\"async\" class=\"alignnone size-medium wp-image-2421 aligncenter\" src=\"http:\/\/csbazois.org\/wp-content\/uploads\/2022\/05\/carte-bazois-300x212.jpg\" alt=\"\" width=\"300\" height=\"212\" srcset=\"https:\/\/csbazois.org\/wp-content\/uploads\/2022\/05\/carte-bazois-300x212.jpg 300w, https:\/\/csbazois.org\/wp-content\/uploads\/2022\/05\/carte-bazois-1024x724.jpg 1024w, https:\/\/csbazois.org\/wp-content\/uploads\/2022\/05\/carte-bazois-768x543.jpg 768w, https:\/\/csbazois.org\/wp-content\/uploads\/2022\/05\/carte-bazois-1536x1086.jpg 1536w, https:\/\/csbazois.org\/wp-content\/uploads\/2022\/05\/carte-bazois-2048x1448.jpg 2048w\" sizes=\"auto, (max-width: 300px) 100vw, 300px\" \/><\/a><\/p><blockquote><p style=\"text-align: justify;\">Le Territoire rural regroupe 15 communes : Achun, Alluy, Aunay-en-Bazois, Biches, Brinay, Ch\u00e2tillon-en-Bazois, Chougny, Dun-sur-Grandry, Limanton, Montapas, Mont-et-Marr\u00e9, Montigny-sur-Canne, Ougny, Tamnay-en-Bazois, Tintury.<\/p><\/blockquote><p style=\"text-align: justify;\">Il se situe au c\u0153ur du d\u00e9partement de la Ni\u00e8vre, \u00e0 40 km \u00e0 l\u2019Est de Nevers.<\/p><p style=\"text-align: center;\"><strong>\u00c9volution d\u00e9mographique\u00a0<\/strong><\/p><h3 id=\"titre-tableau-POP_T1\" class=\"titre-figure titreGraphiqueImpression\" style=\"text-align: center;\">Population en historique depuis 1968<\/h3><div class=\"unite\">\u00a0<\/div><div class=\"tableau\"><div class=\"responsive-table-container\"><table id=\"produit-tableau-POP_T1\" class=\"tableau-produit aligncenter\"><caption>Population en historique depuis 1968<\/caption><tbody><tr class=\"\"><th class=\"\" scope=\"col\">\u00a0<\/th><th class=\"\" scope=\"col\">1968(*)<\/th><th class=\"\" scope=\"col\">1975(*)<\/th><th class=\"\" scope=\"col\">1982<\/th><th class=\"\" scope=\"col\">1990<\/th><th class=\"\" scope=\"col\">1999<\/th><th class=\"\" scope=\"col\">2008<\/th><th class=\"\" scope=\"col\">2013<\/th><th class=\"\" scope=\"col\">2018<\/th><\/tr><tr class=\"\"><th class=\"ligne \" scope=\"row\">Population<\/th><td class=\"nombre \">24\u00a0377<\/td><td class=\"nombre \">22\u00a0640<\/td><td class=\"nombre \">21\u00a0017<\/td><td class=\"nombre \">18\u00a0886<\/td><td class=\"nombre \">17\u00a0613<\/td><td class=\"nombre \">17\u00a0194<\/td><td class=\"nombre \">16\u00a0283<\/td><td class=\"nombre \">15\u00a0432<\/td><\/tr><tr class=\"\"><th class=\"ligne \" scope=\"row\">Densit\u00e9 moyenne (hab\/km\u00b2)<\/th><td class=\"nombre \">20,2<\/td><td class=\"nombre \">18,7<\/td><td class=\"nombre \">17,4<\/td><td class=\"nombre \">15,6<\/td><td class=\"nombre \">14,6<\/td><td class=\"nombre \">14,2<\/td><td class=\"nombre \">13,5<\/td><td class=\"nombre \">12,8<\/td><\/tr><\/tbody><\/table><\/div><\/div><ul class=\"notes\"><li class=\"\" style=\"text-align: center;\"><span style=\"font-size: 8pt;\">Sources : Insee, RP1967 \u00e0 1999 d\u00e9nombrements, RP2008 au RP2018 exploitations principales.<\/span><\/li><\/ul><p>La Population du Bazois est toujours marqu\u00e9e par un net vieillissement (pr\u00e8s de 45 % des plus de 60 ans).\u00a0<\/p><p style=\"text-align: center;\"><strong>Population par grandes tranches d&rsquo;\u00e2ges<\/strong>\u00a0\u00a0<\/p><table id=\"produit-tableau-POP_T0\" class=\"tableau-produit aligncenter\" style=\"width: 397px;\"><tbody><tr class=\"\"><th class=\"\" style=\"width: 95.8594px; text-align: center;\" scope=\"col\">\u00a0<\/th><th class=\"\" style=\"width: 43.4062px;\" scope=\"col\">2008<\/th><th class=\"\" style=\"width: 38.4375px;\" scope=\"col\">%<\/th><th class=\"\" style=\"width: 48.2812px;\" scope=\"col\">2013<\/th><th class=\"\" style=\"width: 38.4375px;\" scope=\"col\">%<\/th><th class=\"\" style=\"width: 48.1406px;\" scope=\"col\">2018<\/th><th class=\"\" style=\"width: 38.4375px;\" scope=\"col\">%<\/th><\/tr><tr class=\"\"><th class=\"ligne total \" style=\"width: 95.8594px;\" scope=\"row\">Ensemble<\/th><td class=\"nombre total \" style=\"width: 43.4062px;\">17\u00a0194<\/td><td class=\"nombre total \" style=\"width: 38.4375px;\">100,0<\/td><td class=\"nombre total \" style=\"width: 48.2812px;\">16\u00a0283<\/td><td class=\"nombre total \" style=\"width: 38.4375px;\">100,0<\/td><td class=\"nombre total \" style=\"width: 48.1406px;\">15\u00a0432<\/td><td class=\"nombre total \" style=\"width: 38.4375px;\">100,0<\/td><\/tr><tr class=\"\"><th class=\"ligne \" style=\"width: 95.8594px;\" scope=\"row\">0 \u00e0 14 ans<\/th><td class=\"nombre \" style=\"width: 43.4062px;\">2\u00a0242<\/td><td class=\"nombre \" style=\"width: 38.4375px;\">13,0<\/td><td class=\"nombre \" style=\"width: 48.2812px;\">2\u00a0011<\/td><td class=\"nombre \" style=\"width: 38.4375px;\">12,4<\/td><td class=\"nombre \" style=\"width: 48.1406px;\">1\u00a0879<\/td><td class=\"nombre \" style=\"width: 38.4375px;\">12,2<\/td><\/tr><tr class=\"\"><th class=\"ligne \" style=\"width: 95.8594px;\" scope=\"row\">15 \u00e0 29 ans<\/th><td class=\"nombre \" style=\"width: 43.4062px;\">1\u00a0865<\/td><td class=\"nombre \" style=\"width: 38.4375px;\">10,8<\/td><td class=\"nombre \" style=\"width: 48.2812px;\">1\u00a0639<\/td><td class=\"nombre \" style=\"width: 38.4375px;\">10,1<\/td><td class=\"nombre \" style=\"width: 48.1406px;\">1\u00a0562<\/td><td class=\"nombre \" style=\"width: 38.4375px;\">10,1<\/td><\/tr><tr class=\"\"><th class=\"ligne \" style=\"width: 95.8594px;\" scope=\"row\">30 \u00e0 44 ans<\/th><td class=\"nombre \" style=\"width: 43.4062px;\">2\u00a0721<\/td><td class=\"nombre \" style=\"width: 38.4375px;\">15,8<\/td><td class=\"nombre \" style=\"width: 48.2812px;\">2\u00a0167<\/td><td class=\"nombre \" style=\"width: 38.4375px;\">13,3<\/td><td class=\"nombre \" style=\"width: 48.1406px;\">1\u00a0898<\/td><td class=\"nombre \" style=\"width: 38.4375px;\">12,3<\/td><\/tr><tr class=\"\"><th class=\"ligne \" style=\"width: 95.8594px;\" scope=\"row\">45 \u00e0 59 ans<\/th><td class=\"nombre \" style=\"width: 43.4062px;\">3\u00a0781<\/td><td class=\"nombre \" style=\"width: 38.4375px;\">22,0<\/td><td class=\"nombre \" style=\"width: 48.2812px;\">3\u00a0514<\/td><td class=\"nombre \" style=\"width: 38.4375px;\">21,6<\/td><td class=\"nombre \" style=\"width: 48.1406px;\">3\u00a0151<\/td><td class=\"nombre \" style=\"width: 38.4375px;\">20,4<\/td><\/tr><tr class=\"\"><th class=\"ligne \" style=\"width: 95.8594px;\" scope=\"row\">60 \u00e0 74 ans<\/th><td class=\"nombre \" style=\"width: 43.4062px;\">3\u00a0724<\/td><td class=\"nombre \" style=\"width: 38.4375px;\">21,7<\/td><td class=\"nombre \" style=\"width: 48.2812px;\">3\u00a0975<\/td><td class=\"nombre \" style=\"width: 38.4375px;\">24,4<\/td><td class=\"nombre \" style=\"width: 48.1406px;\">4\u00a0100<\/td><td class=\"nombre \" style=\"width: 38.4375px;\">26,6<\/td><\/tr><tr class=\"\"><th class=\"ligne \" style=\"width: 95.8594px;\" scope=\"row\">75 ans ou plus<\/th><td class=\"nombre \" style=\"width: 43.4062px;\">2\u00a0862<\/td><td class=\"nombre \" style=\"width: 38.4375px;\">16,6<\/td><td class=\"nombre \" style=\"width: 48.2812px;\">2\u00a0976<\/td><td class=\"nombre \" style=\"width: 38.4375px;\">18,3<\/td><td class=\"nombre \" style=\"width: 48.1406px;\">2\u00a0843<\/td><td class=\"nombre \" style=\"text-align: center; width: 38.4375px;\">18,4<\/td><\/tr><\/tbody><\/table><p style=\"text-align: center;\"><span style=\"font-size: 8pt;\">Sources : Insee, RP2008, RP2013 et RP2018, exploitations principales, g\u00e9ographie au 01\/01\/2021<\/span><\/p><h3 id=\"titre-tableau-POP_T4\" class=\"titre-figure titreGraphiqueImpression\" style=\"text-align: center;\">Lieu de r\u00e9sidence 1 an auparavant<\/h3><div class=\"unite\">\u00a0<\/div><div class=\"tableau\"><div class=\"responsive-table-container\"><table id=\"produit-tableau-POP_T4\" class=\"tableau-produit\"><caption>Lieu de r\u00e9sidence 1 an auparavant<\/caption><tbody><tr class=\"\"><th class=\"\" scope=\"col\">\u00a0<\/th><th class=\"\" scope=\"col\">2013<\/th><th class=\"\" scope=\"col\">%<\/th><th class=\"\" scope=\"col\">2018<\/th><th class=\"\" scope=\"col\">%<\/th><\/tr><tr class=\"\"><th class=\"ligne total \" scope=\"row\">Personnes d&rsquo;1 an ou plus habitant auparavant :<\/th><td class=\"nombre total \">16\u00a0171<\/td><td class=\"nombre total \">100,0<\/td><td class=\"nombre total \">15\u00a0333<\/td><td class=\"nombre total \">100,0<\/td><\/tr><tr class=\"\"><th class=\"ligne ventilation \" scope=\"row\">Dans le m\u00eame logement<\/th><td class=\"nombre ventilation \">14\u00a0780<\/td><td class=\"nombre ventilation \">91,4<\/td><td class=\"nombre ventilation \">14\u00a0089<\/td><td class=\"nombre ventilation \">91,9<\/td><\/tr><tr class=\"\"><th class=\"ligne ventilation \" scope=\"row\">Dans un autre logement de la m\u00eame commune<\/th><td class=\"nombre ventilation \">294<\/td><td class=\"nombre ventilation \">1,8<\/td><td class=\"nombre ventilation \">325<\/td><td class=\"nombre ventilation \">2,1<\/td><\/tr><tr class=\"\"><th class=\"ligne ventilation \" scope=\"row\">Dans une autre commune<\/th><td class=\"nombre ventilation \">1\u00a0097<\/td><td class=\"nombre ventilation \">6,8<\/td><td class=\"nombre ventilation \">920<\/td><td class=\"nombre ventilation \">6,0<\/td><\/tr><\/tbody><\/table><\/div><\/div><ul class=\"notes\"><li class=\"\" style=\"text-align: center;\"><span style=\"font-size: 8pt;\">Source : Insee, RP2018 exploitation principale, g\u00e9ographie au 01\/01\/2021.<\/span><\/li><\/ul>\t\t\t\t\t\t<\/div>\n\t\t\t\t<\/div>\n\t\t\t\t\t<\/div>\n\t\t<\/div>\n\t\t\t\t\t\t\t<\/div>\n\t\t<\/section>\n\t\t\t\t\t\t\t<\/div>\n\t\t","protected":false},"excerpt":{"rendered":"<p>Le Territoire rural regroupe 15 communes : Achun, Alluy, Aunay-en-Bazois, Biches, Brinay, Ch\u00e2tillon-en-Bazois, Chougny, Dun-sur-Grandry, Limanton, Montapas, Mont-et-Marr\u00e9, Montigny-sur-Canne, Ougny, Tamnay-en-Bazois, Tintury. Il se situe au c\u0153ur du d\u00e9partement de la Ni\u00e8vre, \u00e0 40&#46;&#46;&#46;<\/p>\n","protected":false},"author":1,"featured_media":0,"parent":79,"menu_order":0,"comment_status":"closed","ping_status":"closed","template":"","meta":{"_exactmetrics_skip_tracking":false,"_exactmetrics_sitenote_active":false,"_exactmetrics_sitenote_note":"","_exactmetrics_sitenote_category":0,"footnotes":""},"class_list":["post-87","page","type-page","status-publish","hentry"],"_links":{"self":[{"href":"https:\/\/csbazois.org\/index.php\/wp-json\/wp\/v2\/pages\/87","targetHints":{"allow":["GET"]}}],"collection":[{"href":"https:\/\/csbazois.org\/index.php\/wp-json\/wp\/v2\/pages"}],"about":[{"href":"https:\/\/csbazois.org\/index.php\/wp-json\/wp\/v2\/types\/page"}],"author":[{"embeddable":true,"href":"https:\/\/csbazois.org\/index.php\/wp-json\/wp\/v2\/users\/1"}],"replies":[{"embeddable":true,"href":"https:\/\/csbazois.org\/index.php\/wp-json\/wp\/v2\/comments?post=87"}],"version-history":[{"count":61,"href":"https:\/\/csbazois.org\/index.php\/wp-json\/wp\/v2\/pages\/87\/revisions"}],"predecessor-version":[{"id":2431,"href":"https:\/\/csbazois.org\/index.php\/wp-json\/wp\/v2\/pages\/87\/revisions\/2431"}],"up":[{"embeddable":true,"href":"https:\/\/csbazois.org\/index.php\/wp-json\/wp\/v2\/pages\/79"}],"wp:attachment":[{"href":"https:\/\/csbazois.org\/index.php\/wp-json\/wp\/v2\/media?parent=87"}],"curies":[{"name":"wp","href":"https:\/\/api.w.org\/{rel}","templated":true}]}}