{"id":85,"date":"2016-10-20T11:43:58","date_gmt":"2016-10-20T09:43:58","guid":{"rendered":"http:\/\/csbazois.org\/?page_id=85"},"modified":"2025-05-02T14:05:09","modified_gmt":"2025-05-02T12:05:09","slug":"services-aux-personnes-permanences","status":"publish","type":"page","link":"https:\/\/csbazois.org\/index.php\/services-aux-personnes-permanences\/","title":{"rendered":"Services aux Personnes &#8211; Permanences"},"content":{"rendered":"\t\t<div data-elementor-type=\"wp-page\" data-elementor-id=\"85\" class=\"elementor elementor-85\">\n\t\t\t\t\t\t\t\t\t<section class=\"elementor-section elementor-top-section elementor-element elementor-element-4837f764 elementor-section-boxed elementor-section-height-default elementor-section-height-default\" data-id=\"4837f764\" data-element_type=\"section\">\n\t\t\t\t\t\t<div class=\"elementor-container elementor-column-gap-default\">\n\t\t\t\t\t<div class=\"elementor-column elementor-col-100 elementor-top-column elementor-element elementor-element-ba518fc\" data-id=\"ba518fc\" data-element_type=\"column\">\n\t\t\t<div class=\"elementor-widget-wrap elementor-element-populated\">\n\t\t\t\t\t\t\t\t<div class=\"elementor-element elementor-element-7555460 elementor-widget elementor-widget-text-editor\" data-id=\"7555460\" data-element_type=\"widget\" data-widget_type=\"text-editor.default\">\n\t\t\t\t<div class=\"elementor-widget-container\">\n\t\t\t<style>\/*! elementor - v3.16.0 - 17-10-2023 *\/\n.elementor-widget-text-editor.elementor-drop-cap-view-stacked .elementor-drop-cap{background-color:#69727d;color:#fff}.elementor-widget-text-editor.elementor-drop-cap-view-framed .elementor-drop-cap{color:#69727d;border:3px solid;background-color:transparent}.elementor-widget-text-editor:not(.elementor-drop-cap-view-default) .elementor-drop-cap{margin-top:8px}.elementor-widget-text-editor:not(.elementor-drop-cap-view-default) .elementor-drop-cap-letter{width:1em;height:1em}.elementor-widget-text-editor .elementor-drop-cap{float:left;text-align:center;line-height:1;font-size:50px}.elementor-widget-text-editor .elementor-drop-cap-letter{display:inline-block}<\/style>\t\t\t\t<p style=\"text-align: center;\"><span style=\"font-size: 14pt;\"><span style=\"color: #0000ff;\"><strong><a id=\"franceservices\"><\/a> FRANCE SERVICES<\/strong><\/span><\/span><\/p>\n<p><img loading=\"lazy\" decoding=\"async\" class=\"wp-image-1565 aligncenter\" src=\"http:\/\/csbazois.org\/wp-content\/uploads\/2020\/02\/logo_France-services_CMJN-300x300.jpg\" alt=\"\" width=\"65\" height=\"65\" srcset=\"https:\/\/csbazois.org\/wp-content\/uploads\/2020\/02\/logo_France-services_CMJN-300x300.jpg 300w, https:\/\/csbazois.org\/wp-content\/uploads\/2020\/02\/logo_France-services_CMJN-150x150.jpg 150w, https:\/\/csbazois.org\/wp-content\/uploads\/2020\/02\/logo_France-services_CMJN-768x768.jpg 768w, https:\/\/csbazois.org\/wp-content\/uploads\/2020\/02\/logo_France-services_CMJN-1024x1024.jpg 1024w, https:\/\/csbazois.org\/wp-content\/uploads\/2020\/02\/logo_France-services_CMJN-110x110.jpg 110w, https:\/\/csbazois.org\/wp-content\/uploads\/2020\/02\/logo_France-services_CMJN-70x70.jpg 70w\" sizes=\"auto, (max-width: 65px) 100vw, 65px\" \/><\/p>\n<p style=\"text-align: center;\"><a href=\"http:\/\/csbazois.org\/wp-content\/uploads\/2022\/06\/MSAP.png\" target=\"_blank\" rel=\"noopener\"><img loading=\"lazy\" decoding=\"async\" class=\"wp-image-2988 aligncenter\" src=\"http:\/\/csbazois.org\/wp-content\/uploads\/2022\/06\/MSAP-300x211.png\" alt=\"\" width=\"158\" height=\"111\" srcset=\"https:\/\/csbazois.org\/wp-content\/uploads\/2022\/06\/MSAP-300x211.png 300w, https:\/\/csbazois.org\/wp-content\/uploads\/2022\/06\/MSAP-1024x721.png 1024w, https:\/\/csbazois.org\/wp-content\/uploads\/2022\/06\/MSAP-768x541.png 768w, https:\/\/csbazois.org\/wp-content\/uploads\/2022\/06\/MSAP.png 1229w\" sizes=\"auto, (max-width: 158px) 100vw, 158px\" \/><\/a><\/p>\n<p style=\"text-align: center;\"><strong>Du Lundi au Vendredi de 9h00 \u00e0 12h15 et de 13h30 \u00e0 17h00 au Centre Social du Bazois &#8211; 1 Bis Rue de la Picherotte.<\/strong><br \/>L\u2019animatrice vous guidera et vous accompagnera si n\u00e9cessaire dans vos d\u00e9marches administratives, Elle offre aux habitants une aide, une \u00e9coute et un accompagnement de qualit\u00e9 dans leurs d\u00e9marches de la vie quotidienne\u00a0: aides et prestations sociales, emploi, insertion, retraite, \u00e9nergie, pr\u00e9vention sant\u00e9, acc\u00e8s aux droits,\u00a0 mobilit\u00e9, vie associative\u2026<\/p>\n<p style=\"text-align: center;\">Elle d\u00e9livre un premier niveau d\u2019information et d\u2019accompagnement\u00a0 de plusieurs natures\u00a0:<\/p>\n<ul style=\"text-align: center;\">\n<li><strong>Accueil, information et orientation\u00a0<\/strong>: documentation, orientation vers le bon interlocuteur, information sur les droits et prestations (allocations, l\u00e9gislation du travail, formation)\u2026<\/li>\n<li><strong>Aide \u00e0 l\u2019utilisation des services en ligne\u00a0<\/strong>: t\u00e9l\u00e9 d\u00e9claration, inscription et mise \u00e0 jour de son espace personnel, aide \u00e0 la recherche d\u2019emploi, candidature en ligne\u2026<\/li>\n<li><strong>Aide aux d\u00e9marches administratives\u00a0<\/strong>: compr\u00e9hension des courriers administratifs, constitution de dossiers, \u2026<\/li>\n<li><strong>Mise en relation avec les partenaires\u00a0<\/strong>: prise de rendez-vous, permanences partenaires dans les locaux de la Maison de services au public, entretien \u00e0 distance \u2026<\/li>\n<\/ul>\n<p style=\"text-align: center;\">L\u2019usager peut obtenir une r\u00e9ponse rapide ou \u00eatre mis en contact avec l\u2019organisme partenaire. Vous pourrez obtenir diff\u00e9rentes informations avec nos partenaires :<\/p>\n<table style=\"border-collapse: collapse; width: 100%;\" border=\"1\">\n<tbody>\n<tr>\n<td style=\"width: 51.8303%; text-align: center;\"><a href=\"http:\/\/ameli.fr\" target=\"_blank\" rel=\"noopener\"><img loading=\"lazy\" decoding=\"async\" class=\"alignnone wp-image-3006\" src=\"http:\/\/csbazois.org\/wp-content\/uploads\/2022\/06\/logo-cpam-300x140.jpg\" alt=\"\" width=\"154\" height=\"72\" srcset=\"https:\/\/csbazois.org\/wp-content\/uploads\/2022\/06\/logo-cpam-300x140.jpg 300w, https:\/\/csbazois.org\/wp-content\/uploads\/2022\/06\/logo-cpam.jpg 329w\" sizes=\"auto, (max-width: 154px) 100vw, 154px\" \/><\/a><\/td>\n<td style=\"width: 48.1697%; text-align: center;\"><a href=\"http:\/\/www.pole-emploi.fr\/accueil\/\" target=\"_blank\" rel=\"noopener\"><img loading=\"lazy\" decoding=\"async\" class=\"alignnone wp-image-3008\" src=\"http:\/\/csbazois.org\/wp-content\/uploads\/2022\/06\/logo-pole-emploi.jpg\" alt=\"\" width=\"113\" height=\"63\" \/><\/a><\/td>\n<\/tr>\n<tr>\n<td style=\"width: 51.8303%; text-align: center;\"><a href=\"http:\/\/caf.fr\" target=\"_blank\" rel=\"noopener\"><img loading=\"lazy\" decoding=\"async\" class=\"alignnone wp-image-3005\" src=\"http:\/\/csbazois.org\/wp-content\/uploads\/2022\/06\/logo-caf.png\" alt=\"\" width=\"136\" height=\"100\" \/><\/a><\/td>\n<td style=\"width: 48.1697%; text-align: center;\"><a href=\"https:\/\/www.msa.fr\/lfp\" target=\"_blank\" rel=\"noopener\"><img loading=\"lazy\" decoding=\"async\" class=\"alignnone wp-image-3007\" src=\"http:\/\/csbazois.org\/wp-content\/uploads\/2022\/06\/logo-msa-300x140.png\" alt=\"\" width=\"108\" height=\"50\" srcset=\"https:\/\/csbazois.org\/wp-content\/uploads\/2022\/06\/logo-msa-300x140.png 300w, https:\/\/csbazois.org\/wp-content\/uploads\/2022\/06\/logo-msa.png 329w\" sizes=\"auto, (max-width: 108px) 100vw, 108px\" \/><\/a><\/td>\n<\/tr>\n<tr>\n<td style=\"width: 51.8303%; text-align: center;\"><a href=\"http:\/\/www.ants.gouv.fr\" target=\"_blank\" rel=\"noopener\"><img loading=\"lazy\" decoding=\"async\" class=\"alignnone wp-image-3004\" src=\"http:\/\/csbazois.org\/wp-content\/uploads\/2022\/06\/logo-ants.png\" alt=\"\" width=\"110\" height=\"110\" srcset=\"https:\/\/csbazois.org\/wp-content\/uploads\/2022\/06\/logo-ants.png 225w, https:\/\/csbazois.org\/wp-content\/uploads\/2022\/06\/logo-ants-150x150.png 150w, https:\/\/csbazois.org\/wp-content\/uploads\/2022\/06\/logo-ants-80x80.png 80w\" sizes=\"auto, (max-width: 110px) 100vw, 110px\" \/><\/a><\/td>\n<td style=\"width: 48.1697%; text-align: center;\">\u00a0<\/td>\n<\/tr>\n<\/tbody>\n<\/table>\n<p style=\"text-align: center;\">\u00a0<\/p>\n<p style=\"text-align: center;\"><span style=\"color: #0000ff; font-family: arial,helvetica,sans-serif; font-size: 14pt;\"><strong>PERMANENCES<\/strong><\/span><\/p>\n<p>\u00a0<\/p>\n<p style=\"text-align: center;\"><span style=\"color: #0000ff; font-family: arial,helvetica,sans-serif; font-size: 12pt;\"><strong>MISSION LOCALE<\/strong><\/span><\/p>\n<p style=\"text-align: center;\">\u00a0<\/p>\n<p style=\"text-align: center;\"><a href=\"http:\/\/csbazois.org\/wp-content\/uploads\/2022\/06\/milo.png\" target=\"_blank\" rel=\"noopener\"><img loading=\"lazy\" decoding=\"async\" class=\"alignnone size-medium wp-image-2994\" src=\"http:\/\/csbazois.org\/wp-content\/uploads\/2022\/06\/milo-300x79.png\" alt=\"\" width=\"300\" height=\"79\" srcset=\"https:\/\/csbazois.org\/wp-content\/uploads\/2022\/06\/milo-300x79.png 300w, https:\/\/csbazois.org\/wp-content\/uploads\/2022\/06\/milo-768x202.png 768w, https:\/\/csbazois.org\/wp-content\/uploads\/2022\/06\/milo.png 787w\" sizes=\"auto, (max-width: 300px) 100vw, 300px\" \/><\/a><\/p>\n<p>\u00a0<\/p>\n<p style=\"text-align: center;\">La mission locale accueille tous les jeunes en recherche d\u2019emploi, acc\u00e8s au logement et \u00e0 la sant\u00e9, aide financi\u00e8re, aide \u00e0 la construction de vos projets\u2026<br \/>Le Conseiller de la Mission Locale tient une permanence dans les locaux du Centre Social.<\/p>\n<p style=\"text-align: center;\">Permanence au Centre Social du Bazois le Mercredi de\u00a09h00 \u00e0 12h00. Prendre rendez-vous aupr\u00e8s de la Mission Locale 03.86.85.29.21 (Maison de la Solidarit\u00e9) ou \u00e0 l\u2019accueil du Centre Social.<\/p>\n<p style=\"text-align: center;\"><strong><span style=\"color: #0000ff; font-family: arial,helvetica,sans-serif; font-size: 12pt;\">SERVICE SOCIAL DU CONSEIL DEPARTEMENTAL<\/span><\/strong><\/p>\n<p style=\"text-align: center;\"><a href=\"http:\/\/csbazois.org\/wp-content\/uploads\/2022\/06\/AS.png\" target=\"_blank\" rel=\"noopener\"><img loading=\"lazy\" decoding=\"async\" class=\"alignnone size-medium wp-image-2995\" src=\"http:\/\/csbazois.org\/wp-content\/uploads\/2022\/06\/AS-300x69.png\" alt=\"\" width=\"300\" height=\"69\" srcset=\"https:\/\/csbazois.org\/wp-content\/uploads\/2022\/06\/AS-300x69.png 300w, https:\/\/csbazois.org\/wp-content\/uploads\/2022\/06\/AS-768x176.png 768w, https:\/\/csbazois.org\/wp-content\/uploads\/2022\/06\/AS.png 805w\" sizes=\"auto, (max-width: 300px) 100vw, 300px\" \/><\/a><\/p>\n<p style=\"text-align: center;\">Permanences au Centre Social du Bazois le Mardi et Jeudi matin sur Rendez-vous \u00e0 prendre aupr\u00e8s du Secr\u00e9tariat de Ch\u00e2teau-Chinon au 03.86.79.47.40.<\/p>\n<p style=\"text-align: center;\"><strong><em>Assistante Sociale\u00a0<\/em><\/strong>pour les communes de : Achun, Alluy, Aunay en Bazois, Bazolles, Chatillon en Bazois, Biches, Brinay, Chougny, Dun sur Grandry, \u00a0Limanton, Mont et Marr\u00e9, Montigny Sur Canne, Tintury, Ougny, Tamnay en Bazois.<\/p>\n<p style=\"text-align: center;\">\u00a0<\/p>\n<p style=\"text-align: center;\"><span style=\"color: #0000ff;\"><span style=\"font-family: arial,helvetica,sans-serif; font-size: 14pt;\"><strong>PORTAGE DE REPAS A DOMICILE <\/strong><\/span>(Agr\u00e9\u00e9 Arr\u00eat\u00e9 du 11 Janvier 2011)<\/span><\/p>\n<p style=\"text-align: center;\">\u00a0<\/p>\n<p style=\"text-align: center;\"><img loading=\"lazy\" decoding=\"async\" class=\"alignnone  wp-image-4715\" src=\"http:\/\/csbazois.org\/wp-content\/uploads\/2025\/05\/Capture-decran-2025-05-02-140423-300x211.jpg\" alt=\"\" width=\"380\" height=\"267\" srcset=\"https:\/\/csbazois.org\/wp-content\/uploads\/2025\/05\/Capture-decran-2025-05-02-140423-300x211.jpg 300w, https:\/\/csbazois.org\/wp-content\/uploads\/2025\/05\/Capture-decran-2025-05-02-140423-1024x721.jpg 1024w, https:\/\/csbazois.org\/wp-content\/uploads\/2025\/05\/Capture-decran-2025-05-02-140423-768x541.jpg 768w, https:\/\/csbazois.org\/wp-content\/uploads\/2025\/05\/Capture-decran-2025-05-02-140423.jpg 1352w\" sizes=\"auto, (max-width: 380px) 100vw, 380px\" \/><\/p>\n<p style=\"text-align: center;\">Ce service a pour mission de fournir au domicile des personnes des repas complets, \u00e9quilibr\u00e9s, respectueux, si m\u00e9dicalement prescrits, des divers r\u00e9gimes alimentaires.<\/p>\n<p style=\"text-align: center;\">Ce service s\u2019adresse \u00e0 des personnes qui ne peuvent pas assurer temporairement ou d\u00e9finitivement la confection de leurs repas. Elles peuvent avoir plus de 60 ans et \u00eatre en perte d\u2019autonomie, mais aussi avoir moins de 60 ans et \u00eatre malades et\/ou handicap\u00e9es.<\/p>\n<p style=\"text-align: center;\">Un repas se compose toujours d\u2019une entr\u00e9e, d\u2019une viande ou d\u2019un poisson et d\u2019un l\u00e9gume, d\u2019un laitage et d\u2019un dessert ou d\u2019un fruit. Il lui est adjoint un potage et de \u00bc de pain.<\/p>\n<p style=\"text-align: center;\">Les repas sont fabriqu\u00e9s\u00a0par SOGIREST\u00a0\u00e0 MONTLUCON et\u00a0 sont achemin\u00e9s en liaison froide par un v\u00e9hicule r\u00e9frig\u00e9r\u00e9.<\/p>\n<p style=\"text-align: center;\">La personne, salari\u00e9e du Centre Social, d\u00e9pose les repas dans le frigidaire du b\u00e9n\u00e9ficiaire. Les livraisons s\u2019effectuent les lundi, mercredi et vendredi apr\u00e8s-midi. Une facture est adress\u00e9e au b\u00e9n\u00e9ficiaire par quinzaine.<\/p>\n<p style=\"text-align: center;\">Des Caisses de retraites ou l\u2019APA peuvent, sous certaines conditions, prendre en charge financi\u00e8rement une partie de la facture.<\/p>\n<p style=\"text-align: center;\">Tarif des repas livr\u00e9s (au 01\/01\/2024) : 13,50 \u20ac par repas pour les b\u00e9n\u00e9ficiaires des communes adh\u00e9rentes au Centre Social, et 15,00 \u20ac par repas pour les b\u00e9n\u00e9ficiaires des communes non adh\u00e9rentes au Centre Social.<\/p>\n<p style=\"text-align: center;\">\u00a0<\/p>\n<p style=\"text-align: center;\"><span style=\"color: #0000ff; font-family: arial,helvetica,sans-serif; font-size: 14pt;\"><strong><a id=\"spasad\"><\/a>SERVICE POLYVALENT D\u2019AIDE ET DE SOINS A DOMICILE<\/strong> <\/span><\/p>\n<p style=\"text-align: center;\">(Arr\u00eat\u00e9 ARSBFC\/DA\/2020-106, du 17 Novembre 2020, portant renouvellement de l&rsquo;autorisation d\u00e9livr\u00e9e au Centre Social du Bazois pour le fonctionnement du Service Polyvalent d\u2019Aide et de Soins \u00e0 Domicile pour 15 ans )<\/p>\n<p style=\"text-align: center;\">Ce service assure les missions d\u2019un service de soins infirmiers \u00e0 domicile (SSIAD) et les missions d\u2019un service d\u2019aide et d\u2019accompagnement \u00e0 domicile (SAAD). Il participe au soutien \u00e0 domicile, \u00e0 la pr\u00e9servation ou la restauration de l\u2019autonomie dans l\u2019exercice des activit\u00e9s de la vie quotidienne et au maintien ou au d\u00e9veloppement des activit\u00e9s sociales en lien avec l\u2019entourage.<\/p>\n<p style=\"text-align: center;\"><span style=\"color: #0000ff;\"><span style=\"font-family: arial,helvetica,sans-serif; font-size: 14pt;\"><strong>SERVICE D\u2019AIDE ET D\u2019ACCOMPAGNEMENT A DOMICILE (SAAD) <\/strong><\/span>(Autoris\u00e9 Arr\u00eat\u00e9 du 22 D\u00e9cembre 2020).<\/span><\/p>\n<p style=\"text-align: center;\"><span style=\"color: #000000;\">Il assure au domicile des personnes (ou \u00e0 partir de leur domicile) des prestations de services m\u00e9nagers et des prestations d\u2019aide \u00e0 la personne pour les activit\u00e9s ordinaires de la vie et les actes essentiels lorsque ceux-ci sont assimil\u00e9s \u00e0 des actes de la vie quotidienne, hors ceux r\u00e9alis\u00e9s, sur prescription m\u00e9dicale par le SSIAD.<\/span><\/p>\n<p style=\"text-align: center;\"><span style=\"color: #000000;\">Ces prestations s\u2019inscrivent dans un projet individualis\u00e9 \u00e9labor\u00e9 \u00e0 partir d\u2019une \u00e9valuation globale des besoins de la personne. Les interventions sont assur\u00e9es par des auxiliaires de vie sociale et par des assistantes de vie (ou dipl\u00f4me \u00e9quivalent).<\/span><br \/><span style=\"color: #000000;\"> Le Conseil D\u00e9partemental par l\u2019interm\u00e9diaire de l\u2019APA (Allocation Personnalis\u00e9e \u00e0 l\u2019Autonomie), les Caisses de retraites, les Mutuelles peuvent sous <\/span><span style=\"color: #000000;\">certaines conditions prendre en charge financi\u00e8rement une partie de la facture.<\/span><\/p>\n<p style=\"text-align: center;\"><span style=\"color: #000000;\">Co\u00fbt Horaire : 27.83 \u20ac au 1er Mai 2024.<\/span><\/p>\n<p style=\"text-align: center;\">Le Centre Social remet gratuitement un devis personnalis\u00e9 au consommateur \u00e0 qui il propose une prestation ou un ensemble de prestations dont le prix total est sup\u00e9rieur ou \u00e9gal \u00e0 100 \u20ac TTC ou au consommateur qui lui en fait la demande.<\/p>\n<p style=\"text-align: center;\"><strong><u>Contestation ou r\u00e9clamation<\/u><\/strong><\/p>\n<p style=\"text-align: center;\">Dans le cas d\u2019un conflit non r\u00e9solu avec le Centre Social, le b\u00e9n\u00e9ficiaire a la possibilit\u00e9 de faire appel \u00e0 des personnes qualifi\u00e9es d\u00e9sign\u00e9es par le Pr\u00e9fet et le Pr\u00e9sident du Conseil D\u00e9partemental (coordonn\u00e9es sur la liste remise dans le livret d\u2019accueil \u00ab\u00a0Faire valoir ses droits\u00a0\u00bb). Ces personnes sont susceptibles d\u2019intervenir en tant que m\u00e9diateur dans le traitement des litiges et contentieux.<\/p>\n<p style=\"text-align: center;\"><span style=\"color: #0000ff; font-family: arial,helvetica,sans-serif; font-size: 14pt;\"><strong>SERVICE DE SOINS A DOMICILE (SSIAD)<\/strong><\/span>\u00a0<\/p>\n<p style=\"text-align: center;\"><span style=\"color: #0000ff;\">(Arr\u00eat\u00e9 pr\u00e9fectoral du 20 Ao\u00fbt 1993).<\/span><\/p>\n<p style=\"text-align: center;\"><img loading=\"lazy\" decoding=\"async\" class=\"rg_ic rg_i alignnone\" src=\"https:\/\/encrypted-tbn1.gstatic.com\/images?q=tbn:ANd9GcQzz4FId2RUnx163DCXbBEhAUMNRPZoXVxd1emhjV6G9xqtYr1c\" alt=\"R\u00e9sultat de recherche d'images pour \" width=\"760\" height=\"391\" name=\"3j398_jFFXLPeM:\" data-src=\"https:\/\/encrypted-tbn1.gstatic.com\/images?q=tbn:ANd9GcQzz4FId2RUnx163DCXbBEhAUMNRPZoXVxd1emhjV6G9xqtYr1c\" data-sz=\"f\" \/><\/p>\n<p style=\"text-align: center;\">Il assure sur prescription m\u00e9dicale des prestations de soins infirmiers sous la forme de soins techniques ou de soins de base et relationnels aupr\u00e8s de personnes de 60 ans et +, malade et\/ou d\u00e9pendante, de personnes adultes de moins de 60 ans pr\u00e9sentant un handicap et de personnes \u00e2g\u00e9es de moins de 60 ans atteintes de maladies chroniques qui vivent \u00e0 leur domicile sur les cantons de Ch\u00e2tillon en Bazois et de Saint Saulge.<\/p>\n<p style=\"text-align: center;\">Les interventions sont assur\u00e9es par des aides-soignantes qui concourent \u00e0 l\u2019accomplissement des actes essentiels de la vie, tels que la toilette, l\u2019habillage, la mobilisation et les transferts en fonction des capacit\u00e9s restantes. Les soins infirmiers techniques sont assur\u00e9s par des infirmiers(\u00e8res) lib\u00e9raux(les) ou salari\u00e9s(es) de la Croix Rouge Fran\u00e7aise qui ont sign\u00e9 une convention avec le Centre Social.<br \/>Ce service est financ\u00e9 \u00e0 100% par la S\u00e9curit\u00e9 Sociale.<\/p>\n<p style=\"text-align: center;\"><strong><span style=\"color: #0000ff;\">\u00a0<\/span><\/strong><\/p>\n<p><!-- wp:paragraph --><\/p>\n<p style=\"text-align: center;\">\u00a0<\/p>\n<p><!-- \/wp:paragraph --><\/p>\t\t\t\t\t\t<\/div>\n\t\t\t\t<\/div>\n\t\t\t\t\t<\/div>\n\t\t<\/div>\n\t\t\t\t\t\t\t<\/div>\n\t\t<\/section>\n\t\t\t\t\t\t\t<\/div>\n\t\t","protected":false},"excerpt":{"rendered":"<p>FRANCE SERVICES Du Lundi au Vendredi de 9h00 \u00e0 12h15 et de 13h30 \u00e0 17h00 au Centre Social du Bazois &#8211; 1 Bis Rue de la Picherotte.L\u2019animatrice vous guidera et vous accompagnera si n\u00e9cessaire&#46;&#46;&#46;<\/p>\n","protected":false},"author":1,"featured_media":0,"parent":0,"menu_order":0,"comment_status":"closed","ping_status":"closed","template":"","meta":{"_exactmetrics_skip_tracking":false,"_exactmetrics_sitenote_active":false,"_exactmetrics_sitenote_note":"","_exactmetrics_sitenote_category":0,"footnotes":""},"class_list":["post-85","page","type-page","status-publish","hentry"],"_links":{"self":[{"href":"https:\/\/csbazois.org\/index.php\/wp-json\/wp\/v2\/pages\/85","targetHints":{"allow":["GET"]}}],"collection":[{"href":"https:\/\/csbazois.org\/index.php\/wp-json\/wp\/v2\/pages"}],"about":[{"href":"https:\/\/csbazois.org\/index.php\/wp-json\/wp\/v2\/types\/page"}],"author":[{"embeddable":true,"href":"https:\/\/csbazois.org\/index.php\/wp-json\/wp\/v2\/users\/1"}],"replies":[{"embeddable":true,"href":"https:\/\/csbazois.org\/index.php\/wp-json\/wp\/v2\/comments?post=85"}],"version-history":[{"count":99,"href":"https:\/\/csbazois.org\/index.php\/wp-json\/wp\/v2\/pages\/85\/revisions"}],"predecessor-version":[{"id":4718,"href":"https:\/\/csbazois.org\/index.php\/wp-json\/wp\/v2\/pages\/85\/revisions\/4718"}],"wp:attachment":[{"href":"https:\/\/csbazois.org\/index.php\/wp-json\/wp\/v2\/media?parent=85"}],"curies":[{"name":"wp","href":"https:\/\/api.w.org\/{rel}","templated":true}]}}