{"id":81,"date":"2016-10-20T11:43:27","date_gmt":"2016-10-20T09:43:27","guid":{"rendered":"http:\/\/csbazois.org\/?page_id=81"},"modified":"2023-07-19T14:12:57","modified_gmt":"2023-07-19T12:12:57","slug":"projet-social","status":"publish","type":"page","link":"https:\/\/csbazois.org\/index.php\/projet-social\/","title":{"rendered":"Projet Social"},"content":{"rendered":"\t\t<div data-elementor-type=\"wp-page\" data-elementor-id=\"81\" class=\"elementor elementor-81\">\n\t\t\t\t\t\t\t\t\t<section class=\"elementor-section elementor-top-section elementor-element elementor-element-4690c863 elementor-section-boxed elementor-section-height-default elementor-section-height-default\" data-id=\"4690c863\" data-element_type=\"section\">\n\t\t\t\t\t\t<div class=\"elementor-container elementor-column-gap-default\">\n\t\t\t\t\t<div class=\"elementor-column elementor-col-100 elementor-top-column elementor-element elementor-element-19f92896\" data-id=\"19f92896\" data-element_type=\"column\">\n\t\t\t<div class=\"elementor-widget-wrap elementor-element-populated\">\n\t\t\t\t\t\t\t\t<div class=\"elementor-element elementor-element-19e8780f elementor-widget elementor-widget-text-editor\" data-id=\"19e8780f\" data-element_type=\"widget\" data-widget_type=\"text-editor.default\">\n\t\t\t\t<div class=\"elementor-widget-container\">\n\t\t\t<style>\/*! elementor - v3.16.0 - 17-10-2023 *\/\n.elementor-widget-text-editor.elementor-drop-cap-view-stacked .elementor-drop-cap{background-color:#69727d;color:#fff}.elementor-widget-text-editor.elementor-drop-cap-view-framed .elementor-drop-cap{color:#69727d;border:3px solid;background-color:transparent}.elementor-widget-text-editor:not(.elementor-drop-cap-view-default) .elementor-drop-cap{margin-top:8px}.elementor-widget-text-editor:not(.elementor-drop-cap-view-default) .elementor-drop-cap-letter{width:1em;height:1em}.elementor-widget-text-editor .elementor-drop-cap{float:left;text-align:center;line-height:1;font-size:50px}.elementor-widget-text-editor .elementor-drop-cap-letter{display:inline-block}<\/style>\t\t\t\t<p>Le Centre Social est agr\u00e9\u00e9 par la Caisse d&rsquo;Allocations Familiale (CAF), sur la base d&rsquo;un Projet Social.<\/p>\n<p>Celui-ci est le fil conducteur pour l&rsquo;ensemble des activit\u00e9s d\u00e9velopp\u00e9es.<\/p>\n<p>L&rsquo;actuel Projet Social est d\u00e9fini du 1er Juillet 2023 au 30 Juin 2027.<\/p>\n<p style=\"text-align: center;\"><strong><span style=\"font-family: arial,helvetica,sans-serif; font-size: 12pt; text-decoration: underline;\"><em>Consultez le Projet Social:<\/em><\/span><\/strong><\/p>\n<p><a href=\"https:\/\/www.calameo.com\/read\/005004761a66d658010c1\"><img loading=\"lazy\" decoding=\"async\" class=\"wp-image-4200 size-medium aligncenter\" src=\"http:\/\/csbazois.org\/wp-content\/uploads\/2023\/07\/Capture-decran-2023-07-19-141139-300x198.jpg\" alt=\"\" width=\"300\" height=\"198\" srcset=\"https:\/\/csbazois.org\/wp-content\/uploads\/2023\/07\/Capture-decran-2023-07-19-141139-300x198.jpg 300w, https:\/\/csbazois.org\/wp-content\/uploads\/2023\/07\/Capture-decran-2023-07-19-141139-1024x676.jpg 1024w, https:\/\/csbazois.org\/wp-content\/uploads\/2023\/07\/Capture-decran-2023-07-19-141139-768x507.jpg 768w, https:\/\/csbazois.org\/wp-content\/uploads\/2023\/07\/Capture-decran-2023-07-19-141139.jpg 1287w\" sizes=\"auto, (max-width: 300px) 100vw, 300px\" \/><\/a><\/p>\n<p><!-- wp:paragraph --><\/p>\n<p><!-- \/wp:paragraph --><\/p>\t\t\t\t\t\t<\/div>\n\t\t\t\t<\/div>\n\t\t\t\t\t<\/div>\n\t\t<\/div>\n\t\t\t\t\t\t\t<\/div>\n\t\t<\/section>\n\t\t\t\t\t\t\t<\/div>\n\t\t","protected":false},"excerpt":{"rendered":"<p>Le Centre Social est agr\u00e9\u00e9 par la Caisse d&rsquo;Allocations Familiale (CAF), sur la base d&rsquo;un Projet Social. Celui-ci est le fil conducteur pour l&rsquo;ensemble des activit\u00e9s d\u00e9velopp\u00e9es. L&rsquo;actuel Projet Social est d\u00e9fini du 1er&#46;&#46;&#46;<\/p>\n","protected":false},"author":1,"featured_media":0,"parent":0,"menu_order":0,"comment_status":"closed","ping_status":"closed","template":"","meta":{"_exactmetrics_skip_tracking":false,"_exactmetrics_sitenote_active":false,"_exactmetrics_sitenote_note":"","_exactmetrics_sitenote_category":0,"footnotes":""},"class_list":["post-81","page","type-page","status-publish","hentry"],"_links":{"self":[{"href":"https:\/\/csbazois.org\/index.php\/wp-json\/wp\/v2\/pages\/81","targetHints":{"allow":["GET"]}}],"collection":[{"href":"https:\/\/csbazois.org\/index.php\/wp-json\/wp\/v2\/pages"}],"about":[{"href":"https:\/\/csbazois.org\/index.php\/wp-json\/wp\/v2\/types\/page"}],"author":[{"embeddable":true,"href":"https:\/\/csbazois.org\/index.php\/wp-json\/wp\/v2\/users\/1"}],"replies":[{"embeddable":true,"href":"https:\/\/csbazois.org\/index.php\/wp-json\/wp\/v2\/comments?post=81"}],"version-history":[{"count":27,"href":"https:\/\/csbazois.org\/index.php\/wp-json\/wp\/v2\/pages\/81\/revisions"}],"predecessor-version":[{"id":4206,"href":"https:\/\/csbazois.org\/index.php\/wp-json\/wp\/v2\/pages\/81\/revisions\/4206"}],"wp:attachment":[{"href":"https:\/\/csbazois.org\/index.php\/wp-json\/wp\/v2\/media?parent=81"}],"curies":[{"name":"wp","href":"https:\/\/api.w.org\/{rel}","templated":true}]}}