{"id":79,"date":"2016-10-20T11:43:09","date_gmt":"2016-10-20T09:43:09","guid":{"rendered":"http:\/\/csbazois.org\/?page_id=79"},"modified":"2024-04-19T12:09:12","modified_gmt":"2024-04-19T10:09:12","slug":"presentation","status":"publish","type":"page","link":"https:\/\/csbazois.org\/index.php\/presentation\/","title":{"rendered":"Pr\u00e9sentation"},"content":{"rendered":"<p style=\"text-align: justify;\"><span style=\"font-family: arial,helvetica,sans-serif; font-size: 12pt;\">D\u2019apr\u00e8s la circulaire de la Caisse Nationale d\u2019Allocations Familiales (CNAF) n\u00b02012-013 du 20 Juin 2012 les\u00a0 missions des Centres Sociaux sont d\u00e9finies de la mani\u00e8re suivante :<\/span><\/p>\n<ul style=\"text-align: justify; list-style-type: square;\">\n<li><span style=\"font-family: arial,helvetica,sans-serif; font-size: 12pt;\">Un lieu de proximit\u00e9 \u00e0 vocation globale, familiale et interg\u00e9n\u00e9rationnelle qui accueille toute la population en veillant \u00e0 la mixit\u00e9 sociale,<\/span><\/li>\n<li><span style=\"font-family: arial,helvetica,sans-serif; font-size: 12pt;\">Un lieu d\u2019animation de la vie sociale permettant aux habitants d\u2019exprimer, de concevoir et de r\u00e9aliser leurs projets.<\/span><\/li>\n<\/ul>\n<p style=\"text-align: justify;\"><span style=\"font-family: arial,helvetica,sans-serif; font-size: 12pt;\">Ils doivent ainsi :<\/span><\/p>\n<ul style=\"text-align: justify; list-style-type: square;\">\n<li><span style=\"font-family: arial,helvetica,sans-serif; font-size: 12pt;\">Organiser une fonction d\u2019accueil et d\u2019\u00e9coute des habitants-usagers, des familles et des groupes informels ou des associations,<\/span><\/li>\n<li><span style=\"font-family: arial,helvetica,sans-serif; font-size: 12pt;\">Assurer une attention particuli\u00e8re aux familles et publics fragilis\u00e9s, et le cas \u00e9ch\u00e9ant leur proposer un accompagnement adapt\u00e9,<\/span><\/li>\n<li><span style=\"font-family: arial,helvetica,sans-serif; font-size: 12pt;\">D\u00e9velopper des actions d\u2019intervention sociale adapt\u00e9es aux besoins de la population et du territoire,<\/span><\/li>\n<li><span style=\"font-family: arial,helvetica,sans-serif; font-size: 12pt;\">Mettre en \u0153uvre une organisation et\/ou un plan d\u2019actions visant \u00e0 d\u00e9velopper la participation et la prise de responsabilit\u00e9s par les usagers et les b\u00e9n\u00e9voles,<\/span><\/li>\n<li><span style=\"font-family: arial,helvetica,sans-serif; font-size: 12pt;\">Organiser\u00a0 la concertation et la coordination avec les professionnels et les acteurs impliqu\u00e9s dans les probl\u00e9matiques sociales du territoire et\/ou sur les axes d\u2019intervention prioritaires,<\/span><\/li>\n<li><span style=\"font-family: arial,helvetica,sans-serif; font-size: 12pt;\">Mettre en \u0153uvre un projet en direction des familles.<\/span><\/li>\n<\/ul>\n<p style=\"text-align: justify;\"><span style=\"font-family: arial,helvetica,sans-serif; font-size: 12pt;\">En 2000, la<a href=\"http:\/\/www.centres-sociaux.fr\/\"> F\u00e9d\u00e9ration des Centres Sociaux de France <\/a>(FCSF) a adopt\u00e9 \u201cla Charte f\u00e9d\u00e9rale des Centres Sociaux et Socio-Culturels de France\u201d qui affirme les valeurs de r\u00e9f\u00e9rence du r\u00e9seau des Centres Sociaux : dignit\u00e9 humaine, solidarit\u00e9 et d\u00e9mocratie et des fa\u00e7ons d\u2019agir fond\u00e9es sur :<\/span><\/p>\n<ul style=\"text-align: justify; list-style-type: square;\">\n<li style=\"text-align: left;\"><span style=\"font-family: arial,helvetica,sans-serif; font-size: 12pt;\">Une vision globale de la vie humaine, des comp\u00e9tences des hommes et des femmes et du territoire o\u00f9 ils vivent,<\/span><\/li>\n<li style=\"text-align: left;\"><span style=\"font-family: arial,helvetica,sans-serif; font-size: 12pt;\">Des m\u00e9thodes participatives, op\u00e9rationnelles et responsables,<\/span><\/li>\n<li style=\"text-align: left;\"><span style=\"font-family: arial,helvetica,sans-serif; font-size: 12pt;\">Un partenariat actif et ouvert.<\/span><\/li>\n<\/ul>\n<p style=\"text-align: justify;\"><span style=\"font-family: arial,helvetica,sans-serif; font-size: 12pt;\">L\u2019action du Centre Social du Bazois s\u2019inscrit dans le cadre de ces missions, de ces valeurs et de ces fa\u00e7ons d\u2019agir.<\/span><\/p>\n<p style=\"text-align: justify;\"><span style=\"font-family: arial,helvetica,sans-serif; font-size: 12pt;\">Les valeurs du Centre Social sont l&rsquo;Ecoute, le Respect et la Solidarit\u00e9.<\/span><\/p>\n<p style=\"text-align: justify;\"><span style=\"font-family: arial,helvetica,sans-serif; font-size: 12pt;\"><strong>\u00c9couter<\/strong>, c&rsquo;est observer sans jugement, \u00eatre disponible, attentif et instaurer la confiance.<\/span><br \/>\n<span style=\"font-family: arial,helvetica,sans-serif; font-size: 12pt;\"><strong> Respecter<\/strong>, c&rsquo;est accepter l&rsquo;autre avec ses diff\u00e9rences, c&rsquo;est pour chacun un devoir et un droit.<\/span><br \/>\n<span style=\"font-family: arial,helvetica,sans-serif; font-size: 12pt;\"><strong> \u00catre solidaire<\/strong>, c&rsquo;est agir ensemble pour aider, accompagner les autres.<\/span><\/p>\n<p style=\"text-align: justify;\"><span style=\"font-family: arial,helvetica,sans-serif; font-size: 12pt;\">Fort de ces valeurs, le Centre Social du Bazois \u0153uvre au plus pr\u00e8s de la population, avec ses partenaires, en apportant des services \u00e0 caract\u00e8re social, m\u00e9dico-social, culturel et sportif.<\/span><\/p>\n<p style=\"text-align: justify;\"><span style=\"font-family: arial,helvetica,sans-serif; font-size: 12pt;\">Pour d\u00e9velopper ses actions, le Centre Social s&rsquo;appuie sur 3 lieux d&rsquo;accueil :<\/span><\/p>\n<p>&nbsp;<\/p>\n<p style=\"text-align: center;\"><div class=\"flagallery phantom_skin\" id=\"FlaGallery_sc1_3\" style='width:225;'><style type=\"text\/css\" class=\"flagallery_skin_style_import\">#FlaGallery_sc1_3 .flagPhantom_ThumbContainer {width:200px; height:180px;}#FlaGallery_sc1_3 .flagPhantom_MobileView .flagPhantom_ThumbContainer {width:150px; height:135px;}#FlaGallery_sc1_3 .flagPhantom_Container {margin-left:auto;margin-right:auto;}#FlaGallery_sc1_3 .flagPhantom_ThumbContainer {margin:8px 0 0 8px;}#FlaGallery_sc1_3 .flagPhantom_ThumbContainer {padding:2px;}#FlaGallery_sc1_3 .flagPhantom_LabelBottom .flagPhantom_ThumbContainer {padding-bottom:36px;}#FlaGallery_sc1_3 .flagPhantom_ThumbContainer,#FlaGallery_sc1_3 .flagPhantom_LabelBottom .flagPhantom_ThumbLabel {background-color:#ffffff;}#FlaGallery_sc1_3 .flagPhantom_ThumbContainer .flagPhantom_Thumb {opacity:0.9;}#FlaGallery_sc1_3 .flagPhantom_ThumbContainer:hover .flagPhantom_Thumb {opacity:1;}#FlaGallery_sc1_3 .flagPhantom_ThumbContainer {border:1px solid #cccccc;}#FlaGallery_sc1_3 .flagPhantom_ThumbContainer {box-shadow:0 0 5px -2px #cccccc;}#FlaGallery_sc1_3 .flagPhantom_ThumbLabel {color:#0b0b0b;}#FlaGallery_sc1_3 .flagPhantom_ThumbLabel a {color:#3695E7;}#FlaGallery_sc1_3 .flagPhantom_LabelInside .flagPhantom_ThumbLabel,#FlaGallery_sc1_3 .flagPhantom_LabelHover .flagPhantom_ThumbLabel {color:#ffffff;}#FlaGallery_sc1_3 .flagPhantom_LabelInside .flagPhantom_ThumbLabel a,#FlaGallery_sc1_3 .flagPhantom_LabelHover .flagPhantom_ThumbLabel a,#FlaGallery_sc1_3 .flagPhantom_LabelInside .flagPhantom_ThumbLabel a:hover,#FlaGallery_sc1_3 .flagPhantom_LabelHover .flagPhantom_ThumbLabel a:hover {color:#e7e179;}<\/style> <div class=\"flagPhantom_Container noLightbox\" style=\"opacity:0\"> <h3>Pr\u00e9sentation<\/h3> <div class=\"flagPhantom_thumbsWrapper flagPhantom_ThumbScale flagPhantom_LabelHover\"> <div class=\"flagPhantom_ThumbContainer flagPhantom_ThumbLoader\" data-id=\"25\" data-ratio=\"1.6326530612245\" data-title=\"\" data-views=\"125\" data-likes=\"0\" data-download=\"https:\/\/csbazois.org\/wp-content\/flagallery\/presentation\/centre-social-du-bazois.jpg\" data-filename=\"centre-social-du-bazois.jpg\"> <a href=\"https:\/\/csbazois.org\/wp-content\/flagallery\/presentation\/webview\/centre-social-du-bazois.jpg\" class=\"flagPhantom_Thumb\"><img decoding=\"async\" src=\"https:\/\/csbazois.org\/wp-content\/flagallery\/presentation\/thumbs\/thumbs_centre-social-du-bazois.jpg\" data-src=\"https:\/\/csbazois.org\/wp-content\/flagallery\/presentation\/webview\/centre-social-du-bazois.jpg\" alt=\"\"\/><\/a> <div class=\"flagPhantom_ThumbLabel\"> <span class=\"flagPhantom_ThumbLabel_title\"><\/span><\/div> <div style=\"display:none;\" class=\"flagPhantom_Details\"> <\/div> <\/div> <div class=\"flagPhantom_ThumbContainer flagPhantom_ThumbLoader\" data-id=\"26\" data-ratio=\"1.8768328445748\" data-title=\"\" data-views=\"93\" data-likes=\"0\" data-download=\"https:\/\/csbazois.org\/wp-content\/flagallery\/presentation\/maison-des-generations.png\" data-filename=\"maison-des-generations.png\"> <a href=\"https:\/\/csbazois.org\/wp-content\/flagallery\/presentation\/webview\/maison-des-generations.png\" class=\"flagPhantom_Thumb\"><img decoding=\"async\" src=\"https:\/\/csbazois.org\/wp-content\/flagallery\/presentation\/thumbs\/thumbs_maison-des-generations.png\" data-src=\"https:\/\/csbazois.org\/wp-content\/flagallery\/presentation\/webview\/maison-des-generations.png\" alt=\"\"\/><\/a> <div class=\"flagPhantom_ThumbLabel\"> <span class=\"flagPhantom_ThumbLabel_title\"><\/span><\/div> <div style=\"display:none;\" class=\"flagPhantom_Details\"> <\/div> <\/div> <div class=\"flagPhantom_ThumbContainer flagPhantom_ThumbLoader\" data-id=\"27\" data-ratio=\"1.5\" data-title=\"SAMSUNG DIGITAL CAMERA\" data-views=\"92\" data-likes=\"0\" data-download=\"https:\/\/csbazois.org\/wp-content\/flagallery\/presentation\/maison-de-la-petite-enfance.jpg\" data-filename=\"maison-de-la-petite-enfance.jpg\"> <a href=\"https:\/\/csbazois.org\/wp-content\/flagallery\/presentation\/webview\/maison-de-la-petite-enfance.jpg\" class=\"flagPhantom_Thumb\"><img decoding=\"async\" src=\"https:\/\/csbazois.org\/wp-content\/flagallery\/presentation\/thumbs\/thumbs_maison-de-la-petite-enfance.jpg\" data-src=\"https:\/\/csbazois.org\/wp-content\/flagallery\/presentation\/webview\/maison-de-la-petite-enfance.jpg\" alt=\"SAMSUNG DIGITAL CAMERA\"\/><\/a> <div class=\"flagPhantom_ThumbLabel\"> <span class=\"flagPhantom_ThumbLabel_title\">SAMSUNG DIGITAL CAMERA<\/span><\/div> <div style=\"display:none;\" class=\"flagPhantom_Details\"> <div class=\"flagPhantom_description\"> <div class=\"flagPhantom_title\">SAMSUNG DIGITAL CAMERA<\/div> <div class=\"flagPhantom_text\"><\/div> <\/div> <\/div> <\/div> <\/div> <\/div> <script type=\"text\/javascript\"> jQuery(function(){ var settings = {\"maxheight\":\"0\",\"thumbCols\":\"0\",\"thumbRows\":\"0\",\"thumbsNavigation\":\"scroll\",\"bgColor\":\"#ffffff\",\"bgAlpha\":\"0\",\"thumbWidth\":\"200\",\"thumbHeight\":\"180\",\"thumbWidthMobile\":\"150\",\"thumbHeightMobile\":\"135\",\"thumbsSpacing\":\"8\",\"thumbsVerticalPadding\":\"4\",\"thumbsHorizontalPadding\":\"4\",\"thumbsAlign\":\"center\",\"thumbScale\":\"1\",\"thumbBG\":\"#ffffff\",\"thumbAlpha\":\"90\",\"thumbAlphaHover\":\"100\",\"thumbBorderSize\":\"1\",\"thumbBorderColor\":\"#cccccc\",\"thumbPadding\":\"2\",\"thumbsInfo\":\"label\",\"labelOnHover\":\"1\",\"labelTextColor\":\"#ffffff\",\"labelLinkColor\":\"#e7e179\",\"label8TextColor\":\"#0b0b0b\",\"label8LinkColor\":\"#3695E7\",\"tooltipTextColor\":\"#0b0b0b\",\"tooltipBgColor\":\"#ffffff\",\"tooltipStrokeColor\":\"#000000\",\"lightboxControlsColor\":\"#ffffff\",\"lightboxTitleColor\":\"#f3f3f3\",\"lightboxTextColor\":\"#f3f3f3\",\"lightboxBGColor\":\"#0b0b0b\",\"lightboxBGAlpha\":\"80\",\"socialShareEnabled\":\"1\",\"deepLinks\":\"1\",\"sidebarBGColor\":\"#ffffff\",\"lightbox800HideArrows\":\"0\",\"viewsEnabled\":\"1\",\"likesEnabled\":\"1\",\"thumb2link\":\"0\",\"show_title\":\"1\",\"show_download_button\":\"1\",\"initRPdelay\":\"200\",\"key\":\"\",\"name\":\"\",\"mfp_css\":\"\\r\\n#mfp_gm_sc1_3 .mfp-arrow-right:after,\\r\\n#mfp_gm_sc1_3 .mfp-arrow-right .mfp-a {border-left-color:#ffffff;}\\r\\n#mfp_gm_sc1_3 .mfp-arrow-left:after,\\r\\n#mfp_gm_sc1_3 .mfp-arrow-left .mfp-a {border-right-color:#ffffff;}\\r\\n#mfp_gm_sc1_3 .mfp-close,\\r\\n#mfp_gm_sc1_3 .mfp-likes,\\r\\n#mfp_gm_sc1_3 .mfp-share {color:#ffffff;}\\r\\n#mfp_gm_sc1_3 .mfp-preloader {background-color:#ffffff;}\\r\\n#mfp_gm_sc1_3 .flagPhantom_title,\\r\\n#mfp_gm_sc1_3 .mfp-counter {color:#f3f3f3;}\\r\\n#mfp_gm_sc1_3 .flagPhantom_text {color:#f3f3f3;}\\r\\n#mfp_gm_sc1_3_bg.mfp-bg {background-color:#0b0b0b;}\\r\\n#mfp_gm_sc1_3_bg.mfp-bg {opacity:0.8;}\\r\\n#mfp_gm_sc1_3_bg.mfp-zoom-in.mfp-bg {opacity:0}\\r\\n#mfp_gm_sc1_3_bg.mfp-zoom-in.mfp-ready.mfp-bg {opacity:0.8;}\\r\\n#mfp_gm_sc1_3_bg.mfp-zoom-in.mfp-removing.mfp-bg {opacity:0}\"}; jQuery('#FlaGallery_sc1_3').flagPhantom([settings]); }); <\/script><\/div><\/p>\n<p>&nbsp;<\/p>\n<p>&nbsp;<\/p>\n<p>&nbsp;<\/p>\n<p>&nbsp;<\/p>\n<p>&nbsp;<\/p>\n","protected":false},"excerpt":{"rendered":"<p>D\u2019apr\u00e8s la circulaire de la Caisse Nationale d\u2019Allocations Familiales (CNAF) n\u00b02012-013 du 20 Juin 2012 les\u00a0 missions des Centres Sociaux sont d\u00e9finies de la mani\u00e8re suivante : Un lieu de proximit\u00e9 \u00e0 vocation globale,&#46;&#46;&#46;<\/p>\n","protected":false},"author":1,"featured_media":0,"parent":0,"menu_order":0,"comment_status":"closed","ping_status":"closed","template":"","meta":{"_exactmetrics_skip_tracking":false,"_exactmetrics_sitenote_active":false,"_exactmetrics_sitenote_note":"","_exactmetrics_sitenote_category":0,"footnotes":""},"class_list":["post-79","page","type-page","status-publish","hentry"],"_links":{"self":[{"href":"https:\/\/csbazois.org\/index.php\/wp-json\/wp\/v2\/pages\/79","targetHints":{"allow":["GET"]}}],"collection":[{"href":"https:\/\/csbazois.org\/index.php\/wp-json\/wp\/v2\/pages"}],"about":[{"href":"https:\/\/csbazois.org\/index.php\/wp-json\/wp\/v2\/types\/page"}],"author":[{"embeddable":true,"href":"https:\/\/csbazois.org\/index.php\/wp-json\/wp\/v2\/users\/1"}],"replies":[{"embeddable":true,"href":"https:\/\/csbazois.org\/index.php\/wp-json\/wp\/v2\/comments?post=79"}],"version-history":[{"count":16,"href":"https:\/\/csbazois.org\/index.php\/wp-json\/wp\/v2\/pages\/79\/revisions"}],"predecessor-version":[{"id":1040,"href":"https:\/\/csbazois.org\/index.php\/wp-json\/wp\/v2\/pages\/79\/revisions\/1040"}],"wp:attachment":[{"href":"https:\/\/csbazois.org\/index.php\/wp-json\/wp\/v2\/media?parent=79"}],"curies":[{"name":"wp","href":"https:\/\/api.w.org\/{rel}","templated":true}]}}