{"id":761,"date":"2017-02-02T10:18:58","date_gmt":"2017-02-02T09:18:58","guid":{"rendered":"http:\/\/csbazois.org\/?page_id=761"},"modified":"2023-09-15T16:08:05","modified_gmt":"2023-09-15T14:08:05","slug":"mobilite","status":"publish","type":"page","link":"https:\/\/csbazois.org\/index.php\/mobilite\/","title":{"rendered":"Mobilit\u00e9"},"content":{"rendered":"\t\t<div data-elementor-type=\"wp-page\" data-elementor-id=\"761\" class=\"elementor elementor-761\">\n\t\t\t\t\t\t\t\t\t<section class=\"elementor-section elementor-top-section elementor-element elementor-element-10d84f9a elementor-section-boxed elementor-section-height-default elementor-section-height-default\" data-id=\"10d84f9a\" data-element_type=\"section\">\n\t\t\t\t\t\t<div class=\"elementor-container elementor-column-gap-default\">\n\t\t\t\t\t<div class=\"elementor-column elementor-col-100 elementor-top-column elementor-element elementor-element-745bd4c3\" data-id=\"745bd4c3\" data-element_type=\"column\">\n\t\t\t<div class=\"elementor-widget-wrap elementor-element-populated\">\n\t\t\t\t\t\t\t\t<div class=\"elementor-element elementor-element-1895bf0f elementor-widget elementor-widget-text-editor\" data-id=\"1895bf0f\" data-element_type=\"widget\" data-widget_type=\"text-editor.default\">\n\t\t\t\t<div class=\"elementor-widget-container\">\n\t\t\t<style>\/*! elementor - v3.16.0 - 17-10-2023 *\/\n.elementor-widget-text-editor.elementor-drop-cap-view-stacked .elementor-drop-cap{background-color:#69727d;color:#fff}.elementor-widget-text-editor.elementor-drop-cap-view-framed .elementor-drop-cap{color:#69727d;border:3px solid;background-color:transparent}.elementor-widget-text-editor:not(.elementor-drop-cap-view-default) .elementor-drop-cap{margin-top:8px}.elementor-widget-text-editor:not(.elementor-drop-cap-view-default) .elementor-drop-cap-letter{width:1em;height:1em}.elementor-widget-text-editor .elementor-drop-cap{float:left;text-align:center;line-height:1;font-size:50px}.elementor-widget-text-editor .elementor-drop-cap-letter{display:inline-block}<\/style>\t\t\t\t<p style=\"text-align: center;\"><span style=\"color: #800000; font-family: 'comic sans ms', sans-serif; font-size: 18pt;\">MOBILITE<\/span><\/p><p style=\"text-align: center;\"><span style=\"font-family: 'comic sans ms', sans-serif;\">La mobilit\u00e9 est un des axes de travail du Projet Social ceci en lien avec le Projet de Territoire de la Communaut\u00e9 de Communes du Bazois Loire Morvan.<\/span><\/p><p style=\"text-align: center;\"><span style=\"color: #800000; font-family: 'comic sans ms', sans-serif; font-size: 18pt;\"><strong>ETAT DES LIEUX DES TRANSPORTS LOCAUX<\/strong><\/span><\/p><p style=\"text-align: center;\"><span style=\"font-family: 'comic sans ms', sans-serif;\">La Commission Personnes Retrait\u00e9es a travaill\u00e9 pour la pr\u00e9paration de l\u2019Assembl\u00e9e G\u00e9n\u00e9rale 2016 sur un \u00e9tat des lieux des moyens de transport sur le Bazois.<\/span><\/p><p style=\"text-align: center;\"><span style=\"font-family: 'comic sans ms', sans-serif; font-size: 12pt;\">Retrouvez le diaporama diffus\u00e9 \u00e0 cette occasion <span style=\"color: #0000ff;\">en cliquant <a style=\"color: #0000ff;\" href=\"http:\/\/csbazois.org\/wp-content\/uploads\/2017\/02\/SITE-INTERNET-4.pptx\">ICI<\/a><a style=\"color: #0000ff;\" href=\"ttp:\/\/csbazois.org\/wp-content\/uploads\/2017\/02\/SITE-INTERNET-4.pptx\">.<\/a><\/span><\/span><\/p><p style=\"text-align: center;\"><span style=\"color: #800000; font-family: 'comic sans ms', sans-serif; font-size: 18pt;\"><strong>SERVICE CONDUITE VEHICULE PERSONNEL<\/strong><\/span><\/p><p style=\"text-align: center;\"><span style=\"font-family: 'comic sans ms', sans-serif;\"><span style=\"color: #0000ff; font-size: 14pt;\"><span style=\"color: #0000ff; font-size: 14pt;\"><img loading=\"lazy\" decoding=\"async\" class=\"wp-image-789 alignleft\" src=\"http:\/\/csbazois.org\/wp-content\/uploads\/2017\/02\/image-2.jpg\" alt=\"\" width=\"266\" height=\"267\" srcset=\"https:\/\/csbazois.org\/wp-content\/uploads\/2017\/02\/image-2.jpg 200w, https:\/\/csbazois.org\/wp-content\/uploads\/2017\/02\/image-2-150x150.jpg 150w, https:\/\/csbazois.org\/wp-content\/uploads\/2017\/02\/image-2-110x110.jpg 110w, https:\/\/csbazois.org\/wp-content\/uploads\/2017\/02\/image-2-70x70.jpg 70w\" sizes=\"auto, (max-width: 266px) 100vw, 266px\" \/><\/span><\/span>\u00ab\u00a0Vous rencontrez des difficult\u00e9s pour utiliser votre v\u00e9hicule personnel, le Centre Social peut vous mettre \u00e0 disposition une personne qui assurera la conduite de votre v\u00e9hicule pour vous permettre de r\u00e9aliser les d\u00e9placements du domicile au travail, sur le lieu de vacances, pour des d\u00e9marches administratives\u00a0\u00bb dans la Ni\u00e8vre. Il a obtenu un agr\u00e9ment \u00ab\u00a0prestation de conduite de v\u00e9hicule personnel des personnes d\u00e9pendantes, du domicile au travail, sur le lieu de vacances, pour des d\u00e9marches administratives (Ni\u00e8vre)\u00a0\u00bb qui peut vous permettre de r\u00e9pondre \u00e0 votre attente.<\/span><\/p><p style=\"text-align: center;\"><span style=\"font-family: 'comic sans ms', sans-serif; font-size: 18pt; color: #800000;\"><strong>\u00a0<\/strong><strong>\u00ab\u00a0SORTIR +\u00a0\u00bb<\/strong><\/span><\/p><p style=\"text-align: center;\"><span style=\"font-family: 'comic sans ms', sans-serif;\"><span style=\"color: #0000ff; font-size: 14pt;\"><img loading=\"lazy\" decoding=\"async\" class=\"wp-image-790 alignnone\" src=\"http:\/\/csbazois.org\/wp-content\/uploads\/2017\/02\/sans-titre-1.png\" alt=\"\" width=\"200\" height=\"101\" \/><\/span><\/span><\/p><p style=\"text-align: center;\"><span style=\"font-family: 'comic sans ms', sans-serif;\">Le Centre Social est partenaire du dispositif \u00ab\u00a0sortir +\u00a0\u00bb.<\/span><\/p><p style=\"text-align: center;\"><span style=\"font-family: 'comic sans ms', sans-serif;\">Les groupes de protection sociale ont mis en place un dispositif \u00ab SORTIR + \u00bb qui s\u2019adresse aux personnes de 80 ans et plus qui \u00e9prouvent des difficult\u00e9s \u00e0 se d\u00e9placer. Pour vous accompagner, \u00e0 pied ou en voiture. \u00ab SORTIR PLUS \u00bb s\u2019occupe de tout organiser. Une simple participation financi\u00e8re vous sera demand\u00e9e, le compl\u00e9ment \u00e9tant pris en charge par votre caisse de retraite. Aller chez votre m\u00e9decin traitant, chez le coiffeur, \u00e0 la banque, retrouver des amis, faire ses courses, voir des spectacles\u2026 ne sera plus un probl\u00e8me.<\/span><\/p><p style=\"text-align: center;\"><span style=\"font-family: 'comic sans ms', sans-serif;\"><strong>A votre demande, <\/strong>quand vous voulez, votre caisse de retraite compl\u00e9mentaire met \u00e0 votre disposition son service SORTIR PLUS pour vous accompagner \u00e0 pied ou en voiture.<\/span><\/p><p style=\"text-align: center;\"><span style=\"font-family: 'comic sans ms', sans-serif;\"><strong>\u00a0C<\/strong><span style=\"font-size: 12pt;\"><strong>ontactez le N\u00b0 09.71.09.09.71<\/strong><\/span><\/span><\/p><p style=\"text-align: center;\"><span style=\"color: #800000; font-family: 'comic sans ms', sans-serif; font-size: 18pt;\"><strong>LES CHEQUES MOBILITE<\/strong><\/span><\/p><p><img loading=\"lazy\" decoding=\"async\" class=\"size-medium wp-image-4330 aligncenter\" src=\"http:\/\/csbazois.org\/wp-content\/uploads\/2023\/09\/375797567_1214007379408917_4983182742999675357_n-212x300.jpg\" alt=\"\" width=\"212\" height=\"300\" srcset=\"https:\/\/csbazois.org\/wp-content\/uploads\/2023\/09\/375797567_1214007379408917_4983182742999675357_n-212x300.jpg 212w, https:\/\/csbazois.org\/wp-content\/uploads\/2023\/09\/375797567_1214007379408917_4983182742999675357_n-724x1024.jpg 724w, https:\/\/csbazois.org\/wp-content\/uploads\/2023\/09\/375797567_1214007379408917_4983182742999675357_n-768x1086.jpg 768w, https:\/\/csbazois.org\/wp-content\/uploads\/2023\/09\/375797567_1214007379408917_4983182742999675357_n-1086x1536.jpg 1086w, https:\/\/csbazois.org\/wp-content\/uploads\/2023\/09\/375797567_1214007379408917_4983182742999675357_n.jpg 1414w\" sizes=\"auto, (max-width: 212px) 100vw, 212px\" \/><\/p><p style=\"text-align: center;\"><span style=\"font-family: 'comic sans ms', sans-serif;\">La communaut\u00e9 de communes Bazois Loire Morvan a mis en place les ch\u00e8ques mobilit\u00e9 sur le Bazois. L\u2019objectif de ce dispositif est de favoriser la mobilit\u00e9 sur le territoire et aider au d\u00e9senclavement physique et moral des personnes en situation d\u2019isolement. Pour les personnes de plus de 26 ans non imposables, domicili\u00e9es dans le Bazois, et apr\u00e8s v\u00e9rification que la personne ne puisse b\u00e9n\u00e9ficier d\u2019autres moyens de d\u00e9placement sur le territoire, ou d\u2019autres dispositifs financiers (sortir plus, transport \u00e0 la demande\u2026), il est remis un ch\u00e9quier de 25 ch\u00e8ques de 5 \u20ac par an et par personne.<\/span><\/p><p style=\"text-align: center;\"><span style=\"font-family: 'comic sans ms', sans-serif;\">Les ch\u00e8ques mobilit\u00e9 pourront \u00eatre remis \u00e0 la compagnie de taxis pour les d\u00e9placements suivants : Rendez-vous m\u00e9dicaux, faire ses courses sur le territoire communautaire, faire ses d\u00e9marches administratives non assur\u00e9es par France Services : p\u00f4le emploi, entretiens d\u2019embauche, rendez-vous aux permanences de partenaires, banques, centre social,\u2026, correspondance de transport en commun en l\u2019absence de liaisons \u00e9tablies.<\/span><\/p><p style=\"text-align: center;\"><span style=\"font-family: 'comic sans ms', sans-serif;\">Les ch\u00e8ques mobilit\u00e9 permettent de payer un maximum de 70% de la course qui sera demand\u00e9e par le transporteur.<\/span><\/p><p style=\"text-align: center;\"><span style=\"font-family: 'comic sans ms', sans-serif;\"><strong><em>Ce dispositif est g\u00e9r\u00e9 par le Centre Social du Bazois\u00a0<\/em><\/strong><\/span><\/p><p style=\"text-align: center;\"><span style=\"font-family: 'comic sans ms', sans-serif;\"><strong><em>via France Services<\/em><\/strong><\/span><\/p><p style=\"text-align: center;\"><span style=\"color: #ff0000;\"><strong>Nouveau :<\/strong><\/span> Le service d&rsquo;aide \u00e0 domicile accepte les ch\u00e8ques mobilit\u00e9 pour vous accompagner lors de vos d\u00e9placements<\/p><p style=\"text-align: center;\"><span style=\"font-family: 'comic sans ms', sans-serif;\"><strong><em>Renseignements 03 86 84 19 00<\/em><\/strong><\/span><\/p>\t\t\t\t\t\t<\/div>\n\t\t\t\t<\/div>\n\t\t\t\t\t<\/div>\n\t\t<\/div>\n\t\t\t\t\t\t\t<\/div>\n\t\t<\/section>\n\t\t\t\t\t\t\t<\/div>\n\t\t","protected":false},"excerpt":{"rendered":"<p>MOBILITE La mobilit\u00e9 est un des axes de travail du Projet Social ceci en lien avec le Projet de Territoire de la Communaut\u00e9 de Communes du Bazois Loire Morvan. ETAT DES LIEUX DES TRANSPORTS&#46;&#46;&#46;<\/p>\n","protected":false},"author":1,"featured_media":0,"parent":0,"menu_order":0,"comment_status":"closed","ping_status":"closed","template":"","meta":{"_exactmetrics_skip_tracking":false,"_exactmetrics_sitenote_active":false,"_exactmetrics_sitenote_note":"","_exactmetrics_sitenote_category":0,"footnotes":""},"class_list":["post-761","page","type-page","status-publish","hentry"],"_links":{"self":[{"href":"https:\/\/csbazois.org\/index.php\/wp-json\/wp\/v2\/pages\/761","targetHints":{"allow":["GET"]}}],"collection":[{"href":"https:\/\/csbazois.org\/index.php\/wp-json\/wp\/v2\/pages"}],"about":[{"href":"https:\/\/csbazois.org\/index.php\/wp-json\/wp\/v2\/types\/page"}],"author":[{"embeddable":true,"href":"https:\/\/csbazois.org\/index.php\/wp-json\/wp\/v2\/users\/1"}],"replies":[{"embeddable":true,"href":"https:\/\/csbazois.org\/index.php\/wp-json\/wp\/v2\/comments?post=761"}],"version-history":[{"count":40,"href":"https:\/\/csbazois.org\/index.php\/wp-json\/wp\/v2\/pages\/761\/revisions"}],"predecessor-version":[{"id":4333,"href":"https:\/\/csbazois.org\/index.php\/wp-json\/wp\/v2\/pages\/761\/revisions\/4333"}],"wp:attachment":[{"href":"https:\/\/csbazois.org\/index.php\/wp-json\/wp\/v2\/media?parent=761"}],"curies":[{"name":"wp","href":"https:\/\/api.w.org\/{rel}","templated":true}]}}