{"id":739,"date":"2017-02-01T15:50:28","date_gmt":"2017-02-01T14:50:28","guid":{"rendered":"http:\/\/csbazois.org\/?page_id=739"},"modified":"2022-08-09T13:54:20","modified_gmt":"2022-08-09T11:54:20","slug":"logement","status":"publish","type":"page","link":"https:\/\/csbazois.org\/index.php\/logement\/","title":{"rendered":"Logement"},"content":{"rendered":"\t\t<div data-elementor-type=\"wp-page\" data-elementor-id=\"739\" class=\"elementor elementor-739\">\n\t\t\t\t\t\t\t\t\t<section class=\"elementor-section elementor-top-section elementor-element elementor-element-41609aa6 elementor-section-boxed elementor-section-height-default elementor-section-height-default\" data-id=\"41609aa6\" data-element_type=\"section\">\n\t\t\t\t\t\t<div class=\"elementor-container elementor-column-gap-default\">\n\t\t\t\t\t<div class=\"elementor-column elementor-col-100 elementor-top-column elementor-element elementor-element-54ca1a0e\" data-id=\"54ca1a0e\" data-element_type=\"column\">\n\t\t\t<div class=\"elementor-widget-wrap elementor-element-populated\">\n\t\t\t\t\t\t\t\t<div class=\"elementor-element elementor-element-a95b75 elementor-widget elementor-widget-text-editor\" data-id=\"a95b75\" data-element_type=\"widget\" data-widget_type=\"text-editor.default\">\n\t\t\t\t<div class=\"elementor-widget-container\">\n\t\t\t<style>\/*! elementor - v3.16.0 - 17-10-2023 *\/\n.elementor-widget-text-editor.elementor-drop-cap-view-stacked .elementor-drop-cap{background-color:#69727d;color:#fff}.elementor-widget-text-editor.elementor-drop-cap-view-framed .elementor-drop-cap{color:#69727d;border:3px solid;background-color:transparent}.elementor-widget-text-editor:not(.elementor-drop-cap-view-default) .elementor-drop-cap{margin-top:8px}.elementor-widget-text-editor:not(.elementor-drop-cap-view-default) .elementor-drop-cap-letter{width:1em;height:1em}.elementor-widget-text-editor .elementor-drop-cap{float:left;text-align:center;line-height:1;font-size:50px}.elementor-widget-text-editor .elementor-drop-cap-letter{display:inline-block}<\/style>\t\t\t\t<p style=\"text-align: center;\"><span style=\"color: #ff6600; font-family: 'comic sans ms', sans-serif; font-size: 18pt;\"><strong>LOGEMENT<\/strong><\/span><\/p><p style=\"text-align: center;\"><span style=\"font-family: 'comic sans ms', sans-serif;\">Le logement est un axe de travail du Projet Social, ceci en lien avec le Projet de Territoire de la Communaut\u00e9 de Communes Bazois Loire Morvan.<\/span><\/p><p style=\"text-align: center;\"><span style=\"font-family: 'comic sans ms', sans-serif;\">En fonction des possibilit\u00e9s, le Centre Social d\u00e9veloppera des actions sur cette th\u00e9matique.<\/span><\/p><p style=\"text-align: center;\"><span style=\"font-family: 'comic sans ms', sans-serif; font-size: 18pt; color: #ff6600;\"><strong>PLATEFORME LOGEMENT\u00a0BAZOIS LOIRE \u00a0MORVAN<\/strong><\/span><\/p><p style=\"text-align: center;\"><span style=\"color: #800080;\"><a style=\"color: #800080;\" href=\"https:\/\/www.logement-bazois-loire-morvan.fr\/\" target=\"_blank\" rel=\"noopener\"><span style=\"color: #0000ff; font-family: comic sans ms, sans-serif;\"><span style=\"font-size: 18.6667px;\">PLATEFORME LOGEMENT<\/span><\/span><\/a><\/span><\/p><p style=\"text-align: center;\"><span style=\"font-family: 'comic sans ms', sans-serif;\">En lien avec la Communaut\u00e9 de Communes Bazois Loire Morvan, la C.A.F., la M.S.A., la C.A.R.S.A.T. et le Conseil D\u00e9partemental, les Centres Sociaux de Fours, Luzy et Moulins Engilbert, le Centre Social du Bazois \u00e0 mis en \u0153uvre la <strong>Plateforme Logement Bazois Loire Morvan.<\/strong><\/span><\/p><p style=\"text-align: center;\"><span style=\"font-family: 'comic sans ms', sans-serif;\">Les constats \u00e9taient qu\u2019il existait sur le territoire <strong>peu de logements locatifs et beaucoup de maisons \u00e0 vendre<\/strong>, que les nouveaux arrivants recherchaient des maisons et non des appartements. La probl\u00e9matique des <strong>co\u00fbts li\u00e9s au chauffage<\/strong> \u00e9tait aussi rencontr\u00e9e (logement v\u00e9tuste, pas isol\u00e9, g\u00e9n\u00e9rant des charges suppl\u00e9mentaires \u2026.).<\/span><\/p><p style=\"text-align: center;\"><span style=\"font-family: 'comic sans ms', sans-serif;\">L\u2019objectif de ce site internet est de <strong>permettre \u00e0 de nouveaux arrivants d\u2019avoir une premi\u00e8re id\u00e9e dans leur recherche en logements locatifs<\/strong>.<\/span><\/p><p style=\"text-align: center;\"><span style=\"font-family: 'comic sans ms', sans-serif;\">Il s\u2019agit \u00e9galement de <strong>mobiliser les propri\u00e9taires du Bazois \u00e0 passer \u00e0 la location<\/strong>, <strong>d\u2019informer les habitants sur les aides \u00e0 l\u2019am\u00e9lioration de l\u2019habitat<\/strong>, et de <strong>donner une information sur les aides et le soutien en cas de difficult\u00e9 de location.<\/strong><\/span><\/p><p style=\"text-align: center;\"><span style=\"font-family: 'comic sans ms', sans-serif;\"><strong>La Plateforme Logement Bazois Loire Morvan <\/strong>dont la propri\u00e9t\u00e9 a \u00e9t\u00e9 transf\u00e9r\u00e9e \u00e0 la Communaut\u00e9 de Communes donne aussi une information sur les aides possibles pour r\u00e9nover son logement ou r\u00e9aliser des travaux li\u00e9s aux \u00e9conomies d&rsquo;\u00e9nergie. Le Centre Social est lui charg\u00e9 de collecter les offres de location sur le Bazois et de les diffuser par le biais de ce site.<\/span><\/p><p style=\"text-align: center;\"><span style=\"font-family: 'comic sans ms', sans-serif; font-size: 18pt; color: #ff6600;\"><strong><span style=\"background-color: #ffffff;\">REFLEXION<\/span>\u00a0SUR LA MISE EN PLACE D&rsquo;UN HABITAT INTERMEDIAIRE POUR SENIORS<\/strong><\/span><\/p><p style=\"text-align: center;\"><span style=\"font-family: 'comic sans ms', sans-serif;\">Fin 2016, la communaut\u00e9 de communes du Bazois signe une Convention Territoriale Globale (C.T.G.) avec la Caisse d\u2019Allocations Familiales de la Ni\u00e8vre, la Caisse R\u00e9gionale de Mutualit\u00e9 Sociale Agricole de Bourgogne, la Caisse d\u2019Assurance Retraite et de la Sant\u00e9 Au Travail et le Conseil D\u00e9partemental. Elle confie l\u2019animation du dispositif au centre social du Bazois. Parmi les constats \u00e9tablis, il est pos\u00e9 la r\u00e9flexion sur la mise en \u0153uvre de logements collectifs, \u00e0 titre de r\u00e9sidence principale, de personnes \u00e2g\u00e9es dans des immeubles comportant \u00e0 la fois des locaux privatifs meubl\u00e9s ou non, et des locaux communs affect\u00e9s \u00e0 la vie collective \u00e0 l\u2019image des r\u00e9sidences autonomie. L\u2019un des objectifs prioritaires de la convention \u00e9tait d\u2019animer un groupe de travail sur les solutions alternatives au tout domicile ou tout \u00e9tablissement. D\u00e9but 2017, la Communaut\u00e9 de communes du Bazois int\u00e8gre la Communaut\u00e9 de communes Bazois Loire Morvan. La C.T.G. existante n\u2019est pas un travail prioritaire car la communaut\u00e9 de communes doit tout d\u2019abord apprendre \u00e0 travailler ensemble (4 territoires avec 4 organisations diff\u00e9rentes int\u00e8grent la nouvelle communaut\u00e9 de communes) et surtout d\u00e9finir le cadre de ses comp\u00e9tences. La Communaut\u00e9 de Communes qui a termin\u00e9 d\u2019arr\u00eater ses comp\u00e9tences au 31\/12\/2018 n\u2019a pas retenu la comp\u00e9tence pour permettre de mettre en \u0153uvre un projet d\u2019habitat interm\u00e9diaire pour les seniors.<\/span><\/p><p style=\"text-align: center;\"><span style=\"font-family: 'comic sans ms', sans-serif;\">Au niveau national, la loi du 28 d\u00e9cembre 2015, relative \u00e0 l\u2019adaptation de la soci\u00e9t\u00e9 au vieillissement transforme les anciens foyers logements en r\u00e9sidences autonomie. La concertation nationale \u00ab grand \u00e2ge et autonomie \u00bb, lanc\u00e9e, par la Ministre des solidarit\u00e9s et de la sant\u00e9 le 1er octobre 2018 aborde globalement la question de la prise en charge et de l\u2019accompagnement des personnes \u00e2g\u00e9es, \u00e0 domicile et en \u00e9tablissement, ainsi que l\u2019articulation des diff\u00e9rentes offres et leur simplification, les modalit\u00e9s d\u2019organisation \u00e0 privil\u00e9gier. La consultation citoyenne inscrite dans le cadre de la concertation grand \u00e2ge et l\u2019autonomie a mobilis\u00e9\u00a0 \u00a0 \u00a0 \u00a0 \u00a0 \u00a0414 000 participants et a engendr\u00e9 1,7 millions de votes. Parmi les contributions des Fran\u00e7ais qui permettent de nourrir la r\u00e9flexion conduite au niveau national, a \u00e9t\u00e9 d\u00e9fini comme priorit\u00e9 l\u2019accroissement de la qualit\u00e9 et de la vari\u00e9t\u00e9 de l\u2019offre de lieux de vie. A ce titre, 95 % des votants ont approuv\u00e9 l\u2019id\u00e9e d\u2019un renforcement d\u2019un maintien \u00e0 domicile. Un projet de loi est pr\u00e9vu pour la fin de l\u2019ann\u00e9e 2019.<\/span><\/p><p style=\"text-align: center;\"><span style=\"font-family: 'comic sans ms', sans-serif;\">Plusieurs formes d\u2019organisation sont, aujourd\u2019hui, d\u00e9velopp\u00e9es : r\u00e9sidences seniors, r\u00e9sidences autonomie, habitat coop\u00e9ratif, habitat group\u00e9, lieux de vie interg\u00e9n\u00e9rationnels\u2026..<\/span><\/p><p style=\"text-align: center;\"><span style=\"font-family: 'comic sans ms', sans-serif;\">Pour le Centre Social, l\u2019id\u00e9e peut permettre de favoriser l\u2019\u00e9volution des services existants\u00a0 (aide \u00e0 domicile, pr\u00e9vention\u2026.) mais le projet ne peut se concr\u00e9tiser sans un fort partenariat avec d\u2019autres structures (commune, office d\u2019habitat, action logement\u2026.).<\/span><\/p><p style=\"text-align: center;\">\u00a0<\/p>\t\t\t\t\t\t<\/div>\n\t\t\t\t<\/div>\n\t\t\t\t\t<\/div>\n\t\t<\/div>\n\t\t\t\t\t\t\t<\/div>\n\t\t<\/section>\n\t\t\t\t\t\t\t<\/div>\n\t\t","protected":false},"excerpt":{"rendered":"<p>LOGEMENT Le logement est un axe de travail du Projet Social, ceci en lien avec le Projet de Territoire de la Communaut\u00e9 de Communes Bazois Loire Morvan. En fonction des possibilit\u00e9s, le Centre Social&#46;&#46;&#46;<\/p>\n","protected":false},"author":1,"featured_media":0,"parent":0,"menu_order":0,"comment_status":"closed","ping_status":"closed","template":"","meta":{"_exactmetrics_skip_tracking":false,"_exactmetrics_sitenote_active":false,"_exactmetrics_sitenote_note":"","_exactmetrics_sitenote_category":0,"footnotes":""},"class_list":["post-739","page","type-page","status-publish","hentry"],"_links":{"self":[{"href":"https:\/\/csbazois.org\/index.php\/wp-json\/wp\/v2\/pages\/739","targetHints":{"allow":["GET"]}}],"collection":[{"href":"https:\/\/csbazois.org\/index.php\/wp-json\/wp\/v2\/pages"}],"about":[{"href":"https:\/\/csbazois.org\/index.php\/wp-json\/wp\/v2\/types\/page"}],"author":[{"embeddable":true,"href":"https:\/\/csbazois.org\/index.php\/wp-json\/wp\/v2\/users\/1"}],"replies":[{"embeddable":true,"href":"https:\/\/csbazois.org\/index.php\/wp-json\/wp\/v2\/comments?post=739"}],"version-history":[{"count":44,"href":"https:\/\/csbazois.org\/index.php\/wp-json\/wp\/v2\/pages\/739\/revisions"}],"predecessor-version":[{"id":3206,"href":"https:\/\/csbazois.org\/index.php\/wp-json\/wp\/v2\/pages\/739\/revisions\/3206"}],"wp:attachment":[{"href":"https:\/\/csbazois.org\/index.php\/wp-json\/wp\/v2\/media?parent=739"}],"curies":[{"name":"wp","href":"https:\/\/api.w.org\/{rel}","templated":true}]}}