{"id":72,"date":"2016-10-20T11:42:16","date_gmt":"2016-10-20T09:42:16","guid":{"rendered":"http:\/\/csbazois.org\/?page_id=72"},"modified":"2025-05-02T14:28:57","modified_gmt":"2025-05-02T12:28:57","slug":"logement-2","status":"publish","type":"page","link":"https:\/\/csbazois.org\/index.php\/presentation\/logement-2\/","title":{"rendered":"Organisation"},"content":{"rendered":"\t\t<div data-elementor-type=\"wp-page\" data-elementor-id=\"72\" class=\"elementor elementor-72\">\n\t\t\t\t\t\t\t\t\t<section class=\"elementor-section elementor-top-section elementor-element elementor-element-1ac2464f elementor-section-boxed elementor-section-height-default elementor-section-height-default\" data-id=\"1ac2464f\" data-element_type=\"section\">\n\t\t\t\t\t\t<div class=\"elementor-container elementor-column-gap-default\">\n\t\t\t\t\t<div class=\"elementor-column elementor-col-100 elementor-top-column elementor-element elementor-element-76512011\" data-id=\"76512011\" data-element_type=\"column\">\n\t\t\t<div class=\"elementor-widget-wrap elementor-element-populated\">\n\t\t\t\t\t\t\t\t<div class=\"elementor-element elementor-element-46e9afdd elementor-widget elementor-widget-text-editor\" data-id=\"46e9afdd\" data-element_type=\"widget\" data-widget_type=\"text-editor.default\">\n\t\t\t\t<div class=\"elementor-widget-container\">\n\t\t\t<style>\/*! elementor - v3.16.0 - 17-10-2023 *\/\n.elementor-widget-text-editor.elementor-drop-cap-view-stacked .elementor-drop-cap{background-color:#69727d;color:#fff}.elementor-widget-text-editor.elementor-drop-cap-view-framed .elementor-drop-cap{color:#69727d;border:3px solid;background-color:transparent}.elementor-widget-text-editor:not(.elementor-drop-cap-view-default) .elementor-drop-cap{margin-top:8px}.elementor-widget-text-editor:not(.elementor-drop-cap-view-default) .elementor-drop-cap-letter{width:1em;height:1em}.elementor-widget-text-editor .elementor-drop-cap{float:left;text-align:center;line-height:1;font-size:50px}.elementor-widget-text-editor .elementor-drop-cap-letter{display:inline-block}<\/style>\t\t\t\t<blockquote><p style=\"text-align: justify;\"><span style=\"font-family: georgia, palatino, serif;\">Le Centre Social du Bazois est une Association Loi 1901, son organisation est d\u00e9finie par ses statuts.<\/span><\/p><\/blockquote><p style=\"text-align: center;\"><span style=\"color: #333333;\"><span style=\"font-size: 12pt;\"><strong><span style=\"font-family: georgia, palatino, serif; text-decoration: underline;\"><em>Consultez les Statuts du Centre Social<\/em><\/span><\/strong><\/span><\/span><\/p><p><a href=\"http:\/\/csbazois.org\/wp-content\/uploads\/2022\/05\/Statuts-01-04-2017.pdf\" target=\"_blank\" rel=\"noopener\"><img loading=\"lazy\" decoding=\"async\" class=\"alignnone size-medium wp-image-2443 aligncenter\" src=\"http:\/\/csbazois.org\/wp-content\/uploads\/2022\/05\/statuts-255x300.png\" alt=\"\" width=\"255\" height=\"300\" srcset=\"https:\/\/csbazois.org\/wp-content\/uploads\/2022\/05\/statuts-255x300.png 255w, https:\/\/csbazois.org\/wp-content\/uploads\/2022\/05\/statuts-768x903.png 768w, https:\/\/csbazois.org\/wp-content\/uploads\/2022\/05\/statuts.png 780w\" sizes=\"auto, (max-width: 255px) 100vw, 255px\" \/><\/a><\/p><p style=\"text-align: center;\"><img loading=\"lazy\" decoding=\"async\" class=\"size-medium wp-image-2146 alignnone\" src=\"http:\/\/csbazois.org\/wp-content\/uploads\/2022\/03\/Assemblee-Generale-1-300x48.png\" alt=\"\" width=\"300\" height=\"48\" srcset=\"https:\/\/csbazois.org\/wp-content\/uploads\/2022\/03\/Assemblee-Generale-1-300x48.png 300w, https:\/\/csbazois.org\/wp-content\/uploads\/2022\/03\/Assemblee-Generale-1-1024x165.png 1024w, https:\/\/csbazois.org\/wp-content\/uploads\/2022\/03\/Assemblee-Generale-1-768x124.png 768w, https:\/\/csbazois.org\/wp-content\/uploads\/2022\/03\/Assemblee-Generale-1.png 1199w\" sizes=\"auto, (max-width: 300px) 100vw, 300px\" \/><\/p><p><span style=\"font-family: georgia, palatino, serif;\">L&rsquo;Assembl\u00e9e G\u00e9n\u00e9rale compos\u00e9e de tous les membres se r\u00e9unit au moins une fois par an, sur convocation du Pr\u00e9sident.<\/span><\/p><p><span style=\"font-family: georgia, palatino, serif;\">Elle entend le Compte Rendu Moral et Financier, qui sont ensuite soumis \u00e0 son approbation.<\/span><\/p><p style=\"text-align: center;\"><span style=\"font-family: georgia, palatino, serif; font-size: 12pt;\"><strong><em>Consultez les Rapports d&rsquo;Activit\u00e9s et les Rapports d&rsquo;Orientation en cliquant sur les liens ci-dessous :<\/em><\/strong><\/span><\/p><table style=\"border-collapse: collapse; width: 100%;\" border=\"1\"><tbody><tr><td style=\"width: 50%; text-align: center;\"><p><span style=\"font-family: georgia, palatino, serif;\"><strong><span style=\"color: #000000;\"><a style=\"color: #000000;\" href=\"http:\/\/csbazois.org\/wp-content\/uploads\/2025\/05\/Rapport-dactivites-2023.pdf\">Rapport d&rsquo;Activit\u00e9s 2023<\/a><\/span><\/strong><\/span><\/p><p><span style=\"font-family: georgia, palatino, serif;\"><strong><span style=\"color: #000000;\"><a style=\"color: #000000;\" href=\"http:\/\/csbazois.org\/wp-content\/uploads\/2025\/05\/Rapport-dactivites-2022-1-1.pdf\">Rapport d&rsquo;Activit\u00e9s 2022<\/a><\/span><\/strong><\/span><\/p><p><span style=\"font-family: georgia, palatino, serif;\"><strong><span style=\"color: #000000;\"><a style=\"color: #000000;\" href=\"http:\/\/csbazois.org\/wp-content\/uploads\/2022\/08\/Rapport-dactivites-2021-2.pdf\">Rapport d&rsquo;Activit\u00e9s 2021<\/a><\/span><\/strong><\/span><\/p><p><span style=\"font-family: georgia, palatino, serif;\"><strong><span style=\"color: #000000;\"><a style=\"color: #000000;\" href=\"http:\/\/csbazois.org\/wp-content\/uploads\/2022\/03\/Rapport-dactivites-2020-1.pdf\">Rapport d&rsquo;Activit\u00e9s\u00a02020<\/a><\/span><\/strong><\/span><\/p><p><span style=\"font-family: georgia, palatino, serif;\"><strong><span style=\"color: #000000;\"><a style=\"color: #000000;\" href=\"http:\/\/csbazois.org\/wp-content\/uploads\/2022\/03\/Rapport-dactivites-2019.pdf\">Rapport d&rsquo;Activit\u00e9s\u00a02019<\/a><\/span><\/strong><\/span><\/p><p><span style=\"font-family: georgia, palatino, serif;\"><strong><span style=\"color: #000000;\"><a style=\"color: #000000;\" href=\"https:\/\/fr.calameo.com\/read\/005004761b47ea5c38531\"><span style=\"text-decoration: underline;\"><span style=\"text-decoration: underline;\">Rapport d&rsquo;Activit\u00e9s 2018<\/span><\/span><\/a><\/span><\/strong><\/span><\/p><\/td><td style=\"width: 50%; text-align: center;\"><p><span style=\"font-family: georgia, palatino, serif;\"><strong><span style=\"color: #000000;\"><a style=\"color: #000000;\" href=\"http:\/\/csbazois.org\/wp-content\/uploads\/2025\/05\/Rapport-dorientation-2024.pdf\">Rapport d&rsquo;Orientation 2024<\/a><\/span><\/strong><\/span><\/p><p><span style=\"font-family: georgia, palatino, serif;\"><strong><span style=\"color: #000000;\"><a style=\"color: #000000;\" href=\"http:\/\/csbazois.org\/wp-content\/uploads\/2025\/05\/Rapport-dorientation-2023.pdf\">Rapport d&rsquo;Orientation 2023<\/a><\/span><\/strong><\/span><\/p><p><span style=\"font-family: georgia, palatino, serif;\"><strong><span style=\"color: #000000;\"><a style=\"color: #000000;\" href=\"http:\/\/csbazois.org\/wp-content\/uploads\/2022\/08\/Rapport-dorientation-2022.pdf\">Rapport d&rsquo;Orientation 2022<\/a><\/span><\/strong><\/span><\/p><p><span style=\"font-family: georgia, palatino, serif;\"><strong><span style=\"color: #000000;\"><a style=\"color: #000000;\" href=\"http:\/\/csbazois.org\/wp-content\/uploads\/2022\/03\/Rapport-dorientation-2021.pdf\">Rapport d&rsquo;Orientation\u00a02021<\/a><\/span><\/strong><\/span><\/p><p><span style=\"font-family: georgia, palatino, serif;\"><strong><span style=\"color: #000000;\"><a style=\"color: #000000;\" href=\"http:\/\/csbazois.org\/wp-content\/uploads\/2022\/03\/Rapport-dorientation-2020.pdf\">Rapport d&rsquo;Orientation\u00a02020<\/a><\/span><\/strong><\/span><\/p><p><span style=\"font-family: georgia, palatino, serif;\"><strong><span style=\"color: #000000;\"><a style=\"color: #000000;\" href=\"https:\/\/fr.calameo.com\/read\/005004761fb2bcdead41c\">Rapport d&rsquo;Orientation 2019<\/a><\/span><\/strong><\/span><\/p><\/td><\/tr><\/tbody><\/table><p><img loading=\"lazy\" decoding=\"async\" class=\"size-medium wp-image-2154 aligncenter\" src=\"http:\/\/csbazois.org\/wp-content\/uploads\/2022\/03\/Conseil-dAdministration-300x38.png\" alt=\"\" width=\"300\" height=\"38\" srcset=\"https:\/\/csbazois.org\/wp-content\/uploads\/2022\/03\/Conseil-dAdministration-300x38.png 300w, https:\/\/csbazois.org\/wp-content\/uploads\/2022\/03\/Conseil-dAdministration-1024x131.png 1024w, https:\/\/csbazois.org\/wp-content\/uploads\/2022\/03\/Conseil-dAdministration-768x98.png 768w, https:\/\/csbazois.org\/wp-content\/uploads\/2022\/03\/Conseil-dAdministration.png 1506w\" sizes=\"auto, (max-width: 300px) 100vw, 300px\" \/><\/p><p style=\"text-align: justify;\"><span style=\"font-family: georgia, palatino, serif;\">Le Centre Social est administr\u00e9 par un Conseil d&rsquo;Administration \u00e9lu pour 6 ans par l&rsquo;Assembl\u00e9e G\u00e9n\u00e9rale. Il se compose de 36 \u00e0 41 membres au plus, avec voix d\u00e9lib\u00e9ratives.<\/span><\/p><p style=\"text-align: justify;\"><span style=\"font-family: georgia, palatino, serif;\">Le Conseil d&rsquo;Administration se r\u00e9unit 2 \u00e0 3 fois dans l&rsquo;ann\u00e9e pour, en particulier, d\u00e9finir les grandes orientations du Centre Social et adopter les budgets et comptes financiers.<\/span><\/p><p style=\"text-align: center;\"><span style=\"color: #333333;\"><a style=\"color: #333333;\" href=\"http:\/\/csbazois.org\/wp-content\/uploads\/2022\/05\/Liste-membres-CA-2022.pdf\" target=\"_blank\" rel=\"noopener\"><span style=\"font-family: georgia, palatino, serif; font-size: 12pt; text-decoration: underline;\"><strong><em>Consultez la Liste des Membres du Conseil d&rsquo;Administration\u00a0<\/em><\/strong><\/span><\/a><\/span><\/p><p><img loading=\"lazy\" decoding=\"async\" class=\"size-medium wp-image-2163 aligncenter\" src=\"http:\/\/csbazois.org\/wp-content\/uploads\/2022\/03\/Bureau-2-300x45.png\" alt=\"\" width=\"300\" height=\"45\" srcset=\"https:\/\/csbazois.org\/wp-content\/uploads\/2022\/03\/Bureau-2-300x45.png 300w, https:\/\/csbazois.org\/wp-content\/uploads\/2022\/03\/Bureau-2-1024x155.png 1024w, https:\/\/csbazois.org\/wp-content\/uploads\/2022\/03\/Bureau-2-768x116.png 768w, https:\/\/csbazois.org\/wp-content\/uploads\/2022\/03\/Bureau-2-1536x233.png 1536w, https:\/\/csbazois.org\/wp-content\/uploads\/2022\/03\/Bureau-2.png 1564w\" sizes=\"auto, (max-width: 300px) 100vw, 300px\" \/><\/p><p style=\"text-align: justify;\"><span style=\"font-family: georgia, palatino, serif;\">Le fonctionnement courant du Centre Social est assur\u00e9 par le Bureau du Centre Social compos\u00e9 d\u2019administrateurs qui se r\u00e9unit en moyenne une fois par mois.<\/span><\/p><p style=\"text-align: center;\"><span style=\"color: #333333;\"><a style=\"color: #333333;\" href=\"http:\/\/csbazois.org\/wp-content\/uploads\/2024\/07\/Liste-membres-du-bureau-au-26.06.2024.pdf\" target=\"_blank\" rel=\"noopener\"><span style=\"font-family: georgia, palatino, serif; font-size: 12pt; text-decoration: underline;\"><strong><em>Consultez la Liste des Membres du bureau\u00a0<\/em><\/strong><\/span><\/a><\/span><\/p><p style=\"text-align: justify;\"><span style=\"font-family: georgia, palatino, serif;\">Une \u00e9quipe de professionnels met en \u0153uvre le projet social et\u00a0les d\u00e9cisions prises.<\/span><\/p><p><img loading=\"lazy\" decoding=\"async\" class=\"size-medium wp-image-2167 aligncenter\" src=\"http:\/\/csbazois.org\/wp-content\/uploads\/2022\/03\/comite-dusagers-300x47.png\" alt=\"\" width=\"300\" height=\"47\" srcset=\"https:\/\/csbazois.org\/wp-content\/uploads\/2022\/03\/comite-dusagers-300x47.png 300w, https:\/\/csbazois.org\/wp-content\/uploads\/2022\/03\/comite-dusagers-1024x161.png 1024w, https:\/\/csbazois.org\/wp-content\/uploads\/2022\/03\/comite-dusagers-768x121.png 768w, https:\/\/csbazois.org\/wp-content\/uploads\/2022\/03\/comite-dusagers.png 1506w\" sizes=\"auto, (max-width: 300px) 100vw, 300px\" \/><\/p><p><span style=\"font-family: georgia, palatino, serif; font-size: 14pt;\"><span style=\"color: #0000ff;\"><img loading=\"lazy\" decoding=\"async\" class=\"aligncenter\" src=\"http:\/\/csbazois.org\/wp-content\/uploads\/2016\/10\/DSC01669-300x200.jpg\" alt=\"\" width=\"458\" height=\"305\" \/><\/span><\/span><\/p><p style=\"text-align: justify;\"><span style=\"font-family: georgia, palatino, serif;\">S\u2019inscrire \u00e0 une activit\u00e9 permet de se maintenir en forme, de rencontrer et d\u2019\u00e9changer avec d\u2019autres personnes. Pour favoriser l\u2019\u00e9volution des activit\u00e9s, le Centre Social a mis en place des Comit\u00e9s d\u2019Usagers qui se r\u00e9unissent au minimum 2 fois par an.<\/span><\/p><p><span style=\"font-family: georgia, palatino, serif;\"><em><strong>C\u2019est ainsi que sont mis en place : <\/strong><\/em><\/span><br \/><span style=\"font-family: georgia, palatino, serif;\">&#8211; Un Comit\u00e9 d\u2019Usagers Petite Enfance<\/span><br \/><span style=\"font-family: georgia, palatino, serif;\">&#8211; Un Comit\u00e9 d\u2019Usagers Enfance \/ Jeunesse<\/span><br \/><span style=\"font-family: georgia, palatino, serif;\">&#8211; Un Comit\u00e9 d\u2019Usagers Adultes<\/span><br \/><span style=\"font-family: georgia, palatino, serif;\">&#8211; Un Comit\u00e9 d\u2019Usagers \u00ab Services aux Personnes \u00bb<\/span><\/p><p style=\"text-align: justify;\"><span style=\"font-family: georgia, palatino, serif;\">L\u2019organisation du Comit\u00e9 diff\u00e8re d\u2019un secteur \u00e0 l\u2019autre. Pour les 3 premiers, des personnes sont mobilis\u00e9es pour repr\u00e9senter les activit\u00e9s qu\u2019elles, ou leurs enfants, fr\u00e9quentent. Elles peuvent donner leur avis sur les activit\u00e9s propos\u00e9es et faire des suggestions d\u2019\u00e9volution. Pour le Comit\u00e9 d\u2019Usagers Services aux Personnes, deux r\u00e9unions sont organis\u00e9es chaque ann\u00e9e o\u00f9 tous les b\u00e9n\u00e9ficiaires du service sont invit\u00e9s.<\/span><\/p>\t\t\t\t\t\t<\/div>\n\t\t\t\t<\/div>\n\t\t\t\t\t<\/div>\n\t\t<\/div>\n\t\t\t\t\t\t\t<\/div>\n\t\t<\/section>\n\t\t\t\t\t\t\t<\/div>\n\t\t","protected":false},"excerpt":{"rendered":"<p>Le Centre Social du Bazois est une Association Loi 1901, son organisation est d\u00e9finie par ses statuts. Consultez les Statuts du Centre Social L&rsquo;Assembl\u00e9e G\u00e9n\u00e9rale compos\u00e9e de tous les membres se r\u00e9unit au moins&#46;&#46;&#46;<\/p>\n","protected":false},"author":1,"featured_media":0,"parent":79,"menu_order":0,"comment_status":"closed","ping_status":"closed","template":"","meta":{"_exactmetrics_skip_tracking":false,"_exactmetrics_sitenote_active":false,"_exactmetrics_sitenote_note":"","_exactmetrics_sitenote_category":0,"footnotes":""},"class_list":["post-72","page","type-page","status-publish","hentry"],"_links":{"self":[{"href":"https:\/\/csbazois.org\/index.php\/wp-json\/wp\/v2\/pages\/72","targetHints":{"allow":["GET"]}}],"collection":[{"href":"https:\/\/csbazois.org\/index.php\/wp-json\/wp\/v2\/pages"}],"about":[{"href":"https:\/\/csbazois.org\/index.php\/wp-json\/wp\/v2\/types\/page"}],"author":[{"embeddable":true,"href":"https:\/\/csbazois.org\/index.php\/wp-json\/wp\/v2\/users\/1"}],"replies":[{"embeddable":true,"href":"https:\/\/csbazois.org\/index.php\/wp-json\/wp\/v2\/comments?post=72"}],"version-history":[{"count":126,"href":"https:\/\/csbazois.org\/index.php\/wp-json\/wp\/v2\/pages\/72\/revisions"}],"predecessor-version":[{"id":4737,"href":"https:\/\/csbazois.org\/index.php\/wp-json\/wp\/v2\/pages\/72\/revisions\/4737"}],"up":[{"embeddable":true,"href":"https:\/\/csbazois.org\/index.php\/wp-json\/wp\/v2\/pages\/79"}],"wp:attachment":[{"href":"https:\/\/csbazois.org\/index.php\/wp-json\/wp\/v2\/media?parent=72"}],"curies":[{"name":"wp","href":"https:\/\/api.w.org\/{rel}","templated":true}]}}