{"id":68,"date":"2016-10-20T11:41:59","date_gmt":"2016-10-20T09:41:59","guid":{"rendered":"http:\/\/csbazois.org\/?page_id=68"},"modified":"2022-08-09T12:23:57","modified_gmt":"2022-08-09T10:23:57","slug":"maison-des-generations","status":"publish","type":"page","link":"https:\/\/csbazois.org\/index.php\/maison-des-generations\/","title":{"rendered":"Maison des G\u00e9n\u00e9rations"},"content":{"rendered":"\t\t<div data-elementor-type=\"wp-page\" data-elementor-id=\"68\" class=\"elementor elementor-68\">\n\t\t\t\t\t\t\t\t\t<section class=\"elementor-section elementor-top-section elementor-element elementor-element-53fe3ec9 elementor-section-boxed elementor-section-height-default elementor-section-height-default\" data-id=\"53fe3ec9\" data-element_type=\"section\">\n\t\t\t\t\t\t<div class=\"elementor-container elementor-column-gap-default\">\n\t\t\t\t\t<div class=\"elementor-column elementor-col-100 elementor-top-column elementor-element elementor-element-1d3b70b3\" data-id=\"1d3b70b3\" data-element_type=\"column\">\n\t\t\t<div class=\"elementor-widget-wrap elementor-element-populated\">\n\t\t\t\t\t\t\t\t<div class=\"elementor-element elementor-element-220b3c80 elementor-widget elementor-widget-text-editor\" data-id=\"220b3c80\" data-element_type=\"widget\" data-widget_type=\"text-editor.default\">\n\t\t\t\t<div class=\"elementor-widget-container\">\n\t\t\t<style>\/*! elementor - v3.16.0 - 17-10-2023 *\/\n.elementor-widget-text-editor.elementor-drop-cap-view-stacked .elementor-drop-cap{background-color:#69727d;color:#fff}.elementor-widget-text-editor.elementor-drop-cap-view-framed .elementor-drop-cap{color:#69727d;border:3px solid;background-color:transparent}.elementor-widget-text-editor:not(.elementor-drop-cap-view-default) .elementor-drop-cap{margin-top:8px}.elementor-widget-text-editor:not(.elementor-drop-cap-view-default) .elementor-drop-cap-letter{width:1em;height:1em}.elementor-widget-text-editor .elementor-drop-cap{float:left;text-align:center;line-height:1;font-size:50px}.elementor-widget-text-editor .elementor-drop-cap-letter{display:inline-block}<\/style>\t\t\t\t<p><span style=\"color: #0000ff; font-family: arial,helvetica,sans-serif; font-size: 14pt;\"><strong>MAISON DES GENERATIONS<\/strong><\/span><\/p><p style=\"text-align: justify;\">Les Accueils de Loisirs 6\/12 ans ont int\u00e9gr\u00e9 la Maison des G\u00e9n\u00e9rations en f\u00e9vrier 2018. L\u2019espace comprend outre l\u2019accueil de jour, 3 salles d\u2019activit\u00e9s dont l\u2019une est consacr\u00e9e aux activit\u00e9s adultes. C\u2019est ainsi que les accueils de loisirs 6\/12 ans fonctionnent dans ces locaux les mercredis et durant les vacances scolaires. L\u2019am\u00e9nagement de l\u2019espace aquatique \u00e0 l\u2019ext\u00e9rieur permet \u00e9galement de proposer des ateliers aquatiques jeunes et adultes.<\/p><p style=\"text-align: justify;\">Au niveau des activit\u00e9s p\u00e9riscolaires, le vendredi soir fonctionne les activit\u00e9s adolescents. Ceux-ci ont une salle d\u00e9di\u00e9e \u00e0 leurs activit\u00e9s.\u00a0<\/p><p style=\"text-align: justify;\">\u00a0<\/p>\t\t\t\t\t\t<\/div>\n\t\t\t\t<\/div>\n\t\t\t\t\t<\/div>\n\t\t<\/div>\n\t\t\t\t\t\t\t<\/div>\n\t\t<\/section>\n\t\t\t\t\t\t\t<\/div>\n\t\t","protected":false},"excerpt":{"rendered":"<p>MAISON DES GENERATIONS Les Accueils de Loisirs 6\/12 ans ont int\u00e9gr\u00e9 la Maison des G\u00e9n\u00e9rations en f\u00e9vrier 2018. L\u2019espace comprend outre l\u2019accueil de jour, 3 salles d\u2019activit\u00e9s dont l\u2019une est consacr\u00e9e aux activit\u00e9s adultes.&#46;&#46;&#46;<\/p>\n","protected":false},"author":1,"featured_media":0,"parent":0,"menu_order":0,"comment_status":"closed","ping_status":"closed","template":"","meta":{"_exactmetrics_skip_tracking":false,"_exactmetrics_sitenote_active":false,"_exactmetrics_sitenote_note":"","_exactmetrics_sitenote_category":0,"footnotes":""},"class_list":["post-68","page","type-page","status-publish","hentry"],"_links":{"self":[{"href":"https:\/\/csbazois.org\/index.php\/wp-json\/wp\/v2\/pages\/68","targetHints":{"allow":["GET"]}}],"collection":[{"href":"https:\/\/csbazois.org\/index.php\/wp-json\/wp\/v2\/pages"}],"about":[{"href":"https:\/\/csbazois.org\/index.php\/wp-json\/wp\/v2\/types\/page"}],"author":[{"embeddable":true,"href":"https:\/\/csbazois.org\/index.php\/wp-json\/wp\/v2\/users\/1"}],"replies":[{"embeddable":true,"href":"https:\/\/csbazois.org\/index.php\/wp-json\/wp\/v2\/comments?post=68"}],"version-history":[{"count":17,"href":"https:\/\/csbazois.org\/index.php\/wp-json\/wp\/v2\/pages\/68\/revisions"}],"predecessor-version":[{"id":3184,"href":"https:\/\/csbazois.org\/index.php\/wp-json\/wp\/v2\/pages\/68\/revisions\/3184"}],"wp:attachment":[{"href":"https:\/\/csbazois.org\/index.php\/wp-json\/wp\/v2\/media?parent=68"}],"curies":[{"name":"wp","href":"https:\/\/api.w.org\/{rel}","templated":true}]}}