{"id":60,"date":"2016-10-20T11:41:12","date_gmt":"2016-10-20T09:41:12","guid":{"rendered":"http:\/\/csbazois.org\/?page_id=60"},"modified":"2025-05-02T13:25:53","modified_gmt":"2025-05-02T11:25:53","slug":"historique","status":"publish","type":"page","link":"https:\/\/csbazois.org\/index.php\/historique\/","title":{"rendered":"Historique"},"content":{"rendered":"\t\t<div data-elementor-type=\"wp-page\" data-elementor-id=\"60\" class=\"elementor elementor-60\">\n\t\t\t\t\t\t\t\t\t<section class=\"elementor-section elementor-top-section elementor-element elementor-element-3c44210d elementor-section-boxed elementor-section-height-default elementor-section-height-default\" data-id=\"3c44210d\" data-element_type=\"section\">\n\t\t\t\t\t\t<div class=\"elementor-container elementor-column-gap-default\">\n\t\t\t\t\t<div class=\"elementor-column elementor-col-100 elementor-top-column elementor-element elementor-element-45baf5ac\" data-id=\"45baf5ac\" data-element_type=\"column\">\n\t\t\t<div class=\"elementor-widget-wrap elementor-element-populated\">\n\t\t\t\t\t\t\t\t<div class=\"elementor-element elementor-element-5b49c05c elementor-widget elementor-widget-text-editor\" data-id=\"5b49c05c\" data-element_type=\"widget\" data-widget_type=\"text-editor.default\">\n\t\t\t\t<div class=\"elementor-widget-container\">\n\t\t\t<style>\/*! elementor - v3.16.0 - 17-10-2023 *\/\n.elementor-widget-text-editor.elementor-drop-cap-view-stacked .elementor-drop-cap{background-color:#69727d;color:#fff}.elementor-widget-text-editor.elementor-drop-cap-view-framed .elementor-drop-cap{color:#69727d;border:3px solid;background-color:transparent}.elementor-widget-text-editor:not(.elementor-drop-cap-view-default) .elementor-drop-cap{margin-top:8px}.elementor-widget-text-editor:not(.elementor-drop-cap-view-default) .elementor-drop-cap-letter{width:1em;height:1em}.elementor-widget-text-editor .elementor-drop-cap{float:left;text-align:center;line-height:1;font-size:50px}.elementor-widget-text-editor .elementor-drop-cap-letter{display:inline-block}<\/style>\t\t\t\t<p style=\"text-align: justify;\">C\u2019est le 25 mai 1970 que s\u2019est d\u00e9roul\u00e9e l\u2019Assembl\u00e9e G\u00e9n\u00e9rale constitutive de Centre M\u00e9dico-Social du Canton de Ch\u00e2tillon en Bazois \u00e0 l\u2019initiative de Pierre Saury nouveau Conseiller G\u00e9n\u00e9ral du canton depuis Mars 1970, qui en assume la pr\u00e9sidence.<\/p><p style=\"text-align: justify;\">Le nouveau Centre M\u00e9dico-Social loue les locaux de la Caisse R\u00e9gionale d\u2019Assurance Agricole, place de la Mairie \u00e0 Ch\u00e2tillon en Bazois. II est cr\u00e9\u00e9 0,25 \u00e9quivalent temps plein de secr\u00e9tariat. II adh\u00e8re \u00e0 la F\u00e9d\u00e9ration Nationale et D\u00e9partementale des Centres Sociaux et Socioculturels de France.<\/p><p style=\"text-align: justify;\">En 1973. apr\u00e8s le d\u00e9c\u00e8s de Pierre SAURY, son \u00e9pouse Paule SAURY, Conseiller G\u00e9n\u00e9ral, prend la pr\u00e9sidence. C\u2019est en 1974 que l\u2019on recrute deux aides m\u00e9nag\u00e8res et en 1975 est cr\u00e9\u00e9e une section d\u2019aides m\u00e9nag\u00e8res au domicile des personnes \u00e2g\u00e9es. En 1976 est cr\u00e9\u00e9 le Club du 3\u00e8me Age qui s\u2019appelle \u00ab\u00a0Club de l\u2019Age d\u2019Or\u00a0\u00bb. En 1977, le Centre Social accueille l\u2019antenne du Centre M\u00e9dico P\u00e9do-Psychiatrique.<\/p><p style=\"text-align: justify;\">En 1978, le Centre Social accueille le secteur social, deux assistantes sociales, les infirmi\u00e8res de la Croix Rouge.\u00a0Ce sont les assistantes de secteur qui g\u00e8rent les dossiers de demande d\u2019aide \u00e0 domicile. Le secr\u00e9tariat assure l\u2019administratif et la partie salaire des 23 aides \u00e0 domicile qui interviennent sur le secteur de\u00a0Ch\u00e2tillon en Bazois, Moulins Engilbert et Saint Saulge.\u00a0Le Centre Social adopte de nouveaux statuts avec une augmentation des membres du Conseil d\u2019Administration.<\/p><p style=\"text-align: justify;\">En 1979, le Centre Social s\u2019installe dans l\u2019ancienne maison RUYER am\u00e9nag\u00e9e par la commune de Ch\u00e2tillon. On trouve le bureau d\u2019accueil, des services de l\u2019assistante sociale, des soins de la Croix Rouge, des cabinets m\u00e9dicaux, la salle du Club de l\u2019Age d\u2019Or (une fois par semaine). Le secr\u00e9tariat passe \u00e0 temps plein.<\/p><p style=\"text-align: justify;\">En 1982, s\u2019ajoute les permanences de la Protection\u00a0Maternelle et Infantile du Conseil G\u00e9n\u00e9ral. C\u2019est cette ann\u00e9e qu\u2019est cr\u00e9\u00e9 le poste de coordinatrice aux personnes \u00e2g\u00e9es.<\/p><p style=\"text-align: justify;\">En 1985, il est cr\u00e9\u00e9 deux postes pour l\u2019action jeunes dans le cadre des contrats de travaux d\u2019utilit\u00e9 collective. Des actions de formation continue sont donn\u00e9es pour les aides m\u00e9nag\u00e8res.<\/p><p style=\"text-align: justify;\">En 1987, la Caisse d\u2019Allocations Familiales impose la n\u00e9cessit\u00e9 de pr\u00e9parer un Contrat de Projet en vue de l\u2019agr\u00e9ment. Face aux difficult\u00e9s, le Centre Social est oblig\u00e9 d\u2019abandonner le service d\u2019aides m\u00e9nag\u00e8res et de cr\u00e9er une association pour le remplacer dans la gestion de ce service et provoque la naissance de l\u2019Association d\u2019Aide \u00e0 Domicile du canton de Ch\u00e2tillon en Bazois (A.A.D.O.C.C.).<\/p><p style=\"text-align: justify;\">En 1988, voit l\u2019agr\u00e9ment du premier Contrat de Projet avec la mise en place du Service de portage de Repas \u00e0 Domicile. Le Centre Social devient antenne de la Banque Alimentaire de Dijon.<\/p><p style=\"text-align: justify;\">En 1989, Georges THALAMY succ\u00e8de \u00e0 Paule SAURY \u00e0 la pr\u00e9sidence du Centre Social. Un poste d\u2019animateur Enfance\/Jeunesse est cr\u00e9\u00e9 dans le cadre des postes F.O.N.J.E.P.<\/p><p style=\"text-align: justify;\">En 1990, Bazois Solidarit\u00e9 Multiservices est mis en place apr\u00e8s r\u00e9flexion avec Solidarit\u00e9 58, le S.I.D.E.B. et le C.O.D.E.B.<\/p><p style=\"text-align: justify;\">En 1991, se d\u00e9veloppent les actions avec les agriculteurs dans le cadre du Programme d\u2019Aide \u00e0 la Revitalisation du Milieu rural (la promotion rurale, association d\u2019entraide entre agriculteurs, PAC EUREKA, Information accueil touristique).<br \/>Le 1er octobre 1993, le Service de Soins \u00e0 Domicile est mis en place ; au cours de la m\u00eame ann\u00e9e un poste E.L.I. (Emploi Local d\u2019Insertion) est cr\u00e9\u00e9 et les aides \u00e0 domicile sont incit\u00e9es \u00e0 la pr\u00e9paration du C.A.F.A.D. (Certificat d\u2019Aptitude aux Fonctions d\u2019Aide \u00e0 Domicile).<\/p><p style=\"text-align: justify;\">En 1997, dans le cadre de l\u2019Am\u00e9nagement des Rythmes de Vie des Enfants et des Jeunes, un partenariat est d\u00e9velopp\u00e9 avec les \u00e9coles et le Comit\u00e9 de D\u00e9veloppement du Bazois (C.O.D.E.B.). La m\u00eame ann\u00e9e, l\u2019agr\u00e9ment de qualit\u00e9 pour les services de proximit\u00e9 par la Direction D\u00e9partementale du Travail et de l\u2019Emploi est obtenu ; une convention Centre Social \u2013 D\u00e9partement sur la Prestation Sp\u00e9cifique D\u00e9pendance est sign\u00e9e ; le Centre Social devient ma\u00eetre d\u2019\u0153uvre du Contrat Enfance sign\u00e9 par le S.I.D.E.B.<\/p><p style=\"text-align: justify;\">En 1998, est embauch\u00e9e une personne \u00e0 mi-temps pour le Relais Accueil Service Bazois, et cr\u00e9\u00e9e un poste d\u2019animateur d\u2019activit\u00e9s dans le cadre de la mesure emploi jeunes.<\/p><p style=\"text-align: justify;\">En 1999, un travail important du Conseil d\u2019Administration sur la pr\u00e9paration du Contrat de Projet 2000\/2003 est r\u00e9alis\u00e9 et sont cr\u00e9\u00e9s :<br \/>\u2013 le poste de directeur,<br \/>\u2013 le poste d\u2019attach\u00e9e de direction,<br \/>\u2013 le poste de coordinatrice services aux personnes,<br \/>\u2013 le poste d\u2019agent de suivi des contrats (mesure Emploi Jeunes)<br \/>\u2013 le poste de secr\u00e9tariat accueil \u00e0 plein temps.<br \/>C\u2019est aussi l\u2019ann\u00e9e de signature de l\u2019accord sur l\u2019Am\u00e9nagement et la R\u00e9duction du Temps de Travail (35 heures) et du Contrat Temps Libre par le S.I.D.E.B.<\/p><p style=\"text-align: justify;\">En 2002, le Centre Social a mis en place une enqu\u00eate de population en vue de d\u00e9velopper les services li\u00e9s \u00e0 la petite enfance. Les r\u00e9sultats du sondage montrent la n\u00e9cessit\u00e9 de d\u00e9velopper des actions pour les 0-6 ans (cr\u00e9ation d\u2019une halte garderie, relais assistantes maternelles, organisation de rencontres th\u00e9matiques sur le th\u00e8me de la Petite Enfance). La mise en place d\u2019un Espace Parents-Enfants est alors travaill\u00e9e par une commission petite enfance. Cependant le projet devient un point de divergence au niveau des \u00e9lus locaux. Malgr\u00e9 la m\u00e9diation entreprise par le Centre Social au cours des ann\u00e9es suivantes, le lieu d\u2019implantation, les co\u00fbts financiers ne permettent de faire de l\u2019Espace Parents Enfants un projet accept\u00e9 par tous. En 2006, la Communaut\u00e9 de Communes du Bazois d\u00e9cide d\u00e9finitivement de construire l\u2019Espace Parents Enfants \u00e0 Alluy, commune situ\u00e9e \u00e0 quelques kilom\u00e8tres du bourg centre.<\/p><p style=\"text-align: justify;\">En 2003, le Cyberbazois s\u2019est implant\u00e9 dans de nouveaux locaux (en face du centre social). Son activit\u00e9 se d\u00e9compose en acc\u00e8s libre, ateliers pour les enfants et jeunes dans le cadre des accueils de loisirs, accueil des \u00e9coles primaires, accompagnement du club informatique, ateliers p\u00e9dagogiques personnalis\u00e9s. En D\u00e9cembre 2006, Le Cyberbazois est labellis\u00e9 par le Conseil G\u00e9n\u00e9ral et la Caisse des D\u00e9p\u00f4ts et Consignation, comme \u00ab\u00a0Cyberbase\u00a0\u00bb.<\/p><p style=\"text-align: justify;\">En 2005, le Centre Social est habilit\u00e9 par la Commission R\u00e9gionale des Organismes M\u00e9dico Sociaux pour porter le service d\u2019aide \u00e0 domicile. La cr\u00e9ation du Service Polyvalent d\u2019Aide et de Soins \u00e0 Domicile fin 2005 a permis d\u2019int\u00e9grer l\u2019ensemble du personnel de l\u2019association d\u2019aide \u00e0 domicile. Dans le cadre de cette \u00e9volution, le Conseil G\u00e9n\u00e9ral a ainsi accept\u00e9 de financer un poste de r\u00e9f\u00e9rent technique \u00e0 quart- temps sur l\u2019aide \u00e0 domicile qui a permis de renforcer l\u2019encadrement des aides \u00e0 domicile.<\/p><p style=\"text-align: justify;\">Fin 2006, le Relais Accueil a \u00e9t\u00e9 labellis\u00e9 comme Relais Service Public.<\/p><p style=\"text-align: justify;\">En 2008, apr\u00e8s plusieurs ann\u00e9es de d\u00e9bats locaux, la Maison de la Petite Enfance ouvre ses portes sur la commune d\u2019Alluy. Une \u00e9ducatrice de jeunes enfants et deux animatrices Petite Enfance sont recrut\u00e9es pour assurer le fonctionnement du Multi-Accueil, du Relais Assistantes Maternelles et des Accueils de Loisirs Maternels.<\/p><p style=\"text-align: justify;\">En Mars 2011, l\u2019Accueil de Jour est inaugur\u00e9. Autoris\u00e9e par le Conseil G\u00e9n\u00e9ral et l\u2019Agence R\u00e9gionale de Sant\u00e9 (A.R.S.), la structure est agr\u00e9\u00e9e pour six places. Elle s\u2019adresse \u00e0 des personnes de plus de 60 ans, rencontrant des troubles cognitifs, et s\u2019inscrit au niveau du centre Social, dans une d\u00e9marche de pr\u00e9vention de la perte d\u2019autonomie.<\/p><p style=\"text-align: justify;\">En Mai 2012, la Communaut\u00e9 de Communes du Bazois ouvre la Maison de Sant\u00e9 Pluridisciplinaire. Le Collectif Sant\u00e9 du Centre Social a \u00e9t\u00e9 \u00e0 l\u2019initiative du projet et cette ouverture voit r\u00e9compenser l\u2019ensemble du travail fait par les b\u00e9n\u00e9voles. Elle permet au territoire de se doter d\u2019un \u00e9quipement, en vue d\u2019anticiper le d\u00e9part \u00e0 la retraite des m\u00e9decins g\u00e9n\u00e9ralistes et de proposer \u00e0 de nouveaux professionnels de sant\u00e9, un outil de travail int\u00e9ressant.<\/p><p style=\"text-align: justify;\">En juillet 2013, avec le soutien de la communaut\u00e9 de communes du Bazois, le centre social ouvre une salle adolescents dans le m\u00eame b\u00e2timent\u00a0 que l\u2019accueil de jour.<\/p><p style=\"text-align: justify;\">En 2014, Jean-Paul Bernard succ\u00e8de \u00e0 Georges Thalamy \u00e0 la pr\u00e9sidence du Centre Social. Suite \u00e0 l\u2019\u00e9volution des cantons, le Centre Social devient Centre Social du Bazois en Septembre 2015.<\/p><p style=\"text-align: justify;\">En 2014, la Communaut\u00e9 de Communes du Bazois valide le projet de Maison des G\u00e9n\u00e9rations avec l\u2019am\u00e9nagement d\u2019un espace aquatique.<\/p><p style=\"text-align: justify;\">Le Service Polyvalent d\u2019Aide et de Soins \u00e0 Domicile (SPASAD) et les Services administratifs du Centre Social int\u00e8grent en Juillet 2015 la Maison de Sant\u00e9.<\/p><p style=\"text-align: justify;\">Le Relais Accueil Relais Services Public est labellis\u00e9 le 1er Janvier 2016 comme Maison des Services au Public (MSAP).<\/p><p style=\"text-align: justify;\">Au 1<sup>er<\/sup> janvier 2018, le centre social est retenu par l\u2019Agence R\u00e9gionale de Sant\u00e9 pour mettre en place, \u00e0 titre exp\u00e9rimental, sur 3 ans un service relayage \u00e0 l\u2019\u00e9chelle du pays Nivernais Morvan. Pour cela, il conventionne avec les centres sociaux de Lormes et Moulins Engilbert en vue de former des salari\u00e9s qui ensuite seront charg\u00e9s de remplacer les aidants durant certaines p\u00e9riodes, ceux-ci pouvant ainsi prendre un temps pour eux.<\/p><p style=\"text-align: justify;\">Au cours du 1<sup>er<\/sup> semestre 2018, La maison des G\u00e9n\u00e9rations a ouvert progressivement ses portes\u00a0; A c\u00f4t\u00e9 de l\u2019accueil de jour et de la salle consacr\u00e9e aux adolescents, deux nouvelles salles permettent d\u2019accueillir les accueils de loisirs primaires et les activit\u00e9s adultes du centre social.<\/p><p style=\"text-align: justify;\">En Septembre 2018, un espace aquatique compl\u00e8te les am\u00e9nagements existants et permet de d\u00e9velopper des activit\u00e9s aquatiques ax\u00e9es sur la pr\u00e9vention sant\u00e9.<\/p><p style=\"text-align: justify;\">En d\u00e9cembre 2018, le centre social construit une plateforme logement qui est mise en ligne sur internet. Elle permet de donner aux habitants une information sur les aides existantes et proposent aux propri\u00e9taires de mettre en ligne leur offre de location. La propri\u00e9t\u00e9 du site est ensuite transf\u00e9r\u00e9e \u00e0 la communaut\u00e9 de communes Bazois Loire Morvan qui en assurera la mise \u00e0 jour.<\/p><p style=\"text-align: justify;\">En juillet 2019, le centre social signe un partenariat de 2 ans \u00bd avec le C.C.A.S. de Nevers en vue de d\u00e9velopper une plateforme de Relais et d\u2019Accompagnement des Aidants \u00e0 l\u2019\u00e9chelle d\u00e9partementale ; Avec les centres sociaux de Lormes et Moulins Engilbert, il sera charg\u00e9 de couvrir le pays Nivernais Morvan.<\/p><p style=\"text-align: justify;\">Le projet social est \u00e9galement renouvel\u00e9 et agr\u00e9\u00e9 pour 4 ans jusque juin 2023 avec un projet de cr\u00e9ation d\u2019une Maison des Parents suite au travail men\u00e9 sur la m\u00e9diation familles.<\/p><p style=\"text-align: justify;\">En Octobre 2019, le centre social en partenariat avec celui de Moulins Engilbert, ouvre une antenne de l\u2019accueil de jour sur la commune de Saint Honor\u00e9 les Bains. C\u2019est ainsi qu\u2019il b\u00e9n\u00e9ficie d\u2019une capacit\u00e9 d\u2019accueil de 10 places sur les 2 sites.<\/p><p style=\"text-align: justify;\">Au 1<sup>er<\/sup> f\u00e9vrier 2020, la Maison des Services Au Public est labellis\u00e9 France Services.<\/p><p style=\"text-align: justify;\"><span style=\"font-family: arial,helvetica,sans-serif; font-size: 12pt;\"> <img loading=\"lazy\" decoding=\"async\" class=\" wp-image-1565 alignnone\" src=\"http:\/\/csbazois.org\/wp-content\/uploads\/2020\/02\/logo_France-services_CMJN-300x300.jpg\" alt=\"\" width=\"213\" height=\"213\" srcset=\"https:\/\/csbazois.org\/wp-content\/uploads\/2020\/02\/logo_France-services_CMJN-300x300.jpg 300w, https:\/\/csbazois.org\/wp-content\/uploads\/2020\/02\/logo_France-services_CMJN-150x150.jpg 150w, https:\/\/csbazois.org\/wp-content\/uploads\/2020\/02\/logo_France-services_CMJN-768x768.jpg 768w, https:\/\/csbazois.org\/wp-content\/uploads\/2020\/02\/logo_France-services_CMJN-1024x1024.jpg 1024w, https:\/\/csbazois.org\/wp-content\/uploads\/2020\/02\/logo_France-services_CMJN-110x110.jpg 110w, https:\/\/csbazois.org\/wp-content\/uploads\/2020\/02\/logo_France-services_CMJN-70x70.jpg 70w\" sizes=\"auto, (max-width: 213px) 100vw, 213px\" \/><\/span><\/p><p>Au 1er septembre 2021, le dispositif de relayage, mis en place \u00e0 titre exp\u00e9rimental en 2018, est renouvel\u00e9 pour 5 ans. Une convention tripartite est sign\u00e9e entre l&rsquo;Agence R\u00e9gionale de Sant\u00e9, l&rsquo;Association MSA Services et le Centre Social. Les centres sociaux de Moulins Engilbert et Lormes restent nos partenaires sur ce dispositif.<\/p><p>Au 1er f\u00e9vrier 2022, le centre social poursuit son engagement aupr\u00e8s de la Plateforme d&rsquo;Accompagnement et de R\u00e9pit des Aidants Nivernaise (PFR 58), maintenant port\u00e9e par le centre social de Moulins Engilbert.<\/p>\t\t\t\t\t\t<\/div>\n\t\t\t\t<\/div>\n\t\t\t\t\t<\/div>\n\t\t<\/div>\n\t\t\t\t\t\t\t<\/div>\n\t\t<\/section>\n\t\t\t\t\t\t\t<\/div>\n\t\t","protected":false},"excerpt":{"rendered":"<p>C\u2019est le 25 mai 1970 que s\u2019est d\u00e9roul\u00e9e l\u2019Assembl\u00e9e G\u00e9n\u00e9rale constitutive de Centre M\u00e9dico-Social du Canton de Ch\u00e2tillon en Bazois \u00e0 l\u2019initiative de Pierre Saury nouveau Conseiller G\u00e9n\u00e9ral du canton depuis Mars 1970, qui&#46;&#46;&#46;<\/p>\n","protected":false},"author":1,"featured_media":0,"parent":0,"menu_order":0,"comment_status":"closed","ping_status":"closed","template":"","meta":{"_exactmetrics_skip_tracking":false,"_exactmetrics_sitenote_active":false,"_exactmetrics_sitenote_note":"","_exactmetrics_sitenote_category":0,"footnotes":""},"class_list":["post-60","page","type-page","status-publish","hentry"],"_links":{"self":[{"href":"https:\/\/csbazois.org\/index.php\/wp-json\/wp\/v2\/pages\/60","targetHints":{"allow":["GET"]}}],"collection":[{"href":"https:\/\/csbazois.org\/index.php\/wp-json\/wp\/v2\/pages"}],"about":[{"href":"https:\/\/csbazois.org\/index.php\/wp-json\/wp\/v2\/types\/page"}],"author":[{"embeddable":true,"href":"https:\/\/csbazois.org\/index.php\/wp-json\/wp\/v2\/users\/1"}],"replies":[{"embeddable":true,"href":"https:\/\/csbazois.org\/index.php\/wp-json\/wp\/v2\/comments?post=60"}],"version-history":[{"count":37,"href":"https:\/\/csbazois.org\/index.php\/wp-json\/wp\/v2\/pages\/60\/revisions"}],"predecessor-version":[{"id":3960,"href":"https:\/\/csbazois.org\/index.php\/wp-json\/wp\/v2\/pages\/60\/revisions\/3960"}],"wp:attachment":[{"href":"https:\/\/csbazois.org\/index.php\/wp-json\/wp\/v2\/media?parent=60"}],"curies":[{"name":"wp","href":"https:\/\/api.w.org\/{rel}","templated":true}]}}