{"id":54,"date":"2016-10-20T11:40:32","date_gmt":"2016-10-20T09:40:32","guid":{"rendered":"http:\/\/csbazois.org\/?page_id=54"},"modified":"2023-09-15T16:19:26","modified_gmt":"2023-09-15T14:19:26","slug":"maison-de-la-parentalite","status":"publish","type":"page","link":"https:\/\/csbazois.org\/index.php\/maison-de-la-parentalite\/","title":{"rendered":"Maison de la Parentalit\u00e9"},"content":{"rendered":"\t\t<div data-elementor-type=\"wp-page\" data-elementor-id=\"54\" class=\"elementor elementor-54\">\n\t\t\t\t\t\t\t\t\t<section class=\"elementor-section elementor-top-section elementor-element elementor-element-2069544 elementor-section-boxed elementor-section-height-default elementor-section-height-default\" data-id=\"2069544\" data-element_type=\"section\">\n\t\t\t\t\t\t<div class=\"elementor-container elementor-column-gap-default\">\n\t\t\t\t\t<div class=\"elementor-column elementor-col-100 elementor-top-column elementor-element elementor-element-1d9d566\" data-id=\"1d9d566\" data-element_type=\"column\">\n\t\t\t<div class=\"elementor-widget-wrap elementor-element-populated\">\n\t\t\t\t\t\t\t\t<div class=\"elementor-element elementor-element-e8d0b1a elementor-widget elementor-widget-heading\" data-id=\"e8d0b1a\" data-element_type=\"widget\" data-widget_type=\"heading.default\">\n\t\t\t\t<div class=\"elementor-widget-container\">\n\t\t\t<style>\/*! elementor - v3.16.0 - 17-10-2023 *\/\n.elementor-heading-title{padding:0;margin:0;line-height:1}.elementor-widget-heading .elementor-heading-title[class*=elementor-size-]>a{color:inherit;font-size:inherit;line-height:inherit}.elementor-widget-heading .elementor-heading-title.elementor-size-small{font-size:15px}.elementor-widget-heading .elementor-heading-title.elementor-size-medium{font-size:19px}.elementor-widget-heading .elementor-heading-title.elementor-size-large{font-size:29px}.elementor-widget-heading .elementor-heading-title.elementor-size-xl{font-size:39px}.elementor-widget-heading .elementor-heading-title.elementor-size-xxl{font-size:59px}<\/style><h2 class=\"elementor-heading-title elementor-size-default\">Maison de la Parentalit\u00e9<\/h2>\t\t<\/div>\n\t\t\t\t<\/div>\n\t\t\t\t\t<\/div>\n\t\t<\/div>\n\t\t\t\t\t\t\t<\/div>\n\t\t<\/section>\n\t\t\t\t<section class=\"elementor-section elementor-top-section elementor-element elementor-element-46bf449 elementor-section-boxed elementor-section-height-default elementor-section-height-default\" data-id=\"46bf449\" data-element_type=\"section\">\n\t\t\t\t\t\t<div class=\"elementor-container elementor-column-gap-default\">\n\t\t\t\t\t<div class=\"elementor-column elementor-col-100 elementor-top-column elementor-element elementor-element-1633431\" data-id=\"1633431\" data-element_type=\"column\">\n\t\t\t<div class=\"elementor-widget-wrap elementor-element-populated\">\n\t\t\t\t\t\t\t\t<div class=\"elementor-element elementor-element-27b0cfe elementor-widget elementor-widget-image\" data-id=\"27b0cfe\" data-element_type=\"widget\" data-widget_type=\"image.default\">\n\t\t\t\t<div class=\"elementor-widget-container\">\n\t\t\t<style>\/*! elementor - v3.16.0 - 17-10-2023 *\/\n.elementor-widget-image{text-align:center}.elementor-widget-image a{display:inline-block}.elementor-widget-image a img[src$=\".svg\"]{width:48px}.elementor-widget-image img{vertical-align:middle;display:inline-block}<\/style>\t\t\t\t\t\t\t\t\t\t\t\t<img loading=\"lazy\" decoding=\"async\" width=\"697\" height=\"418\" src=\"https:\/\/csbazois.org\/wp-content\/uploads\/2022\/08\/maison-parentalite-bientot-en-tvx-1.png\" class=\"attachment-large size-large wp-image-3347\" alt=\"\" srcset=\"https:\/\/csbazois.org\/wp-content\/uploads\/2022\/08\/maison-parentalite-bientot-en-tvx-1.png 697w, https:\/\/csbazois.org\/wp-content\/uploads\/2022\/08\/maison-parentalite-bientot-en-tvx-1-300x180.png 300w\" sizes=\"auto, (max-width: 697px) 100vw, 697px\" \/>\t\t\t\t\t\t\t\t\t\t\t\t\t\t\t<\/div>\n\t\t\t\t<\/div>\n\t\t\t\t\t<\/div>\n\t\t<\/div>\n\t\t\t\t\t\t\t<\/div>\n\t\t<\/section>\n\t\t\t\t<section class=\"elementor-section elementor-top-section elementor-element elementor-element-2840b6dd elementor-section-boxed elementor-section-height-default elementor-section-height-default\" data-id=\"2840b6dd\" data-element_type=\"section\">\n\t\t\t\t\t\t<div class=\"elementor-container elementor-column-gap-default\">\n\t\t\t\t\t<div class=\"elementor-column elementor-col-100 elementor-top-column elementor-element elementor-element-4d3c8bcf\" data-id=\"4d3c8bcf\" data-element_type=\"column\">\n\t\t\t<div class=\"elementor-widget-wrap elementor-element-populated\">\n\t\t\t\t\t\t\t\t<div class=\"elementor-element elementor-element-2d4a14d6 elementor-widget elementor-widget-text-editor\" data-id=\"2d4a14d6\" data-element_type=\"widget\" data-widget_type=\"text-editor.default\">\n\t\t\t\t<div class=\"elementor-widget-container\">\n\t\t\t<style>\/*! elementor - v3.16.0 - 17-10-2023 *\/\n.elementor-widget-text-editor.elementor-drop-cap-view-stacked .elementor-drop-cap{background-color:#69727d;color:#fff}.elementor-widget-text-editor.elementor-drop-cap-view-framed .elementor-drop-cap{color:#69727d;border:3px solid;background-color:transparent}.elementor-widget-text-editor:not(.elementor-drop-cap-view-default) .elementor-drop-cap{margin-top:8px}.elementor-widget-text-editor:not(.elementor-drop-cap-view-default) .elementor-drop-cap-letter{width:1em;height:1em}.elementor-widget-text-editor .elementor-drop-cap{float:left;text-align:center;line-height:1;font-size:50px}.elementor-widget-text-editor .elementor-drop-cap-letter{display:inline-block}<\/style>\t\t\t\t<p style=\"text-align: center;\">Le centre social a acquis fin 2017 la propri\u00e9t\u00e9 situ\u00e9e \u00e0 c\u00f4t\u00e9 de la Maison de Sant\u00e9 en vue dans un premier temps d\u2019am\u00e9nager des garages pour les v\u00e9hicules de service.<\/p><p>Suite au travail men\u00e9 sur le th\u00e8me de la s\u00e9paration (r\u00e9alisation d\u2019un guide il \u00e9tait une fois la s\u00e9paration),\u00a0 les partenaires institutionnels (Conseil D\u00e9partemental, C.A.F., M.S.A.) ont fait le choix de retenir le th\u00e8me de\u00a0 la parentalit\u00e9\u00a0 pour le travail partenarial avec le centre social pour les ann\u00e9es 2019\/2023.<\/p><p>L\u2019id\u00e9e retenue est d\u2019am\u00e9nager un espace ressources qui aurait vocation \u00e0 accompagner les parents dans les difficult\u00e9s qu\u2019ils rencontrent. Ce lieu pourrait avoir cinq missions :<\/p><ul style=\"list-style-type: disc;\"><li>Un lieu d&rsquo;accueil enfants-parents proposant des ateliers expositions rencontres autour de la parentalit\u00e9.<\/li><li>Un lieu proposant un accueil aux familles arrivant sur le territoire pour favoriser leur rencontre avec d\u2019autres familles\u00a0 et tenter d\u2019apporter des r\u00e9ponses \u00e0 leurs besoins et ceci en vue d\u2019une int\u00e9gration durable sur le territoire,<\/li><li>Un lieu proposant un service de m\u00e9diation familiale,<\/li><li>Un lieu neutre pour r\u00e9aliser des rencontres des familles suivies par le Conseil D\u00e9partemental,<\/li><li>Un lieu espace de rencontre pour maintenir, pr\u00e9server ou r\u00e9tablir la relation entre l\u2019enfant et le parent chez qui il ne r\u00e9side pas habituellement, lieu pr\u00e9conis\u00e9 dans les situations o\u00f9 une relation enfant-parents et\/ou l\u2019exercice d\u2019un droit de visite est interrompu, difficile ou conflictuel.<\/li><\/ul><p>L\u2019am\u00e9nagement de l\u2019espace ext\u00e9rieur\u00a0 devrait permettre de d\u00e9velopper des actions interg\u00e9n\u00e9rationnelles\u00a0: Am\u00e9nagement d\u2019un espace Jardin, de jeux ext\u00e9rieurs, d\u2019espaces de rencontre, d\u2019un parcours Sant\u00e9 Enfant Motricit\u00e9, des tables de pique-nique\u2026\u2026.<\/p><p>Apr\u00e8s avoir obtenu de la part de nos diff\u00e9rents partenaires &#8211; la CAF, la Pr\u00e9fecture et le Conseil D\u00e9partemental &#8211; une participation financi\u00e8re afin d&rsquo;assurer la restauration de cette maison, nous avons d\u00e9pos\u00e9 le permis de construire en d\u00e9cembre 2020, revenu accord\u00e9 en mai 2021. Les travaux vont donc pouvoir d\u00e9buter en septembre 2022, pour une dur\u00e9e estim\u00e9e de 6 \u00e0 8 mois.<\/p><p>\u00a0<\/p><p style=\"text-align: center;\">Avancement des travaux en image :<\/p>\t\t\t\t\t\t<\/div>\n\t\t\t\t<\/div>\n\t\t\t\t\t<\/div>\n\t\t<\/div>\n\t\t\t\t\t\t\t<\/div>\n\t\t<\/section>\n\t\t\t\t<section class=\"elementor-section elementor-top-section elementor-element elementor-element-d00638e elementor-section-boxed elementor-section-height-default elementor-section-height-default\" data-id=\"d00638e\" data-element_type=\"section\">\n\t\t\t\t\t\t<div class=\"elementor-container elementor-column-gap-default\">\n\t\t\t\t\t<div class=\"elementor-column elementor-col-25 elementor-top-column elementor-element elementor-element-11a2423\" data-id=\"11a2423\" data-element_type=\"column\">\n\t\t\t<div class=\"elementor-widget-wrap elementor-element-populated\">\n\t\t\t\t\t\t\t\t<div class=\"elementor-element elementor-element-be0af7b elementor-widget elementor-widget-image\" data-id=\"be0af7b\" data-element_type=\"widget\" data-widget_type=\"image.default\">\n\t\t\t\t<div class=\"elementor-widget-container\">\n\t\t\t\t\t\t\t\t\t\t\t\t\t\t\t<img loading=\"lazy\" decoding=\"async\" width=\"768\" height=\"1024\" src=\"https:\/\/csbazois.org\/wp-content\/uploads\/2023\/09\/20221124_090636-768x1024.jpg\" class=\"attachment-large size-large wp-image-4349\" alt=\"\" srcset=\"https:\/\/csbazois.org\/wp-content\/uploads\/2023\/09\/20221124_090636-768x1024.jpg 768w, https:\/\/csbazois.org\/wp-content\/uploads\/2023\/09\/20221124_090636-225x300.jpg 225w, https:\/\/csbazois.org\/wp-content\/uploads\/2023\/09\/20221124_090636-1152x1536.jpg 1152w, https:\/\/csbazois.org\/wp-content\/uploads\/2023\/09\/20221124_090636-1536x2048.jpg 1536w, https:\/\/csbazois.org\/wp-content\/uploads\/2023\/09\/20221124_090636-scaled.jpg 1920w\" sizes=\"auto, (max-width: 768px) 100vw, 768px\" \/>\t\t\t\t\t\t\t\t\t\t\t\t\t\t\t<\/div>\n\t\t\t\t<\/div>\n\t\t\t\t\t<\/div>\n\t\t<\/div>\n\t\t\t\t<div class=\"elementor-column elementor-col-25 elementor-top-column elementor-element elementor-element-0ad4326\" data-id=\"0ad4326\" data-element_type=\"column\">\n\t\t\t<div class=\"elementor-widget-wrap elementor-element-populated\">\n\t\t\t\t\t\t\t\t<div class=\"elementor-element elementor-element-67746f4 elementor-widget elementor-widget-image\" data-id=\"67746f4\" data-element_type=\"widget\" data-widget_type=\"image.default\">\n\t\t\t\t<div class=\"elementor-widget-container\">\n\t\t\t\t\t\t\t\t\t\t\t\t\t\t\t<img loading=\"lazy\" decoding=\"async\" width=\"768\" height=\"1024\" src=\"https:\/\/csbazois.org\/wp-content\/uploads\/2023\/09\/IMG_2291-768x1024.jpg\" class=\"attachment-large size-large wp-image-4347\" alt=\"\" srcset=\"https:\/\/csbazois.org\/wp-content\/uploads\/2023\/09\/IMG_2291-768x1024.jpg 768w, https:\/\/csbazois.org\/wp-content\/uploads\/2023\/09\/IMG_2291-225x300.jpg 225w, https:\/\/csbazois.org\/wp-content\/uploads\/2023\/09\/IMG_2291-1152x1536.jpg 1152w, https:\/\/csbazois.org\/wp-content\/uploads\/2023\/09\/IMG_2291-1536x2048.jpg 1536w, https:\/\/csbazois.org\/wp-content\/uploads\/2023\/09\/IMG_2291-scaled.jpg 1920w\" sizes=\"auto, (max-width: 768px) 100vw, 768px\" \/>\t\t\t\t\t\t\t\t\t\t\t\t\t\t\t<\/div>\n\t\t\t\t<\/div>\n\t\t\t\t\t<\/div>\n\t\t<\/div>\n\t\t\t\t<div class=\"elementor-column elementor-col-25 elementor-top-column elementor-element elementor-element-8d9ee77\" data-id=\"8d9ee77\" data-element_type=\"column\">\n\t\t\t<div class=\"elementor-widget-wrap elementor-element-populated\">\n\t\t\t\t\t\t\t\t<div class=\"elementor-element elementor-element-38086c5 elementor-widget elementor-widget-image\" data-id=\"38086c5\" data-element_type=\"widget\" data-widget_type=\"image.default\">\n\t\t\t\t<div class=\"elementor-widget-container\">\n\t\t\t\t\t\t\t\t\t\t\t\t\t\t\t<img loading=\"lazy\" decoding=\"async\" width=\"768\" height=\"1024\" src=\"https:\/\/csbazois.org\/wp-content\/uploads\/2023\/09\/IMG_2290-768x1024.jpg\" class=\"attachment-large size-large wp-image-4348\" alt=\"\" srcset=\"https:\/\/csbazois.org\/wp-content\/uploads\/2023\/09\/IMG_2290-768x1024.jpg 768w, https:\/\/csbazois.org\/wp-content\/uploads\/2023\/09\/IMG_2290-225x300.jpg 225w, https:\/\/csbazois.org\/wp-content\/uploads\/2023\/09\/IMG_2290-1152x1536.jpg 1152w, https:\/\/csbazois.org\/wp-content\/uploads\/2023\/09\/IMG_2290-1536x2048.jpg 1536w, https:\/\/csbazois.org\/wp-content\/uploads\/2023\/09\/IMG_2290-scaled.jpg 1920w\" sizes=\"auto, (max-width: 768px) 100vw, 768px\" \/>\t\t\t\t\t\t\t\t\t\t\t\t\t\t\t<\/div>\n\t\t\t\t<\/div>\n\t\t\t\t\t<\/div>\n\t\t<\/div>\n\t\t\t\t<div class=\"elementor-column elementor-col-25 elementor-top-column elementor-element elementor-element-5487544\" data-id=\"5487544\" data-element_type=\"column\">\n\t\t\t<div class=\"elementor-widget-wrap elementor-element-populated\">\n\t\t\t\t\t\t\t\t<div class=\"elementor-element elementor-element-61d35bc elementor-widget elementor-widget-image\" data-id=\"61d35bc\" data-element_type=\"widget\" data-widget_type=\"image.default\">\n\t\t\t\t<div class=\"elementor-widget-container\">\n\t\t\t\t\t\t\t\t\t\t\t\t\t\t\t<img loading=\"lazy\" decoding=\"async\" width=\"768\" height=\"1024\" src=\"https:\/\/csbazois.org\/wp-content\/uploads\/2023\/09\/IMG_2577-768x1024.jpg\" class=\"attachment-large size-large wp-image-4346\" alt=\"\" srcset=\"https:\/\/csbazois.org\/wp-content\/uploads\/2023\/09\/IMG_2577-768x1024.jpg 768w, https:\/\/csbazois.org\/wp-content\/uploads\/2023\/09\/IMG_2577-225x300.jpg 225w, https:\/\/csbazois.org\/wp-content\/uploads\/2023\/09\/IMG_2577-1152x1536.jpg 1152w, https:\/\/csbazois.org\/wp-content\/uploads\/2023\/09\/IMG_2577-1536x2048.jpg 1536w, https:\/\/csbazois.org\/wp-content\/uploads\/2023\/09\/IMG_2577-scaled.jpg 1920w\" sizes=\"auto, (max-width: 768px) 100vw, 768px\" \/>\t\t\t\t\t\t\t\t\t\t\t\t\t\t\t<\/div>\n\t\t\t\t<\/div>\n\t\t\t\t\t<\/div>\n\t\t<\/div>\n\t\t\t\t\t\t\t<\/div>\n\t\t<\/section>\n\t\t\t\t\t\t\t<\/div>\n\t\t","protected":false},"excerpt":{"rendered":"<p>Maison de la Parentalit\u00e9 Le centre social a acquis fin 2017 la propri\u00e9t\u00e9 situ\u00e9e \u00e0 c\u00f4t\u00e9 de la Maison de Sant\u00e9 en vue dans un premier temps d\u2019am\u00e9nager des garages pour les v\u00e9hicules de&#46;&#46;&#46;<\/p>\n","protected":false},"author":1,"featured_media":0,"parent":0,"menu_order":0,"comment_status":"closed","ping_status":"closed","template":"","meta":{"_exactmetrics_skip_tracking":false,"_exactmetrics_sitenote_active":false,"_exactmetrics_sitenote_note":"","_exactmetrics_sitenote_category":0,"footnotes":""},"class_list":["post-54","page","type-page","status-publish","hentry"],"_links":{"self":[{"href":"https:\/\/csbazois.org\/index.php\/wp-json\/wp\/v2\/pages\/54","targetHints":{"allow":["GET"]}}],"collection":[{"href":"https:\/\/csbazois.org\/index.php\/wp-json\/wp\/v2\/pages"}],"about":[{"href":"https:\/\/csbazois.org\/index.php\/wp-json\/wp\/v2\/types\/page"}],"author":[{"embeddable":true,"href":"https:\/\/csbazois.org\/index.php\/wp-json\/wp\/v2\/users\/1"}],"replies":[{"embeddable":true,"href":"https:\/\/csbazois.org\/index.php\/wp-json\/wp\/v2\/comments?post=54"}],"version-history":[{"count":30,"href":"https:\/\/csbazois.org\/index.php\/wp-json\/wp\/v2\/pages\/54\/revisions"}],"predecessor-version":[{"id":4352,"href":"https:\/\/csbazois.org\/index.php\/wp-json\/wp\/v2\/pages\/54\/revisions\/4352"}],"wp:attachment":[{"href":"https:\/\/csbazois.org\/index.php\/wp-json\/wp\/v2\/media?parent=54"}],"curies":[{"name":"wp","href":"https:\/\/api.w.org\/{rel}","templated":true}]}}