{"id":50,"date":"2016-10-20T11:40:16","date_gmt":"2016-10-20T09:40:16","guid":{"rendered":"http:\/\/csbazois.org\/?page_id=50"},"modified":"2024-05-14T10:13:18","modified_gmt":"2024-05-14T08:13:18","slug":"contact","status":"publish","type":"page","link":"https:\/\/csbazois.org\/index.php\/contact\/","title":{"rendered":"Contact"},"content":{"rendered":"\t\t<div data-elementor-type=\"wp-page\" data-elementor-id=\"50\" class=\"elementor elementor-50\">\n\t\t\t\t\t\t\t\t\t<section class=\"elementor-section elementor-top-section elementor-element elementor-element-320eee33 elementor-section-boxed elementor-section-height-default elementor-section-height-default\" data-id=\"320eee33\" data-element_type=\"section\">\n\t\t\t\t\t\t<div class=\"elementor-container elementor-column-gap-default\">\n\t\t\t\t\t<div class=\"elementor-column elementor-col-100 elementor-top-column elementor-element elementor-element-3081ebab\" data-id=\"3081ebab\" data-element_type=\"column\">\n\t\t\t<div class=\"elementor-widget-wrap elementor-element-populated\">\n\t\t\t\t\t\t\t\t<div class=\"elementor-element elementor-element-282bc8b0 elementor-widget elementor-widget-text-editor\" data-id=\"282bc8b0\" data-element_type=\"widget\" data-widget_type=\"text-editor.default\">\n\t\t\t\t<div class=\"elementor-widget-container\">\n\t\t\t<style>\/*! elementor - v3.16.0 - 17-10-2023 *\/\n.elementor-widget-text-editor.elementor-drop-cap-view-stacked .elementor-drop-cap{background-color:#69727d;color:#fff}.elementor-widget-text-editor.elementor-drop-cap-view-framed .elementor-drop-cap{color:#69727d;border:3px solid;background-color:transparent}.elementor-widget-text-editor:not(.elementor-drop-cap-view-default) .elementor-drop-cap{margin-top:8px}.elementor-widget-text-editor:not(.elementor-drop-cap-view-default) .elementor-drop-cap-letter{width:1em;height:1em}.elementor-widget-text-editor .elementor-drop-cap{float:left;text-align:center;line-height:1;font-size:50px}.elementor-widget-text-editor .elementor-drop-cap-letter{display:inline-block}<\/style>\t\t\t\t<p style=\"text-align: center;\">Le Centre Social du Bazois est situ\u00e9 au 1 bis, Rue de la Picherotte \u00e0 Ch\u00e2tillon en Bazois, ouvert au public :<\/p><p style=\"text-align: center;\">du Lundi au Vendredi de 9h00 \u00e0 12h15 et de 13h30 \u00e0 17h00.<\/p><p style=\"text-align: center;\">Cependant, certains services fonctionnent en fonction des activit\u00e9s d\u00e9velopp\u00e9es comme le Service de Soins \u00e0 Domicile, de 6h \u00e0 21h, 7 jours sur 7 et le Secteur Animation qui propose des activit\u00e9s en fin de journ\u00e9e ou le Samedi.<\/p><p style=\"text-align: center;\">Le Centre Social, Tel. : 03.86.84.19.00, accueille les jeunes pour les activit\u00e9s collectives dans d&rsquo;autres locaux :<\/p><p style=\"text-align: center;\"><a href=\"http:\/\/csbazois.org\/index.php\/elementor-2735\/\" target=\"_blank\" rel=\"noopener\">La Maison de la Petite Enfance <\/a>sur la commune d&rsquo;Alluy, 45, Rue du Champ Bily &#8211; 58110 Alluy.<\/p><p style=\"text-align: center;\">Tel. : 03.86.78.14.89<\/p><p style=\"text-align: center;\"><a href=\"http:\/\/csbazois.org\/index.php\/elementor-2705\/\" target=\"_blank\" rel=\"noopener\">La Maison des G\u00e9n\u00e9rations <\/a>\u00a0\u00e0 Ch\u00e2tillon en Bazois, 1 Rue de la Picherotte &#8211; 58110 Ch\u00e2tillon en Bazois.\u00a0<\/p><p style=\"text-align: center;\">Tel. : 03.86.84.19.00<\/p><p style=\"font-style: normal; font-variant-ligatures: normal; font-variant-caps: normal; font-weight: 400; font-size: 20.34px; font-family: Roboto, sans-serif; text-align: center;\">Accueil de Jour \u00e0 Saint-Honor\u00e9-Les-Bains, 3 rue des caves &#8211; 58360 Saint-Honor\u00e9-Les-Bains.<\/p><p style=\"font-style: normal; font-variant-ligatures: normal; font-variant-caps: normal; font-weight: 400; font-size: 20.34px; font-family: Roboto, sans-serif; text-align: center;\">Tel. : 03.86.84.19.00<\/p><p style=\"text-align: center;\">Des salles communales ou \u00e9coles du Bazois, sont aussi mises \u00e0 disposition par la commune du territoire.<\/p><table style=\"width: 100%; height: 192px;\"><tbody><tr style=\"height: 48px;\"><td style=\"height: 48px;\" width=\"302\">Centre Social du Bazois : <a href=\"mailto:contact@csbazois.org\">contact@csbazois.org<\/a><\/td><td style=\"height: 48px;\" width=\"302\">France Services : <a href=\"mailto:contact@csbazois.org\">msap.chatillon@csbazois.org<\/a><\/td><\/tr><tr style=\"height: 48px;\"><td style=\"height: 48px;\" width=\"302\">Maison de la Petite Enfance : <a href=\"celine.herbin@csbazois.org\">celine.herbin@csbazois.org<\/a><\/td><td style=\"height: 48px;\" width=\"302\">Service Animation : <a href=\"emilie.vallot@csbazois.org\">emilie.vallot@csbazois.org<\/a><\/td><\/tr><tr style=\"height: 48px;\"><td style=\"height: 48px;\" width=\"302\">Service d&rsquo;Aide \u00e0 Domicile : <a href=\"christine.save@csbazois.org\">christine.save@csbazois.org<\/a><\/td><td style=\"height: 48px;\" width=\"302\">Service de Soins \u00e0 Domicile : <a href=\"christine.save@csbazois.org\">magnolia.crepin@csbazois.org<\/a><\/td><\/tr><tr style=\"height: 48px;\"><td style=\"height: 48px;\" width=\"302\">Accueil de Jour :\u00a0 \u00a0 <a href=\"mailto:isabelle.trouvay@csbazois.org\">isabelle.trouvay@csbazois.org<\/a><\/td><td style=\"height: 48px;\" width=\"302\">Service Comptabilit\u00e9 : <a href=\"mailto:accueildejour@csbazois.org\">delphine.agogue@csbazois.org<\/a><\/td><\/tr><\/tbody><\/table><p style=\"text-align: center;\">\u00a0<\/p>\t\t\t\t\t\t<\/div>\n\t\t\t\t<\/div>\n\t\t\t\t\t<\/div>\n\t\t<\/div>\n\t\t\t\t\t\t\t<\/div>\n\t\t<\/section>\n\t\t\t\t\t\t\t<\/div>\n\t\t","protected":false},"excerpt":{"rendered":"<p>Le Centre Social du Bazois est situ\u00e9 au 1 bis, Rue de la Picherotte \u00e0 Ch\u00e2tillon en Bazois, ouvert au public : du Lundi au Vendredi de 9h00 \u00e0 12h15 et de 13h30 \u00e0&#46;&#46;&#46;<\/p>\n","protected":false},"author":1,"featured_media":0,"parent":0,"menu_order":0,"comment_status":"closed","ping_status":"closed","template":"","meta":{"_exactmetrics_skip_tracking":false,"_exactmetrics_sitenote_active":false,"_exactmetrics_sitenote_note":"","_exactmetrics_sitenote_category":0,"footnotes":""},"class_list":["post-50","page","type-page","status-publish","hentry"],"_links":{"self":[{"href":"https:\/\/csbazois.org\/index.php\/wp-json\/wp\/v2\/pages\/50","targetHints":{"allow":["GET"]}}],"collection":[{"href":"https:\/\/csbazois.org\/index.php\/wp-json\/wp\/v2\/pages"}],"about":[{"href":"https:\/\/csbazois.org\/index.php\/wp-json\/wp\/v2\/types\/page"}],"author":[{"embeddable":true,"href":"https:\/\/csbazois.org\/index.php\/wp-json\/wp\/v2\/users\/1"}],"replies":[{"embeddable":true,"href":"https:\/\/csbazois.org\/index.php\/wp-json\/wp\/v2\/comments?post=50"}],"version-history":[{"count":61,"href":"https:\/\/csbazois.org\/index.php\/wp-json\/wp\/v2\/pages\/50\/revisions"}],"predecessor-version":[{"id":4603,"href":"https:\/\/csbazois.org\/index.php\/wp-json\/wp\/v2\/pages\/50\/revisions\/4603"}],"wp:attachment":[{"href":"https:\/\/csbazois.org\/index.php\/wp-json\/wp\/v2\/media?parent=50"}],"curies":[{"name":"wp","href":"https:\/\/api.w.org\/{rel}","templated":true}]}}