{"id":46,"date":"2016-10-20T11:39:49","date_gmt":"2016-10-20T09:39:49","guid":{"rendered":"http:\/\/csbazois.org\/?page_id=46"},"modified":"2020-09-03T10:52:37","modified_gmt":"2020-09-03T08:52:37","slug":"communication","status":"publish","type":"page","link":"https:\/\/csbazois.org\/index.php\/communication\/","title":{"rendered":"Communication"},"content":{"rendered":"<p style=\"text-align: justify;\">Depuis toujours, le Centre Social du Bazois privil\u00e9gie le contact et la communication avec les habitants et les acteurs de son territoire.<\/p>\n<p style=\"text-align: justify;\"><span style=\"text-decoration: underline;\"><span style=\"font-family: arial,helvetica,sans-serif; font-size: 12pt;\"><em><strong>Vous pouvez vous connecter, si vous le souhaitez aux 2 pages Facebook ci-joint.<\/strong><\/em><\/span><\/span><\/p>\n<p><a href=\"https:\/\/www.facebook.com\/Anim-ton-Bazois-628935400581507\/\"><img loading=\"lazy\" decoding=\"async\" class=\"wp-image-521 alignnone\" src=\"http:\/\/csbazois.org\/wp-content\/uploads\/2016\/10\/Pages-facebook-anim.png\" alt=\"\" width=\"235\" height=\"232\" srcset=\"https:\/\/csbazois.org\/wp-content\/uploads\/2016\/10\/Pages-facebook-anim.png 257w, https:\/\/csbazois.org\/wp-content\/uploads\/2016\/10\/Pages-facebook-anim-110x110.png 110w, https:\/\/csbazois.org\/wp-content\/uploads\/2016\/10\/Pages-facebook-anim-70x70.png 70w\" sizes=\"auto, (max-width: 235px) 100vw, 235px\" \/><\/a><a href=\"https:\/\/www.facebook.com\/Centre-Social-du-Bazois-533101956870667\/\"><img loading=\"lazy\" decoding=\"async\" class=\"wp-image-522 alignnone\" src=\"http:\/\/csbazois.org\/wp-content\/uploads\/2016\/10\/pages-facebook-cs.png\" alt=\"\" width=\"240\" height=\"217\" \/><\/a><\/p>\n<p style=\"text-align: justify;\">Dans la rubrique actualit\u00e9s, vous trouverez les informations sur tous les derniers programmes d&rsquo;activit\u00e9s, ainsi que les actions ponctuelles mises en \u0153uvre.<\/p>\n<p style=\"text-align: justify;\">Vous trouverez, dans\u00a0la rubrique Le Bazois les \u00e9ditions du \u00ab\u00a0Bazois\u00a0\u00bb, le journal du Centre Social diffus\u00e9 trimestriellement dans tous les foyers du Bazois.<\/p>\n<p><img loading=\"lazy\" decoding=\"async\" class=\"alignleft wp-image-1676 size-medium\" src=\"http:\/\/csbazois.org\/wp-content\/uploads\/2020\/03\/Le-Bazois-Janvier-2020-1-212x300.jpg\" alt=\"\" width=\"212\" height=\"300\" srcset=\"https:\/\/csbazois.org\/wp-content\/uploads\/2020\/03\/Le-Bazois-Janvier-2020-1-212x300.jpg 212w, https:\/\/csbazois.org\/wp-content\/uploads\/2020\/03\/Le-Bazois-Janvier-2020-1.jpg 300w\" sizes=\"auto, (max-width: 212px) 100vw, 212px\" \/><\/p>\n<p style=\"text-align: justify;\">Dans la rubrique Articles de Presse, vous trouverez les articles diffus\u00e9s sur l&rsquo;action du Centre Social.<\/p>\n","protected":false},"excerpt":{"rendered":"<p>Depuis toujours, le Centre Social du Bazois privil\u00e9gie le contact et la communication avec les habitants et les acteurs de son territoire. Vous pouvez vous connecter, si vous le souhaitez aux 2 pages Facebook&#46;&#46;&#46;<\/p>\n","protected":false},"author":1,"featured_media":0,"parent":0,"menu_order":0,"comment_status":"closed","ping_status":"closed","template":"","meta":{"_exactmetrics_skip_tracking":false,"_exactmetrics_sitenote_active":false,"_exactmetrics_sitenote_note":"","_exactmetrics_sitenote_category":0,"footnotes":""},"class_list":["post-46","page","type-page","status-publish","hentry"],"_links":{"self":[{"href":"https:\/\/csbazois.org\/index.php\/wp-json\/wp\/v2\/pages\/46","targetHints":{"allow":["GET"]}}],"collection":[{"href":"https:\/\/csbazois.org\/index.php\/wp-json\/wp\/v2\/pages"}],"about":[{"href":"https:\/\/csbazois.org\/index.php\/wp-json\/wp\/v2\/types\/page"}],"author":[{"embeddable":true,"href":"https:\/\/csbazois.org\/index.php\/wp-json\/wp\/v2\/users\/1"}],"replies":[{"embeddable":true,"href":"https:\/\/csbazois.org\/index.php\/wp-json\/wp\/v2\/comments?post=46"}],"version-history":[{"count":19,"href":"https:\/\/csbazois.org\/index.php\/wp-json\/wp\/v2\/pages\/46\/revisions"}],"predecessor-version":[{"id":1677,"href":"https:\/\/csbazois.org\/index.php\/wp-json\/wp\/v2\/pages\/46\/revisions\/1677"}],"wp:attachment":[{"href":"https:\/\/csbazois.org\/index.php\/wp-json\/wp\/v2\/media?parent=46"}],"curies":[{"name":"wp","href":"https:\/\/api.w.org\/{rel}","templated":true}]}}