{"id":44,"date":"2016-10-20T11:39:41","date_gmt":"2016-10-20T09:39:41","guid":{"rendered":"http:\/\/csbazois.org\/?page_id=44"},"modified":"2022-08-09T12:18:29","modified_gmt":"2022-08-09T10:18:29","slug":"commission-personnes-retraitees","status":"publish","type":"page","link":"https:\/\/csbazois.org\/index.php\/commission-personnes-retraitees\/","title":{"rendered":"Pr\u00e9vention de la perte d&rsquo;autonomie et de l&rsquo;isolement"},"content":{"rendered":"\t\t<div data-elementor-type=\"wp-page\" data-elementor-id=\"44\" class=\"elementor elementor-44\">\n\t\t\t\t\t\t\t\t\t<section class=\"elementor-section elementor-top-section elementor-element elementor-element-21eb6888 elementor-section-boxed elementor-section-height-default elementor-section-height-default\" data-id=\"21eb6888\" data-element_type=\"section\">\n\t\t\t\t\t\t<div class=\"elementor-container elementor-column-gap-default\">\n\t\t\t\t\t<div class=\"elementor-column elementor-col-100 elementor-top-column elementor-element elementor-element-3ed5a19f\" data-id=\"3ed5a19f\" data-element_type=\"column\">\n\t\t\t<div class=\"elementor-widget-wrap elementor-element-populated\">\n\t\t\t\t\t\t\t\t<div class=\"elementor-element elementor-element-523821ba elementor-widget elementor-widget-text-editor\" data-id=\"523821ba\" data-element_type=\"widget\" data-widget_type=\"text-editor.default\">\n\t\t\t\t<div class=\"elementor-widget-container\">\n\t\t\t<style>\/*! elementor - v3.16.0 - 17-10-2023 *\/\n.elementor-widget-text-editor.elementor-drop-cap-view-stacked .elementor-drop-cap{background-color:#69727d;color:#fff}.elementor-widget-text-editor.elementor-drop-cap-view-framed .elementor-drop-cap{color:#69727d;border:3px solid;background-color:transparent}.elementor-widget-text-editor:not(.elementor-drop-cap-view-default) .elementor-drop-cap{margin-top:8px}.elementor-widget-text-editor:not(.elementor-drop-cap-view-default) .elementor-drop-cap-letter{width:1em;height:1em}.elementor-widget-text-editor .elementor-drop-cap{float:left;text-align:center;line-height:1;font-size:50px}.elementor-widget-text-editor .elementor-drop-cap-letter{display:inline-block}<\/style>\t\t\t\t<p style=\"text-align: center;\"><span style=\"color: #d64978; font-family: 'comic sans ms', sans-serif; font-size: 18pt;\"><strong>Aide \u00e0 Domicile<\/strong><\/span><\/p><p style=\"text-align: center;\"><span style=\"font-family: 'comic sans ms', sans-serif;\">Grace au soutien financier de la CARSAT et de la Conf\u00e9rence des Financeurs, le Centre Social a pu et peut d\u00e9velopper des actions de pr\u00e9vention de la perte d\u2019autonomie et de l\u2019isolement.<\/span><\/p><p style=\"text-align: center;\"><span style=\"color: #d64978; font-family: 'comic sans ms', sans-serif; font-size: 18pt;\"><strong>ATELIERS DU BIEN VIEILLIR<\/strong><\/span><\/p><p style=\"text-align: center;\"><span style=\"font-family: 'comic sans ms', sans-serif;\">Vous pouvez retrouver l\u2019ensemble de ces ateliers dans la rubrique Activit\u00e9s sur les Activit\u00e9s Adultes-Pr\u00e9vention <span style=\"color: #0000ff;\"><span style=\"font-size: 12pt;\">en cliquant<a style=\"color: #0000ff;\" href=\"http:\/\/csbazois.org\/index.php\/adultes-prevention\/\"> ICI<\/a><\/span><\/span><\/span><\/p><p style=\"text-align: center;\"><span style=\"color: #d64978; font-family: 'comic sans ms', sans-serif; font-size: 18pt;\"><strong>COMMISSION PERSONNES RETRAITEES<\/strong><\/span><\/p><p style=\"text-align: center;\"><span style=\"font-family: 'comic sans ms', sans-serif;\">La commission personnes retrait\u00e9es est un groupe d\u2019habitants qui se r\u00e9unit r\u00e9guli\u00e8rement en vue de mettre en \u0153uvre des animations au profit des personnes retrait\u00e9es. Elle organise depuis 15 ans chaque ann\u00e9e la Semaine Bleue et met en place depuis quelques ann\u00e9es des animations sur l\u2019ensemble de l\u2019ann\u00e9e. Chaque ann\u00e9e, la commission se renouvelle avec la pr\u00e9sence de nouveaux membres. N\u2019h\u00e9sitez pas \u00e0 contacter le centre social pour vous associer aux b\u00e9n\u00e9voles.<\/span><\/p><p style=\"text-align: center;\"><span style=\"font-family: 'comic sans ms', sans-serif; font-size: 18pt; color: #d64978;\"><strong>FETE DE PRINTEMPS<\/strong><\/span><\/p><p style=\"text-align: center;\"><span style=\"font-family: 'comic sans ms', sans-serif;\"><img loading=\"lazy\" decoding=\"async\" class=\" wp-image-711 alignnone\" src=\"http:\/\/csbazois.org\/wp-content\/uploads\/2016\/10\/IMG_1230-300x225.jpg\" alt=\"\" width=\"507\" height=\"380\" srcset=\"https:\/\/csbazois.org\/wp-content\/uploads\/2016\/10\/IMG_1230-300x225.jpg 300w, https:\/\/csbazois.org\/wp-content\/uploads\/2016\/10\/IMG_1230-768x576.jpg 768w, https:\/\/csbazois.org\/wp-content\/uploads\/2016\/10\/IMG_1230-1024x768.jpg 1024w, https:\/\/csbazois.org\/wp-content\/uploads\/2016\/10\/IMG_1230-105x80.jpg 105w\" sizes=\"auto, (max-width: 507px) 100vw, 507px\" \/><\/span><\/p><p style=\"text-align: center;\"><span style=\"font-family: 'comic sans ms', sans-serif;\">Premi\u00e8re manifestation organis\u00e9e dans l\u2019ann\u00e9e par la commission personnes retrait\u00e9es, cet apr\u00e8s-midi convivial propose un temps de d\u00e9tente aux personnes retrait\u00e9es du Bazois. Les diff\u00e9rents clubs des ain\u00e9s du territoire sont invit\u00e9s ; les personnes accueillies dans le cadre du Service Polyvalent d\u2019aide et de soins \u00e0 domicile et leurs aidants sont aussi mobilis\u00e9s et le personnel et les b\u00e9n\u00e9voles du centre social assure l\u2019organisation et la mise en \u0153uvre des d\u00e9placements des personnes. L\u2019accueil de jour participe \u00e9galement au menu de l\u2019apr\u00e8s-midi : Jeux de cartes, chansons, petites Douceurs \u2026.<\/span><\/p><p style=\"text-align: center;\"><span style=\"font-family: 'comic sans ms', sans-serif; font-size: 18pt; color: #d64978;\"><strong>GUINGUETTE AU BORD\u00a0DE L&rsquo;EAU<\/strong><\/span><\/p><p style=\"text-align: center;\"><span style=\"font-family: 'comic sans ms', sans-serif;\"><img loading=\"lazy\" decoding=\"async\" class=\"wp-image-1569 \" src=\"http:\/\/csbazois.org\/wp-content\/uploads\/2020\/02\/20190904_164109-300x225.jpg\" alt=\"\" width=\"290\" height=\"218\" srcset=\"https:\/\/csbazois.org\/wp-content\/uploads\/2020\/02\/20190904_164109-300x225.jpg 300w, https:\/\/csbazois.org\/wp-content\/uploads\/2020\/02\/20190904_164109-768x576.jpg 768w, https:\/\/csbazois.org\/wp-content\/uploads\/2020\/02\/20190904_164109-1024x768.jpg 1024w, https:\/\/csbazois.org\/wp-content\/uploads\/2020\/02\/20190904_164109-105x80.jpg 105w\" sizes=\"auto, (max-width: 290px) 100vw, 290px\" \/><\/span><\/p><p style=\"text-align: center;\"><span style=\"font-family: 'comic sans ms', sans-serif;\">Le Centre Social organise, chaque ann\u00e9e, une Guinguette au Bord de l\u2019Eau, au port de Ch\u00e2tillon en Bazois, anim\u00e9e par un accord\u00e9oniste. On peut m\u00eame s\u2019essayer \u00e0 quelques pas de danse. L\u00e0 aussi les transports sont assur\u00e9s par le personnel du centre social pour les personnes retrait\u00e9es qui ont des difficult\u00e9s pour se d\u00e9placer \u00e0 la manifestation.<\/span><\/p><p style=\"text-align: center;\"><span style=\"font-family: 'comic sans ms', sans-serif; font-size: 18pt; color: #d64978;\"><strong>SEMAINE BLEUE<\/strong><\/span><\/p><p style=\"text-align: center;\"><span style=\"font-family: 'comic sans ms', sans-serif;\">Durant la semaine bleue, tout un programme d&rsquo;activit\u00e9s est propos\u00e9 par la Commission personnes retrait\u00e9es : d\u00e9couverte des ateliers de pr\u00e9vention, \u00e9changes interg\u00e9n\u00e9rationnels, informations sur des th\u00e9matiques sp\u00e9cifiques sont au programme&#8230;<\/span><\/p><p style=\"text-align: center;\"><span style=\"font-family: 'comic sans ms', sans-serif; font-size: 18pt; color: #d64978;\"><strong>GOUTER DE NOEL<\/strong><\/span><\/p><p style=\"text-align: center;\"><span style=\"font-family: 'comic sans ms', sans-serif;\"><img loading=\"lazy\" decoding=\"async\" class=\"wp-image-714 alignnone\" src=\"http:\/\/csbazois.org\/wp-content\/uploads\/2016\/10\/IMG_1172-300x225.jpg\" alt=\"\" width=\"444\" height=\"333\" srcset=\"https:\/\/csbazois.org\/wp-content\/uploads\/2016\/10\/IMG_1172-300x225.jpg 300w, https:\/\/csbazois.org\/wp-content\/uploads\/2016\/10\/IMG_1172-768x576.jpg 768w, https:\/\/csbazois.org\/wp-content\/uploads\/2016\/10\/IMG_1172-1024x768.jpg 1024w, https:\/\/csbazois.org\/wp-content\/uploads\/2016\/10\/IMG_1172-105x80.jpg 105w\" sizes=\"auto, (max-width: 444px) 100vw, 444px\" \/><\/span><\/p><p style=\"text-align: center;\"><span style=\"font-family: 'comic sans ms', sans-serif;\">Comme au printemps, les b\u00e9n\u00e9voles renouvellent un instant convivial pour f\u00eater la fin d\u2019ann\u00e9e. L\u2019objectif de ces manifestations est de permettre \u00e0 des personnes qui n\u2019ont plus l\u2019habitude de sortir de chez eux de revoir des connaissances et de tout simplement passer un moment agr\u00e9able en bonne compagnie.<\/span><\/p><p style=\"text-align: center;\"><span style=\"font-family: 'comic sans ms', sans-serif; font-size: 18pt; color: #d64978;\"><strong>EXAMENS DE SANTE<\/strong><\/span><\/p><p style=\"text-align: center;\"><span style=\"font-family: 'comic sans ms', sans-serif;\"><img loading=\"lazy\" decoding=\"async\" class=\"wp-image-716 alignnone\" src=\"http:\/\/csbazois.org\/wp-content\/uploads\/2016\/10\/plaquette-bilan-de-sant\u00e9.png\" alt=\"\" width=\"289\" height=\"403\" \/><\/span><\/p><p style=\"text-align: center;\"><span style=\"font-family: 'comic sans ms', sans-serif;\">En partenariat avec le centre d\u2019examen de la Caisse Primaire d\u2019Assurance Maladie (CPAM) \u00e0 NEVERS, le Centre Social organise une \u00e0 deux fois dans l\u2019ann\u00e9e un d\u00e9placement pour permettre aux personnes qui s\u2019inscrivent \u00e0 l\u2019avance d\u2019effectuer un Bilan de Sant\u00e9.<\/span><\/p><p style=\"text-align: center;\"><span style=\"font-family: 'comic sans ms', sans-serif;\">Le Bilan de Sant\u00e9 consiste en :<\/span><\/p><table class=\" aligncenter\" style=\"width: 535.26px; height: 158px;\"><tbody><tr style=\"height: 24px;\"><td style=\"width: 253px; height: 24px;\"><span style=\"font-family: 'comic sans ms', sans-serif;\">Une prise de sang<\/span><\/td><td style=\"width: 270.26px; height: 24px;\"><span style=\"font-family: 'comic sans ms', sans-serif;\">Un examen bucco-dentaire<\/span><\/td><\/tr><tr style=\"height: 24.58px;\"><td style=\"width: 253px; height: 24.58px;\"><span style=\"font-family: 'comic sans ms', sans-serif;\">Une mesure biom\u00e9trique<\/span><\/td><td style=\"width: 270.26px; height: 24.58px;\"><span style=\"font-family: 'comic sans ms', sans-serif;\">Un test visuel<\/span><\/td><\/tr><tr style=\"height: 24px;\"><td style=\"width: 253px; height: 24px;\"><span style=\"font-family: 'comic sans ms', sans-serif;\">Une analyse d&rsquo;urine<\/span><\/td><td style=\"width: 270.26px; height: 24px;\"><span style=\"font-family: 'comic sans ms', sans-serif;\">Un \u00e9lectrocardiogramme<\/span><\/td><\/tr><tr style=\"height: 24px;\"><td style=\"width: 253px; height: 24px;\"><span style=\"font-family: 'comic sans ms', sans-serif;\">Une spirom\u00e9trie (test d&rsquo;effort)<\/span><\/td><td style=\"width: 270.26px; height: 24px;\"><span style=\"font-family: 'comic sans ms', sans-serif;\">Une information di\u00e9t\u00e9ticienne<\/span><\/td><\/tr><tr style=\"height: 24px;\"><td style=\"width: 253px; height: 24px;\"><span style=\"font-family: 'comic sans ms', sans-serif;\">Un test auditif<\/span><\/td><td style=\"width: 270.26px; height: 24px;\"><span style=\"font-family: 'comic sans ms', sans-serif;\">Un entretien avec une psychologue<\/span><\/td><\/tr><\/tbody><\/table><p style=\"text-align: center;\"><span style=\"font-family: 'comic sans ms', sans-serif;\">Vous devez \u00eatre \u00e0 jeun ; apr\u00e8s le pr\u00e9l\u00e8vement sanguin, il vous sera servi un petit d\u00e9jeuner.<\/span><br \/><span style=\"font-family: 'comic sans ms', sans-serif;\"><strong>Contactez le Centre Social.\u00a0\u00a0D\u00e8s qu\u2019un groupe de 8 personnes est constitu\u00e9, une date est arr\u00eat\u00e9e.<\/strong><\/span><\/p><p style=\"text-align: center;\"><span style=\"font-family: 'comic sans ms', sans-serif; font-size: 18pt; color: #d64978;\"><strong>ATELIERS BONS JOURS<\/strong><\/span><\/p><p style=\"text-align: center;\"><span style=\"font-family: 'comic sans ms', sans-serif;\">En lien avec la f\u00e9d\u00e9ration d\u00e9partementale des centres sociaux, le Centre Social peut mettre en place des ateliers bons jours. En 2015\/2016, une dizaine de personnes ont particip\u00e9 \u00e0 l\u2019atelier \u00abBien Dormir, Bien Vieillir, Bien Vivre\u00bb. La F\u00e9d\u00e9ration D\u00e9partementale est charg\u00e9e de mettre en \u0153uvre le programme Pr\u00e9vention Sant\u00e9 S\u00e9niors Bourgogne. 7 modules sont propos\u00e9es et peuvent \u00eatre mis en place \u00e0 la demande :<\/span><\/p><p style=\"text-align: center;\"><span style=\"font-family: 'comic sans ms', sans-serif;\">Le Programme \u00ab\u00a0Les ateliers Bons Jours\u00a0\u00bb port\u00e9 par les caisses de retraites (Carsat, MSA, S\u00e9curit\u00e9 Social des Ind\u00e9pendants) propose une offre de pr\u00e9vention diversifi\u00e9e et de qualit\u00e9 aux personnes de plus de 60 ans autour de th\u00e9matiques et d&rsquo;ateliers labelliss\u00e9s anim\u00e9s par des professionnels.<\/span><\/p><p style=\"text-align: center;\"><span style=\"text-decoration: underline; font-family: 'comic sans ms', sans-serif;\"><strong>7 Ateliers labellis\u00e9s :<\/strong><\/span><\/p><p style=\"text-align: center;\"><span style=\"font-family: 'comic sans ms', sans-serif;\"><strong>La nutrition :<\/strong>\u00a0o\u00f9 en \u00eates-vous ? Rep\u00e8res et conseils pour mieux manger et mieux bouger.<\/span><\/p><p style=\"text-align: center;\"><span style=\"font-family: 'comic sans ms', sans-serif;\"><strong>Peps Eur\u00eaka :<\/strong>\u00a0des astuces et des exercices pour donner du PEPS \u00e0 vos neurones et \u00e0 votre vie.<\/span><\/p><p style=\"text-align: center;\"><span style=\"font-family: 'comic sans ms', sans-serif;\"><strong>L&rsquo;\u00e9quilibre :<\/strong>\u00a0o\u00f9 en \u00eates-vous ? Exercices physiques pour garder l&rsquo;\u00e9quilibre<\/span><\/p><p style=\"text-align: center;\"><span style=\"font-family: 'comic sans ms', sans-serif;\"><strong>Le sommeil<\/strong> : o\u00f9 en \u00eates-vous ? Rep\u00e8res et conseils pour un meilleur sommeil.<\/span><\/p><p style=\"text-align: center;\"><span style=\"font-family: 'comic sans ms', sans-serif;\"><strong>Force et Forme au quotidien<\/strong> : exercices adapt\u00e9s et vari\u00e9s en lien avec votre quotidien.<\/span><\/p><p style=\"text-align: center;\"><span style=\"font-family: 'comic sans ms', sans-serif;\"><strong>Vitalit\u00e9<\/strong> : partage d&rsquo;exp\u00e9riences pour prendre soin de soi et am\u00e9liorer sa qualit\u00e9 de vie.<\/span><\/p><p style=\"text-align: center;\"><span style=\"font-family: 'comic sans ms', sans-serif;\"><strong>Bon&rsquo;us Tonus<\/strong> : astuces pour prendre soin de votre sant\u00e9 et celle de votre maison<\/span><\/p><p style=\"text-align: center;\"><span style=\"font-family: 'comic sans ms', sans-serif;\"><strong>L\u00e0 aussi, contactez le Centre Social. D\u00e8s qu&rsquo;un groupe de 8 personnes est constitu\u00e9, une date est arr\u00eat\u00e9e.<\/strong><\/span><\/p><div class=\"kvgmc6g5 cxmmr5t8 oygrvhab hcukyx3x c1et5uql ii04i59q\">\u00a0<\/div>\t\t\t\t\t\t<\/div>\n\t\t\t\t<\/div>\n\t\t\t\t\t<\/div>\n\t\t<\/div>\n\t\t\t\t\t\t\t<\/div>\n\t\t<\/section>\n\t\t\t\t\t\t\t<\/div>\n\t\t","protected":false},"excerpt":{"rendered":"<p>Aide \u00e0 Domicile Grace au soutien financier de la CARSAT et de la Conf\u00e9rence des Financeurs, le Centre Social a pu et peut d\u00e9velopper des actions de pr\u00e9vention de la perte d\u2019autonomie et de&#46;&#46;&#46;<\/p>\n","protected":false},"author":1,"featured_media":0,"parent":0,"menu_order":0,"comment_status":"closed","ping_status":"closed","template":"","meta":{"_exactmetrics_skip_tracking":false,"_exactmetrics_sitenote_active":false,"_exactmetrics_sitenote_note":"","_exactmetrics_sitenote_category":0,"footnotes":""},"class_list":["post-44","page","type-page","status-publish","hentry"],"_links":{"self":[{"href":"https:\/\/csbazois.org\/index.php\/wp-json\/wp\/v2\/pages\/44","targetHints":{"allow":["GET"]}}],"collection":[{"href":"https:\/\/csbazois.org\/index.php\/wp-json\/wp\/v2\/pages"}],"about":[{"href":"https:\/\/csbazois.org\/index.php\/wp-json\/wp\/v2\/types\/page"}],"author":[{"embeddable":true,"href":"https:\/\/csbazois.org\/index.php\/wp-json\/wp\/v2\/users\/1"}],"replies":[{"embeddable":true,"href":"https:\/\/csbazois.org\/index.php\/wp-json\/wp\/v2\/comments?post=44"}],"version-history":[{"count":71,"href":"https:\/\/csbazois.org\/index.php\/wp-json\/wp\/v2\/pages\/44\/revisions"}],"predecessor-version":[{"id":3175,"href":"https:\/\/csbazois.org\/index.php\/wp-json\/wp\/v2\/pages\/44\/revisions\/3175"}],"wp:attachment":[{"href":"https:\/\/csbazois.org\/index.php\/wp-json\/wp\/v2\/media?parent=44"}],"curies":[{"name":"wp","href":"https:\/\/api.w.org\/{rel}","templated":true}]}}