{"id":3310,"date":"2022-08-10T12:11:56","date_gmt":"2022-08-10T10:11:56","guid":{"rendered":"http:\/\/csbazois.org\/?page_id=3310"},"modified":"2025-05-02T13:50:52","modified_gmt":"2025-05-02T11:50:52","slug":"elementor-3310","status":"publish","type":"page","link":"https:\/\/csbazois.org\/index.php\/elementor-3310\/","title":{"rendered":"Espace Aquatique"},"content":{"rendered":"\t\t<div data-elementor-type=\"wp-page\" data-elementor-id=\"3310\" class=\"elementor elementor-3310\">\n\t\t\t\t\t\t\t\t\t<section class=\"elementor-section elementor-top-section elementor-element elementor-element-8fdcacb elementor-section-boxed elementor-section-height-default elementor-section-height-default\" data-id=\"8fdcacb\" data-element_type=\"section\">\n\t\t\t\t\t\t<div class=\"elementor-container elementor-column-gap-default\">\n\t\t\t\t\t<div class=\"elementor-column elementor-col-100 elementor-top-column elementor-element elementor-element-5a1e67f\" data-id=\"5a1e67f\" data-element_type=\"column\">\n\t\t\t<div class=\"elementor-widget-wrap elementor-element-populated\">\n\t\t\t\t\t\t\t\t<div class=\"elementor-element elementor-element-f01e384 elementor-widget elementor-widget-heading\" data-id=\"f01e384\" data-element_type=\"widget\" data-widget_type=\"heading.default\">\n\t\t\t\t<div class=\"elementor-widget-container\">\n\t\t\t<style>\/*! elementor - v3.16.0 - 17-10-2023 *\/\n.elementor-heading-title{padding:0;margin:0;line-height:1}.elementor-widget-heading .elementor-heading-title[class*=elementor-size-]>a{color:inherit;font-size:inherit;line-height:inherit}.elementor-widget-heading .elementor-heading-title.elementor-size-small{font-size:15px}.elementor-widget-heading .elementor-heading-title.elementor-size-medium{font-size:19px}.elementor-widget-heading .elementor-heading-title.elementor-size-large{font-size:29px}.elementor-widget-heading .elementor-heading-title.elementor-size-xl{font-size:39px}.elementor-widget-heading .elementor-heading-title.elementor-size-xxl{font-size:59px}<\/style><h2 class=\"elementor-heading-title elementor-size-default\">Espace Aquatique<\/h2>\t\t<\/div>\n\t\t\t\t<\/div>\n\t\t\t\t\t<\/div>\n\t\t<\/div>\n\t\t\t\t\t\t\t<\/div>\n\t\t<\/section>\n\t\t\t\t<section class=\"elementor-section elementor-top-section elementor-element elementor-element-9cef7ff elementor-section-boxed elementor-section-height-default elementor-section-height-default\" data-id=\"9cef7ff\" data-element_type=\"section\">\n\t\t\t\t\t\t<div class=\"elementor-container elementor-column-gap-default\">\n\t\t\t\t\t<div class=\"elementor-column elementor-col-100 elementor-top-column elementor-element elementor-element-97cee2c\" data-id=\"97cee2c\" data-element_type=\"column\">\n\t\t\t<div class=\"elementor-widget-wrap elementor-element-populated\">\n\t\t\t\t\t\t\t\t<div class=\"elementor-element elementor-element-145d499 elementor-widget elementor-widget-image\" data-id=\"145d499\" data-element_type=\"widget\" data-widget_type=\"image.default\">\n\t\t\t\t<div class=\"elementor-widget-container\">\n\t\t\t<style>\/*! elementor - v3.16.0 - 17-10-2023 *\/\n.elementor-widget-image{text-align:center}.elementor-widget-image a{display:inline-block}.elementor-widget-image a img[src$=\".svg\"]{width:48px}.elementor-widget-image img{vertical-align:middle;display:inline-block}<\/style>\t\t\t\t\t\t\t\t\t\t\t\t<img loading=\"lazy\" decoding=\"async\" width=\"563\" height=\"370\" src=\"https:\/\/csbazois.org\/wp-content\/uploads\/2022\/08\/piscine-centre-1.png\" class=\"attachment-large size-large wp-image-3313\" alt=\"\" srcset=\"https:\/\/csbazois.org\/wp-content\/uploads\/2022\/08\/piscine-centre-1.png 563w, https:\/\/csbazois.org\/wp-content\/uploads\/2022\/08\/piscine-centre-1-300x197.png 300w\" sizes=\"auto, (max-width: 563px) 100vw, 563px\" \/>\t\t\t\t\t\t\t\t\t\t\t\t\t\t\t<\/div>\n\t\t\t\t<\/div>\n\t\t\t\t\t<\/div>\n\t\t<\/div>\n\t\t\t\t\t\t\t<\/div>\n\t\t<\/section>\n\t\t\t\t<section class=\"elementor-section elementor-top-section elementor-element elementor-element-cfbd39b elementor-section-boxed elementor-section-height-default elementor-section-height-default\" data-id=\"cfbd39b\" data-element_type=\"section\">\n\t\t\t\t\t\t<div class=\"elementor-container elementor-column-gap-default\">\n\t\t\t\t\t<div class=\"elementor-column elementor-col-100 elementor-top-column elementor-element elementor-element-c6b231c\" data-id=\"c6b231c\" data-element_type=\"column\">\n\t\t\t<div class=\"elementor-widget-wrap elementor-element-populated\">\n\t\t\t\t\t\t\t\t<div class=\"elementor-element elementor-element-87af242 elementor-widget elementor-widget-text-editor\" data-id=\"87af242\" data-element_type=\"widget\" data-widget_type=\"text-editor.default\">\n\t\t\t\t<div class=\"elementor-widget-container\">\n\t\t\t<style>\/*! elementor - v3.16.0 - 17-10-2023 *\/\n.elementor-widget-text-editor.elementor-drop-cap-view-stacked .elementor-drop-cap{background-color:#69727d;color:#fff}.elementor-widget-text-editor.elementor-drop-cap-view-framed .elementor-drop-cap{color:#69727d;border:3px solid;background-color:transparent}.elementor-widget-text-editor:not(.elementor-drop-cap-view-default) .elementor-drop-cap{margin-top:8px}.elementor-widget-text-editor:not(.elementor-drop-cap-view-default) .elementor-drop-cap-letter{width:1em;height:1em}.elementor-widget-text-editor .elementor-drop-cap{float:left;text-align:center;line-height:1;font-size:50px}.elementor-widget-text-editor .elementor-drop-cap-letter{display:inline-block}<\/style>\t\t\t\t<p style=\"font-style: normal; font-variant-ligatures: normal; font-variant-caps: normal; font-weight: 400; font-size: 20.34px; font-family: Roboto, sans-serif;\">L&rsquo;espace aquatique, situ\u00e9 \u00e0 la Maison des G\u00e9n\u00e9rations et inaugur\u00e9 en 2018 au 1 rue de la Picherotte &#8211; 58110 Ch\u00e2tillon-en-Bazois.<\/p><p style=\"font-style: normal; font-variant-ligatures: normal; font-variant-caps: normal; font-weight: 400; font-size: 20.34px; font-family: Roboto, sans-serif;\">vous pouvez pratiquer des cours d&rsquo;aquagym douce, adultes, dynamique, et d&rsquo;aquaphobie.<\/p><p style=\"font-style: normal; font-variant-ligatures: normal; font-variant-caps: normal; font-weight: 400; font-size: 20.34px; font-family: Roboto, sans-serif;\">Pour toute information concernant les horaires et le tarif, n&rsquo;h\u00e9sitez pas \u00e0 nous contacter.<\/p>\t\t\t\t\t\t<\/div>\n\t\t\t\t<\/div>\n\t\t\t\t\t<\/div>\n\t\t<\/div>\n\t\t\t\t\t\t\t<\/div>\n\t\t<\/section>\n\t\t\t\t\t\t\t<\/div>\n\t\t","protected":false},"excerpt":{"rendered":"<p>Espace Aquatique L&rsquo;espace aquatique, situ\u00e9 \u00e0 la Maison des G\u00e9n\u00e9rations et inaugur\u00e9 en 2018 au 1 rue de la Picherotte &#8211; 58110 Ch\u00e2tillon-en-Bazois. vous pouvez pratiquer des cours d&rsquo;aquagym douce, adultes, dynamique, et d&rsquo;aquaphobie.&#46;&#46;&#46;<\/p>\n","protected":false},"author":1,"featured_media":0,"parent":0,"menu_order":0,"comment_status":"closed","ping_status":"closed","template":"","meta":{"_exactmetrics_skip_tracking":false,"_exactmetrics_sitenote_active":false,"_exactmetrics_sitenote_note":"","_exactmetrics_sitenote_category":0,"footnotes":""},"class_list":["post-3310","page","type-page","status-publish","hentry"],"_links":{"self":[{"href":"https:\/\/csbazois.org\/index.php\/wp-json\/wp\/v2\/pages\/3310","targetHints":{"allow":["GET"]}}],"collection":[{"href":"https:\/\/csbazois.org\/index.php\/wp-json\/wp\/v2\/pages"}],"about":[{"href":"https:\/\/csbazois.org\/index.php\/wp-json\/wp\/v2\/types\/page"}],"author":[{"embeddable":true,"href":"https:\/\/csbazois.org\/index.php\/wp-json\/wp\/v2\/users\/1"}],"replies":[{"embeddable":true,"href":"https:\/\/csbazois.org\/index.php\/wp-json\/wp\/v2\/comments?post=3310"}],"version-history":[{"count":52,"href":"https:\/\/csbazois.org\/index.php\/wp-json\/wp\/v2\/pages\/3310\/revisions"}],"predecessor-version":[{"id":4701,"href":"https:\/\/csbazois.org\/index.php\/wp-json\/wp\/v2\/pages\/3310\/revisions\/4701"}],"wp:attachment":[{"href":"https:\/\/csbazois.org\/index.php\/wp-json\/wp\/v2\/media?parent=3310"}],"curies":[{"name":"wp","href":"https:\/\/api.w.org\/{rel}","templated":true}]}}