{"id":3114,"date":"2022-08-09T11:11:00","date_gmt":"2022-08-09T09:11:00","guid":{"rendered":"https:\/\/csbazois.org\/?page_id=3114"},"modified":"2026-04-14T11:57:30","modified_gmt":"2026-04-14T09:57:30","slug":"elementor-3114","status":"publish","type":"page","link":"https:\/\/csbazois.org\/index.php\/elementor-3114\/","title":{"rendered":"LAEP"},"content":{"rendered":"\t\t<div data-elementor-type=\"wp-page\" data-elementor-id=\"3114\" class=\"elementor elementor-3114\">\n\t\t\t\t\t\t\t\t\t<section class=\"elementor-section elementor-top-section elementor-element elementor-element-f414788 elementor-section-boxed elementor-section-height-default elementor-section-height-default\" data-id=\"f414788\" data-element_type=\"section\">\n\t\t\t\t\t\t<div class=\"elementor-container elementor-column-gap-default\">\n\t\t\t\t\t<div class=\"elementor-column elementor-col-100 elementor-top-column elementor-element elementor-element-c56c2ec\" data-id=\"c56c2ec\" data-element_type=\"column\">\n\t\t\t<div class=\"elementor-widget-wrap elementor-element-populated\">\n\t\t\t\t\t\t\t\t<div class=\"elementor-element elementor-element-1e201a5 elementor-widget elementor-widget-heading\" data-id=\"1e201a5\" data-element_type=\"widget\" data-widget_type=\"heading.default\">\n\t\t\t\t<div class=\"elementor-widget-container\">\n\t\t\t<style>\/*! elementor - v3.16.0 - 17-10-2023 *\/\n.elementor-heading-title{padding:0;margin:0;line-height:1}.elementor-widget-heading .elementor-heading-title[class*=elementor-size-]>a{color:inherit;font-size:inherit;line-height:inherit}.elementor-widget-heading .elementor-heading-title.elementor-size-small{font-size:15px}.elementor-widget-heading .elementor-heading-title.elementor-size-medium{font-size:19px}.elementor-widget-heading .elementor-heading-title.elementor-size-large{font-size:29px}.elementor-widget-heading .elementor-heading-title.elementor-size-xl{font-size:39px}.elementor-widget-heading .elementor-heading-title.elementor-size-xxl{font-size:59px}<\/style><h2 class=\"elementor-heading-title elementor-size-default\"><section class=\"elementor-section elementor-top-section elementor-element elementor-element-fc92b9a elementor-section-boxed elementor-section-height-default elementor-section-height-default\" data-id=\"fc92b9a\" data-element_type=\"section\" style=\"font-style: normal; font-variant-ligatures: normal; font-variant-caps: normal; font-weight: 300; font-size: 20.34px; font-family: Tahoma, sans-serif; color: rgb(102, 102, 102); letter-spacing: normal; white-space: normal;\"><div class=\"elementor-container elementor-column-gap-default\"><div class=\"elementor-column elementor-col-100 elementor-top-column elementor-element elementor-element-e0d1847\" data-id=\"e0d1847\" data-element_type=\"column\" style=\"width: 720px;\"><div class=\"elementor-widget-wrap elementor-element-populated\" style=\"width: 720px;\"><div class=\"elementor-element elementor-element-9ecddd0 elementor-widget elementor-widget-heading\" data-id=\"9ecddd0\" data-element_type=\"widget\" data-widget_type=\"heading.default\" style=\"width: 700px; text-align: center;\"><div class=\"elementor-widget-container\"><h2 class=\"elementor-heading-title elementor-size-default\" style=\"font-weight: 600; font-family: &quot;Euphoria Script&quot;, sans-serif;\">Lieu d'Accueil Enfants Parents<\/h2><\/div><\/div><\/div><\/div><\/div><\/section><section class=\"elementor-section elementor-top-section elementor-element elementor-element-1c224d3 elementor-section-boxed elementor-section-height-default elementor-section-height-default\" data-id=\"1c224d3\" data-element_type=\"section\" style=\"font-style: normal; font-variant-ligatures: normal; font-variant-caps: normal; font-weight: 300; font-size: 20.34px; font-family: Tahoma, sans-serif; color: rgb(102, 102, 102); letter-spacing: normal; white-space: normal;\"><div class=\"elementor-container elementor-column-gap-default\"><div class=\"elementor-column elementor-col-16 elementor-top-column elementor-element elementor-element-d2453db\" data-id=\"d2453db\" data-element_type=\"column\" style=\"width: 119.984px;\"><\/div><\/div><\/section><\/h2>\t\t<\/div>\n\t\t\t\t<\/div>\n\t\t\t\t\t<\/div>\n\t\t<\/div>\n\t\t\t\t\t\t\t<\/div>\n\t\t<\/section>\n\t\t\t\t<section class=\"elementor-section elementor-top-section elementor-element elementor-element-137ad6c elementor-section-boxed elementor-section-height-default elementor-section-height-default\" data-id=\"137ad6c\" data-element_type=\"section\">\n\t\t\t\t\t\t<div class=\"elementor-container elementor-column-gap-default\">\n\t\t\t\t\t<div class=\"elementor-column elementor-col-100 elementor-top-column elementor-element elementor-element-d0f132d\" data-id=\"d0f132d\" data-element_type=\"column\">\n\t\t\t<div class=\"elementor-widget-wrap elementor-element-populated\">\n\t\t\t\t\t\t\t\t<div class=\"elementor-element elementor-element-e1efe24 elementor-widget elementor-widget-text-editor\" data-id=\"e1efe24\" data-element_type=\"widget\" data-widget_type=\"text-editor.default\">\n\t\t\t\t<div class=\"elementor-widget-container\">\n\t\t\t<style>\/*! elementor - v3.16.0 - 17-10-2023 *\/\n.elementor-widget-text-editor.elementor-drop-cap-view-stacked .elementor-drop-cap{background-color:#69727d;color:#fff}.elementor-widget-text-editor.elementor-drop-cap-view-framed .elementor-drop-cap{color:#69727d;border:3px solid;background-color:transparent}.elementor-widget-text-editor:not(.elementor-drop-cap-view-default) .elementor-drop-cap{margin-top:8px}.elementor-widget-text-editor:not(.elementor-drop-cap-view-default) .elementor-drop-cap-letter{width:1em;height:1em}.elementor-widget-text-editor .elementor-drop-cap{float:left;text-align:center;line-height:1;font-size:50px}.elementor-widget-text-editor .elementor-drop-cap-letter{display:inline-block}<\/style>\t\t\t\t<p><a href=\"nadine.juin@csbazois.org\">nadine.juin@csbazois.org<\/a><\/p>\n<p>Le Lieu d&rsquo;Accueil Enfants Parents (LAEP) est un espace convivial, de ressources, d&rsquo;\u00e9changes, de rencontres et de jeux, ouvert aux enfants de 0 \u00e0 3 ans (plus \u00e2g\u00e9s lors des vacances scolaires) accompagn\u00e9s de leurs parents ou de l&rsquo;adulte responsable.<\/p>\n<p>Il est un outil d&rsquo;accompagnement \u00e0 la parentalit\u00e9, soutenu financi\u00e8rement par la Caisse d&rsquo;Allocations Familiales et la Mutualit\u00e9 Sociale Agricole de la Ni\u00e8vre, ainsi que la Communaut\u00e9 de Communes Bazois Loire Morvan.<\/p>\n<p>Le LAEP permet de participer \u00e0 l&rsquo;\u00e9veil et \u00e0 la socialisation de l&rsquo;enfant, et d&rsquo;apporter un appui aux parents dans l&rsquo;exercice de leur r\u00f4le parental. C&rsquo;est aussi un lieu de plaisir partag\u00e9, dans un espace ludique, cr\u00e9atif et s\u00e9curisant.<\/p>\n<p>Le LAEP vous accueille tous les mardis matins de 9h \u00e0 11h30, \u00e0 la Maison de la Parentalit\u00e9 \u00e0 c\u00f4t\u00e9 du Centre Social. Il est gratuit, respecte l&rsquo;anonymat et la confidentialit\u00e9.\u00a0<\/p>\n<p><strong>En raison des travaux qui vont d\u00e9buter \u00e0 la Maison de la Parentalit\u00e9 en septembre prochain, le LAEP est d\u00e9localis\u00e9, pendant cette p\u00e9riode, \u00e0 la Maison de la Petite Enfance \u00e0 ALLUY, aux m\u00eames jours et horaires d&rsquo;accueil.<\/strong><\/p>\n<p>Pour plus de renseignements, vous pouvez contacter Nadine JUIN, R\u00e9f\u00e9rente Familles en charge du LAEP \u00e0 l&rsquo;adresse mail suivante : nadine.juin@csbazois.org ou par t\u00e9l\u00e9phone au 06.75.45.58.43.<\/p>\t\t\t\t\t\t<\/div>\n\t\t\t\t<\/div>\n\t\t\t\t\t<\/div>\n\t\t<\/div>\n\t\t\t\t\t\t\t<\/div>\n\t\t<\/section>\n\t\t\t\t<section class=\"elementor-section elementor-top-section elementor-element elementor-element-663f95f elementor-section-boxed elementor-section-height-default elementor-section-height-default\" data-id=\"663f95f\" data-element_type=\"section\">\n\t\t\t\t\t\t<div class=\"elementor-container elementor-column-gap-default\">\n\t\t\t\t\t<div class=\"elementor-column elementor-col-100 elementor-top-column elementor-element elementor-element-60763cb\" data-id=\"60763cb\" data-element_type=\"column\">\n\t\t\t<div class=\"elementor-widget-wrap\">\n\t\t\t\t\t\t\t\t\t<\/div>\n\t\t<\/div>\n\t\t\t\t\t\t\t<\/div>\n\t\t<\/section>\n\t\t\t\t\t\t\t<\/div>\n\t\t","protected":false},"excerpt":{"rendered":"<p>Lieu d&rsquo;Accueil Enfants Parents nadine.juin@csbazois.org Le Lieu d&rsquo;Accueil Enfants Parents (LAEP) est un espace convivial, de ressources, d&rsquo;\u00e9changes, de rencontres et de jeux, ouvert aux enfants de 0 \u00e0 3 ans (plus \u00e2g\u00e9s lors&#46;&#46;&#46;<\/p>\n","protected":false},"author":1,"featured_media":0,"parent":0,"menu_order":0,"comment_status":"closed","ping_status":"closed","template":"","meta":{"_exactmetrics_skip_tracking":false,"_exactmetrics_sitenote_active":false,"_exactmetrics_sitenote_note":"","_exactmetrics_sitenote_category":0,"footnotes":""},"class_list":["post-3114","page","type-page","status-publish","hentry"],"_links":{"self":[{"href":"https:\/\/csbazois.org\/index.php\/wp-json\/wp\/v2\/pages\/3114","targetHints":{"allow":["GET"]}}],"collection":[{"href":"https:\/\/csbazois.org\/index.php\/wp-json\/wp\/v2\/pages"}],"about":[{"href":"https:\/\/csbazois.org\/index.php\/wp-json\/wp\/v2\/types\/page"}],"author":[{"embeddable":true,"href":"https:\/\/csbazois.org\/index.php\/wp-json\/wp\/v2\/users\/1"}],"replies":[{"embeddable":true,"href":"https:\/\/csbazois.org\/index.php\/wp-json\/wp\/v2\/comments?post=3114"}],"version-history":[{"count":42,"href":"https:\/\/csbazois.org\/index.php\/wp-json\/wp\/v2\/pages\/3114\/revisions"}],"predecessor-version":[{"id":4775,"href":"https:\/\/csbazois.org\/index.php\/wp-json\/wp\/v2\/pages\/3114\/revisions\/4775"}],"wp:attachment":[{"href":"https:\/\/csbazois.org\/index.php\/wp-json\/wp\/v2\/media?parent=3114"}],"curies":[{"name":"wp","href":"https:\/\/api.w.org\/{rel}","templated":true}]}}