{"id":26,"date":"2016-10-20T11:37:41","date_gmt":"2016-10-20T09:37:41","guid":{"rendered":"http:\/\/csbazois.org\/?page_id=26"},"modified":"2024-05-14T11:57:17","modified_gmt":"2024-05-14T09:57:17","slug":"accueil-de-jour","status":"publish","type":"page","link":"https:\/\/csbazois.org\/index.php\/accueil-de-jour\/","title":{"rendered":"Accueil de Jour"},"content":{"rendered":"\t\t<div data-elementor-type=\"wp-page\" data-elementor-id=\"26\" class=\"elementor elementor-26\">\n\t\t\t\t\t\t\t\t\t<section class=\"elementor-section elementor-top-section elementor-element elementor-element-726a41a elementor-section-boxed elementor-section-height-default elementor-section-height-default\" data-id=\"726a41a\" data-element_type=\"section\">\n\t\t\t\t\t\t<div class=\"elementor-container elementor-column-gap-default\">\n\t\t\t\t\t<div class=\"elementor-column elementor-col-100 elementor-top-column elementor-element elementor-element-b4032a2\" data-id=\"b4032a2\" data-element_type=\"column\">\n\t\t\t<div class=\"elementor-widget-wrap elementor-element-populated\">\n\t\t\t\t\t\t\t\t<div class=\"elementor-element elementor-element-5553317 elementor-widget elementor-widget-heading\" data-id=\"5553317\" data-element_type=\"widget\" data-widget_type=\"heading.default\">\n\t\t\t\t<div class=\"elementor-widget-container\">\n\t\t\t<style>\/*! elementor - v3.16.0 - 17-10-2023 *\/\n.elementor-heading-title{padding:0;margin:0;line-height:1}.elementor-widget-heading .elementor-heading-title[class*=elementor-size-]>a{color:inherit;font-size:inherit;line-height:inherit}.elementor-widget-heading .elementor-heading-title.elementor-size-small{font-size:15px}.elementor-widget-heading .elementor-heading-title.elementor-size-medium{font-size:19px}.elementor-widget-heading .elementor-heading-title.elementor-size-large{font-size:29px}.elementor-widget-heading .elementor-heading-title.elementor-size-xl{font-size:39px}.elementor-widget-heading .elementor-heading-title.elementor-size-xxl{font-size:59px}<\/style><h2 class=\"elementor-heading-title elementor-size-default\">Accueils de Jour de Chatillon en Bazois et Saint Honor\u00e9 Les Bains<\/h2>\t\t<\/div>\n\t\t\t\t<\/div>\n\t\t\t\t\t<\/div>\n\t\t<\/div>\n\t\t\t\t\t\t\t<\/div>\n\t\t<\/section>\n\t\t\t\t<section class=\"elementor-section elementor-top-section elementor-element elementor-element-4db49a4c elementor-section-boxed elementor-section-height-default elementor-section-height-default\" data-id=\"4db49a4c\" data-element_type=\"section\">\n\t\t\t\t\t\t<div class=\"elementor-container elementor-column-gap-default\">\n\t\t\t\t\t<div class=\"elementor-column elementor-col-100 elementor-top-column elementor-element elementor-element-4459340\" data-id=\"4459340\" data-element_type=\"column\">\n\t\t\t<div class=\"elementor-widget-wrap elementor-element-populated\">\n\t\t\t\t\t\t\t\t<div class=\"elementor-element elementor-element-97dc517 elementor-widget elementor-widget-e_image_hover_effects\" data-id=\"97dc517\" data-element_type=\"widget\" data-widget_type=\"e_image_hover_effects.default\">\n\t\t\t\t<div class=\"elementor-widget-container\">\n\t\t\t\t\t\t<a href=\"http:\/\/csbazois.org\/wp-content\/uploads\/2024\/05\/Bulletin-Activites-Accueil-de-Jour-2020-2021.pdf\" target=\"_blank\">\n\t\t\t\t\t<div class=\"eihe-box eihe-shutter-out-diag-2 eihe_center\">\n\t\t\t\t<img loading=\"lazy\" decoding=\"async\" width=\"768\" height=\"271\" src=\"https:\/\/csbazois.org\/wp-content\/uploads\/2024\/05\/Capture-decran-2024-05-14-115622-768x271.jpg\" class=\"attachment-medium_large size-medium_large wp-image-4632\" alt=\"\" srcset=\"https:\/\/csbazois.org\/wp-content\/uploads\/2024\/05\/Capture-decran-2024-05-14-115622-768x271.jpg 768w, https:\/\/csbazois.org\/wp-content\/uploads\/2024\/05\/Capture-decran-2024-05-14-115622-300x106.jpg 300w, https:\/\/csbazois.org\/wp-content\/uploads\/2024\/05\/Capture-decran-2024-05-14-115622-1024x361.jpg 1024w, https:\/\/csbazois.org\/wp-content\/uploads\/2024\/05\/Capture-decran-2024-05-14-115622.jpg 1502w\" sizes=\"auto, (max-width: 768px) 100vw, 768px\" \/>\t\t\t\t<div class=\"eihe-caption\">\n\t\t\t\t\t<div class=\"eihe-title-cover\">\n\t\t\t\t\t\t\t\t\t\t\t\t<h3 class=\"eihe-title\">Plaquette d'information<\/h3>\n\t\t\t\t\t\t\t\t\t\t\t<\/div>\n\t\t\t\t\t<p>Cliquez pour ouvrir<\/p>\n\t\t\t\t<\/div>\n\t\t\t<\/div>\n\t\t\t\t\t<\/a>\n\t\t\t\t<\/div>\n\t\t\t\t<\/div>\n\t\t\t\t<div class=\"elementor-element elementor-element-208a5867 elementor-widget elementor-widget-text-editor\" data-id=\"208a5867\" data-element_type=\"widget\" data-widget_type=\"text-editor.default\">\n\t\t\t\t<div class=\"elementor-widget-container\">\n\t\t\t<style>\/*! elementor - v3.16.0 - 17-10-2023 *\/\n.elementor-widget-text-editor.elementor-drop-cap-view-stacked .elementor-drop-cap{background-color:#69727d;color:#fff}.elementor-widget-text-editor.elementor-drop-cap-view-framed .elementor-drop-cap{color:#69727d;border:3px solid;background-color:transparent}.elementor-widget-text-editor:not(.elementor-drop-cap-view-default) .elementor-drop-cap{margin-top:8px}.elementor-widget-text-editor:not(.elementor-drop-cap-view-default) .elementor-drop-cap-letter{width:1em;height:1em}.elementor-widget-text-editor .elementor-drop-cap{float:left;text-align:center;line-height:1;font-size:50px}.elementor-widget-text-editor .elementor-drop-cap-letter{display:inline-block}<\/style>\t\t\t\t<p style=\"text-align: justify;\">\u00a0<\/p><p style=\"text-align: justify;\"><img loading=\"lazy\" decoding=\"async\" class=\"wp-image-245 aligncenter\" src=\"http:\/\/csbazois.org\/wp-content\/uploads\/2016\/10\/IMG_0911-300x225.jpg\" alt=\"img_0911\" width=\"300\" height=\"225\" srcset=\"https:\/\/csbazois.org\/wp-content\/uploads\/2016\/10\/IMG_0911-300x225.jpg 300w, https:\/\/csbazois.org\/wp-content\/uploads\/2016\/10\/IMG_0911-768x576.jpg 768w, https:\/\/csbazois.org\/wp-content\/uploads\/2016\/10\/IMG_0911-1024x768.jpg 1024w, https:\/\/csbazois.org\/wp-content\/uploads\/2016\/10\/IMG_0911-105x80.jpg 105w\" sizes=\"auto, (max-width: 300px) 100vw, 300px\" \/>L&rsquo;Accueil de Jour s&rsquo;adresse aux personnes en perte d&rsquo;autonomie physique et\/ou qui pr\u00e9sentent des troubles de la perception de la m\u00e9moire, du langage et du raisonnement.<\/p><p style=\"text-align: justify;\">L\u2019accueil de Jour de Ch\u00e2tillon en Bazois vous accueille au 1, Rue de la Picherotte, dans un logement au rez-de-chauss\u00e9e de la Maison des G\u00e9n\u00e9rations, tous les jours de la semaine sauf le Mercredi et le Week-end de 10h \u00e0 16h. L&rsquo;accueil de Jour de Saint Honor\u00e9 les Bains vous accueille, quant \u00e0 lui, au 3, rue des caves, dans une maison restaur\u00e9e par le centre social, tous les jours de la semaine sauf le Mercredi et le Week-end de 10h \u00e0 16h, \u00e9galement. Vous pouvez b\u00e9n\u00e9ficier d&rsquo;un transport par nos soins pour les deux sites, ou vous faire accompagner par un membre de votre famille. Les transports pour le site de Saint Honor\u00e9 les Bains sont assur\u00e9s par le centre social de Moulins Engilbert, qui est notre partenaire.<\/p><p style=\"text-align: justify;\">Le local propose un lieu d\u2019accueil agr\u00e9able, comprenant une salle d\u2019activit\u00e9s, un espace cuisine, un espace repas, un espace repos, ainsi que des sanitaires adapt\u00e9s.<\/p><p style=\"text-align: justify;\"><img loading=\"lazy\" decoding=\"async\" class=\"wp-image-243 aligncenter\" src=\"http:\/\/csbazois.org\/wp-content\/uploads\/2016\/10\/IMG_0086-300x225.jpg\" alt=\"img_0086\" width=\"250\" height=\"187\" srcset=\"https:\/\/csbazois.org\/wp-content\/uploads\/2016\/10\/IMG_0086-300x225.jpg 300w, https:\/\/csbazois.org\/wp-content\/uploads\/2016\/10\/IMG_0086-768x576.jpg 768w, https:\/\/csbazois.org\/wp-content\/uploads\/2016\/10\/IMG_0086-1024x768.jpg 1024w, https:\/\/csbazois.org\/wp-content\/uploads\/2016\/10\/IMG_0086-105x80.jpg 105w\" sizes=\"auto, (max-width: 250px) 100vw, 250px\" \/><\/p><p style=\"text-align: justify;\">L\u2019accueil de Jour est un lieu de vie ordinaire, clair, spacieux et ouvert sur un charmant espace de verdure am\u00e9nag\u00e9 d\u2019un patio lui-m\u00eame agr\u00e9ment\u00e9 d\u2019un salon de jardin.<\/p><p style=\"text-align: justify;\">Lorsque nous d\u00e9crivons cet espace par \u00ab ordinaire \u00bb, il est utile de pr\u00e9ciser que ce lieu ne sera pas un endroit o\u00f9 seront dispens\u00e9s des soins m\u00e9dicaux et sanitaires.<\/p><p style=\"text-align: justify;\">Une \u00e9quipe de 2 professionnels qualifi\u00e9s, (aide m\u00e9dico psychologique) accueillera les personnes, qui ne seront jamais plus de 6, et les fera participer \u00e0 des activit\u00e9s simples comme prendre le temps de s\u2019accueillir mutuellement autour d\u2019un petit caf\u00e9 \u00e0 10h pr\u00e9par\u00e9 par les premiers arriv\u00e9s, un groupe ira faire des courses pendant qu\u2019un autre groupe pr\u00e9parera le repas de midi, une activit\u00e9 sera propos\u00e9e avant de mettre le couvert (jeu de soci\u00e9t\u00e9 par exemple).<\/p><p style=\"text-align: justify;\"><img loading=\"lazy\" decoding=\"async\" class=\"wp-image-1585 size-medium aligncenter\" src=\"http:\/\/csbazois.org\/wp-content\/uploads\/2020\/02\/IMG_0103-300x225.jpg\" alt=\"\" width=\"300\" height=\"225\" srcset=\"https:\/\/csbazois.org\/wp-content\/uploads\/2020\/02\/IMG_0103-300x225.jpg 300w, https:\/\/csbazois.org\/wp-content\/uploads\/2020\/02\/IMG_0103-768x576.jpg 768w, https:\/\/csbazois.org\/wp-content\/uploads\/2020\/02\/IMG_0103-1024x768.jpg 1024w, https:\/\/csbazois.org\/wp-content\/uploads\/2020\/02\/IMG_0103-105x80.jpg 105w\" sizes=\"auto, (max-width: 300px) 100vw, 300px\" \/><\/p><p style=\"text-align: justify;\">Apr\u00e8s le repas, il sera propos\u00e9 un temps de repos au salon, musique, temps de parole, chant ou autre, en fonction de ce que les personnes pr\u00e9sentes appr\u00e9cieront. Une activit\u00e9 plus soutenue sera propos\u00e9e ensuite : une activit\u00e9 cr\u00e9ation, bricolage, couture, peinture, modelage, tricot, jardinage, ce qui plaira aux personnes accueillies.<\/p><p style=\"text-align: justify;\">Nous avons enrichi le jardin de plusieurs vari\u00e9t\u00e9s de l\u00e9gumes et de fruits, que nous esp\u00e9rons bient\u00f4t d\u00e9guster. Nous l&rsquo;avons agr\u00e9ment\u00e9 de fleurs pour le plaisir des yeux et la beaut\u00e9 des lieux. Plusieurs sorties ont \u00e9t\u00e9 organis\u00e9es, appr\u00e9ci\u00e9es de chacun. Entre autre, nous avons eu la joie de partager le Repas du Club de l&rsquo;Age d&rsquo;Or, suivi d&rsquo;un loto. D&rsquo;autres projets sont en pr\u00e9paration : exposition d&rsquo;\u0153uvres d&rsquo;art \u00e0 Ch\u00e2teau-Chinon et Saint Honor\u00e9 les Bains, pique-nique au bord de l&rsquo;eau\u2026<\/p><p style=\"text-align: justify;\">Une collation sera servie avant le retour chez soi pour prendre le temps de faire le bilan de la journ\u00e9e ensemble (ce qui a plu, ce qui a d\u00e9plu et ce qu\u2019on pourrait faire une prochaine fois) et de se dire au revoir.<\/p><p style=\"text-align: justify;\">Nous vous invitons \u00e0 venir nous rencontrer, si vous avez des h\u00e9sitations, nous serons \u00e0 votre \u00e9coute afin de vous expliquer et vous faire d\u00e9couvrir le fonctionnement de l&rsquo;Accueil de Jour.<\/p>\t\t\t\t\t\t<\/div>\n\t\t\t\t<\/div>\n\t\t\t\t\t<\/div>\n\t\t<\/div>\n\t\t\t\t\t\t\t<\/div>\n\t\t<\/section>\n\t\t\t\t\t\t\t<\/div>\n\t\t","protected":false},"excerpt":{"rendered":"<p>Accueils de Jour de Chatillon en Bazois et Saint Honor\u00e9 Les Bains Plaquette d&rsquo;information Cliquez pour ouvrir \u00a0 L&rsquo;Accueil de Jour s&rsquo;adresse aux personnes en perte d&rsquo;autonomie physique et\/ou qui pr\u00e9sentent des troubles de&#46;&#46;&#46;<\/p>\n","protected":false},"author":1,"featured_media":0,"parent":0,"menu_order":0,"comment_status":"closed","ping_status":"closed","template":"","meta":{"_exactmetrics_skip_tracking":false,"_exactmetrics_sitenote_active":false,"_exactmetrics_sitenote_note":"","_exactmetrics_sitenote_category":0,"footnotes":""},"class_list":["post-26","page","type-page","status-publish","hentry"],"_links":{"self":[{"href":"https:\/\/csbazois.org\/index.php\/wp-json\/wp\/v2\/pages\/26","targetHints":{"allow":["GET"]}}],"collection":[{"href":"https:\/\/csbazois.org\/index.php\/wp-json\/wp\/v2\/pages"}],"about":[{"href":"https:\/\/csbazois.org\/index.php\/wp-json\/wp\/v2\/types\/page"}],"author":[{"embeddable":true,"href":"https:\/\/csbazois.org\/index.php\/wp-json\/wp\/v2\/users\/1"}],"replies":[{"embeddable":true,"href":"https:\/\/csbazois.org\/index.php\/wp-json\/wp\/v2\/comments?post=26"}],"version-history":[{"count":45,"href":"https:\/\/csbazois.org\/index.php\/wp-json\/wp\/v2\/pages\/26\/revisions"}],"predecessor-version":[{"id":4636,"href":"https:\/\/csbazois.org\/index.php\/wp-json\/wp\/v2\/pages\/26\/revisions\/4636"}],"wp:attachment":[{"href":"https:\/\/csbazois.org\/index.php\/wp-json\/wp\/v2\/media?parent=26"}],"curies":[{"name":"wp","href":"https:\/\/api.w.org\/{rel}","templated":true}]}}